{"id":9752,"date":"2021-11-12T09:28:56","date_gmt":"2021-11-12T08:28:56","guid":{"rendered":"https:\/\/laverteshop.fr\/?post_type=product&#038;p=9752"},"modified":"2025-07-15T15:04:12","modified_gmt":"2025-07-15T13:04:12","slug":"gizeh-extra-fina-king-size-slim","status":"publish","type":"product","link":"https:\/\/laverteshop.fr\/sv\/produkt\/gizeh-extra-fina-king-size-slim\/","title":{"rendered":"Gizeh extra fin King size smal"},"content":{"rendered":"<p>GIZEH extra fina king size-slimmade lakan med magnetf\u00f6rslutning.<\/p>\n<p>Dessa Gizeh-ark k\u00e4nnetecknas av sitt unika fina papper och l\u00e5ngsamma f\u00f6rbr\u00e4nning.<\/p>\n<p>De \u00e4r tillverkade av cellulosa och har en stor klibbig yta. Magnetf\u00f6rslutningen ger optimalt skydd f\u00f6r dina ark!<\/p>","protected":false},"excerpt":{"rendered":"<p>GIZEH extra fina king size-slimmade lakan med magnetf\u00f6rslutning.<\/p>\n<p>Dessa Gizeh-ark har ett unikt fint papper och en l\u00e5ngsam br\u00e4nning. De \u00e4r tillverkade av cellulosa och har en stor klibbig yta. Magnetf\u00f6rslutningen ger ett optimalt skydd f\u00f6r dina ark!<\/p>\n<ul>\n<li>Storlek: 107*44 mm<\/li>\n<li>Grammatur: 14g\/qm2<\/li>\n<li>33 ark per f\u00f6rpackning<\/li>\n<\/ul>","protected":false},"featured_media":9771,"comment_status":"open","ping_status":"closed","template":"","meta":{"inline_featured_image":false},"product_brand":[212],"product_cat":[196],"product_tag":[217],"class_list":{"0":"post-9752","1":"product","2":"type-product","3":"status-publish","4":"has-post-thumbnail","6":"product_brand-gizeh","7":"product_cat-feuilles-a-rouler","8":"product_tag-feuilles","10":"first","11":"instock","12":"taxable","13":"shipping-taxable","14":"purchasable","15":"product-type-simple"},"jetpack_sharing_enabled":true,"_links":{"self":[{"href":"https:\/\/laverteshop.fr\/sv\/wp-json\/wp\/v2\/product\/9752","targetHints":{"allow":["GET"]}}],"collection":[{"href":"https:\/\/laverteshop.fr\/sv\/wp-json\/wp\/v2\/product"}],"about":[{"href":"https:\/\/laverteshop.fr\/sv\/wp-json\/wp\/v2\/types\/product"}],"replies":[{"embeddable":true,"href":"https:\/\/laverteshop.fr\/sv\/wp-json\/wp\/v2\/comments?post=9752"}],"wp:featuredmedia":[{"embeddable":true,"href":"https:\/\/laverteshop.fr\/sv\/wp-json\/wp\/v2\/media\/9771"}],"wp:attachment":[{"href":"https:\/\/laverteshop.fr\/sv\/wp-json\/wp\/v2\/media?parent=9752"}],"wp:term":[{"taxonomy":"product_brand","embeddable":true,"href":"https:\/\/laverteshop.fr\/sv\/wp-json\/wp\/v2\/product_brand?post=9752"},{"taxonomy":"product_cat","embeddable":true,"href":"https:\/\/laverteshop.fr\/sv\/wp-json\/wp\/v2\/product_cat?post=9752"},{"taxonomy":"product_tag","embeddable":true,"href":"https:\/\/laverteshop.fr\/sv\/wp-json\/wp\/v2\/product_tag?post=9752"}],"curies":[{"name":"wp","href":"https:\/\/api.w.org\/{rel}","templated":true}]}}