{"id":9739,"date":"2021-11-11T15:55:34","date_gmt":"2021-11-11T14:55:34","guid":{"rendered":"https:\/\/laverteshop.fr\/?post_type=product&#038;p=9739"},"modified":"2025-07-15T15:04:15","modified_gmt":"2025-07-15T13:04:15","slug":"seda-filtres-bio","status":"publish","type":"product","link":"https:\/\/laverteshop.fr\/sv\/produkt\/seda-filtres-bio\/","title":{"rendered":"SEDA Biofilter"},"content":{"rendered":"<p>Les filtres SEDA Bio sont enti\u00e8rement organiques. Faits \u00e0 partir de graine d&rsquo;amarante, ils sont respectueux de la plan\u00e8te et rendent votre d\u00e9gustation encore plus sp\u00e9ciale.<\/p>\n<p>Cirka 35 filter per f\u00f6rpackning.<\/p>\n<p>Ett litet pris f\u00f6r en symbolisk accessoar.<\/p>\n<p>Alla v\u00e5ra tillbeh\u00f6r och relaterade produkter \u00e4r noggrant utvalda efter deras sammans\u00e4ttning, rykte och anv\u00e4ndning. P\u00e5 v\u00e5r webbplats hittar du bara referensm\u00e4rken som v\u00e4cker goda minnen till liv.<\/p>","protected":false},"excerpt":{"rendered":"<p>Les filtres SEDA Bio sont enti\u00e8rement organiques. Faits \u00e0 partir de graine d&rsquo;amarante, ils sont respectueux de la plan\u00e8te et rendent votre d\u00e9gustation encore plus sp\u00e9ciale.<\/p>\n<p>Cirka 35 filter per f\u00f6rpackning.<\/p>\n<p>Ett litet pris f\u00f6r en symbolisk accessoar.<\/p>","protected":false},"featured_media":9745,"comment_status":"open","ping_status":"closed","template":"","meta":{"inline_featured_image":false},"product_brand":[223],"product_cat":[197],"product_tag":[218],"class_list":{"0":"post-9739","1":"product","2":"type-product","3":"status-publish","4":"has-post-thumbnail","6":"product_brand-seda","7":"product_cat-filtres","8":"product_tag-filtres","10":"first","11":"instock","12":"taxable","13":"shipping-taxable","14":"purchasable","15":"product-type-simple"},"jetpack_sharing_enabled":true,"_links":{"self":[{"href":"https:\/\/laverteshop.fr\/sv\/wp-json\/wp\/v2\/product\/9739","targetHints":{"allow":["GET"]}}],"collection":[{"href":"https:\/\/laverteshop.fr\/sv\/wp-json\/wp\/v2\/product"}],"about":[{"href":"https:\/\/laverteshop.fr\/sv\/wp-json\/wp\/v2\/types\/product"}],"replies":[{"embeddable":true,"href":"https:\/\/laverteshop.fr\/sv\/wp-json\/wp\/v2\/comments?post=9739"}],"wp:featuredmedia":[{"embeddable":true,"href":"https:\/\/laverteshop.fr\/sv\/wp-json\/wp\/v2\/media\/9745"}],"wp:attachment":[{"href":"https:\/\/laverteshop.fr\/sv\/wp-json\/wp\/v2\/media?parent=9739"}],"wp:term":[{"taxonomy":"product_brand","embeddable":true,"href":"https:\/\/laverteshop.fr\/sv\/wp-json\/wp\/v2\/product_brand?post=9739"},{"taxonomy":"product_cat","embeddable":true,"href":"https:\/\/laverteshop.fr\/sv\/wp-json\/wp\/v2\/product_cat?post=9739"},{"taxonomy":"product_tag","embeddable":true,"href":"https:\/\/laverteshop.fr\/sv\/wp-json\/wp\/v2\/product_tag?post=9739"}],"curies":[{"name":"wp","href":"https:\/\/api.w.org\/{rel}","templated":true}]}}