{"id":9608,"date":"2021-10-28T15:09:03","date_gmt":"2021-10-28T13:09:03","guid":{"rendered":"https:\/\/laverteshop.fr\/?post_type=product&#038;p=9608"},"modified":"2025-07-15T15:04:15","modified_gmt":"2025-07-15T13:04:15","slug":"lov-a-roll-dark-horse-black-king-size-slim-34-lov","status":"publish","type":"product","link":"https:\/\/laverteshop.fr\/sv\/produkt\/lov-a-roll-dark-horse-black-king-size-slim-34-lov\/","title":{"rendered":"Rullark - Dark Horse Black - King Size Slim - 34 ark"},"content":{"rendered":"","protected":false},"excerpt":{"rendered":"<p>L\u00e5da med 25 rullark - Dark Horse Black - King Size Slim.<\/p>\n<p>Inte bara f\u00f6r h\u00e4st\u00e4lskare, utan f\u00f6r alla som gillar att r\u00f6ka King Size-papper!<\/p>\n<p>Dessa l\u00e5nga, tunna papper kommer fr\u00e5n Dark Horse's Black-Edition och ger en l\u00e5ngsam, j\u00e4mn f\u00f6rbr\u00e4nning. Tuggummit \u00e4r tillverkat av naturligt arabiskt gummi 100%.<\/p>\n<ul>\n<li>M\u00e5tt: ca 44 x 109 mm.<\/li>\n<li>Vikt: 14 gram per qm\u00b2.<\/li>\n<li>34 ark per f\u00f6rpackning.<\/li>\n<li>25 f\u00f6rpackningar per kartong.<\/li>\n<\/ul>","protected":false},"featured_media":9607,"comment_status":"open","ping_status":"closed","template":"","meta":{"inline_featured_image":false},"product_brand":[221],"product_cat":[196,61],"product_tag":[217,218,222],"class_list":{"0":"post-9608","1":"product","2":"type-product","3":"status-publish","4":"has-post-thumbnail","6":"product_brand-dark-horse","7":"product_cat-feuilles-a-rouler","8":"product_cat-accessoires","9":"product_tag-feuilles","10":"product_tag-filtres","11":"product_tag-king-size-slim","13":"first","14":"instock","15":"taxable","16":"shipping-taxable","17":"purchasable","18":"product-type-simple"},"jetpack_sharing_enabled":true,"_links":{"self":[{"href":"https:\/\/laverteshop.fr\/sv\/wp-json\/wp\/v2\/product\/9608","targetHints":{"allow":["GET"]}}],"collection":[{"href":"https:\/\/laverteshop.fr\/sv\/wp-json\/wp\/v2\/product"}],"about":[{"href":"https:\/\/laverteshop.fr\/sv\/wp-json\/wp\/v2\/types\/product"}],"replies":[{"embeddable":true,"href":"https:\/\/laverteshop.fr\/sv\/wp-json\/wp\/v2\/comments?post=9608"}],"wp:featuredmedia":[{"embeddable":true,"href":"https:\/\/laverteshop.fr\/sv\/wp-json\/wp\/v2\/media\/9607"}],"wp:attachment":[{"href":"https:\/\/laverteshop.fr\/sv\/wp-json\/wp\/v2\/media?parent=9608"}],"wp:term":[{"taxonomy":"product_brand","embeddable":true,"href":"https:\/\/laverteshop.fr\/sv\/wp-json\/wp\/v2\/product_brand?post=9608"},{"taxonomy":"product_cat","embeddable":true,"href":"https:\/\/laverteshop.fr\/sv\/wp-json\/wp\/v2\/product_cat?post=9608"},{"taxonomy":"product_tag","embeddable":true,"href":"https:\/\/laverteshop.fr\/sv\/wp-json\/wp\/v2\/product_tag?post=9608"}],"curies":[{"name":"wp","href":"https:\/\/api.w.org\/{rel}","templated":true}]}}