{"id":9235,"date":"2021-09-24T08:41:14","date_gmt":"2021-09-24T06:41:14","guid":{"rendered":"https:\/\/laverteshop.fr\/?post_type=product&#038;p=9235"},"modified":"2026-03-09T07:16:26","modified_gmt":"2026-03-09T06:16:26","slug":"organisk-gron-20-cbd-olja","status":"publish","type":"product","link":"https:\/\/laverteshop.fr\/sv\/produkt\/organisk-gron-20-cbd-olja\/","title":{"rendered":"Organisk CBD-olja - La Verte - 20% CBD"},"content":{"rendered":"<p>Denna organiska CBD-olja - La Verte - 20% CBD \u00e4r perfekt om du har kronisk sm\u00e4rta eller s\u00f6mnproblem.<\/p>\n<p>V\u00e5r CBD-olja \u00e4r certifierad Swiss CBD-kvalitet. Det viktigaste f\u00f6r oss \u00e4r att kunna erbjuda dig oljor av utm\u00e4rkt v\u00e4rde, till \u00f6verkomliga och acceptabla priser, och i enlighet med de niv\u00e5er som godk\u00e4nts av EU-domstolen (0% THC).<\/p>\n<p>Vi rekommenderar att du kontaktar din l\u00e4kare, som kan ge dig r\u00e5d om hur du b\u00e4st anv\u00e4nder din CBD.<\/p>","protected":false},"excerpt":{"rendered":"<p>V\u00e5r organiska CBD-olja - La Verte - 20% CBD har utvecklats i Schweiz av forskare och forskare som vill producera den b\u00e4sta oljan f\u00f6r ditt v\u00e4lbefinnande.<\/p>\n<p>Denna 20% CBD-olja \u00e4r perfekt f\u00f6r s\u00f6mn, samt om du m\u00e5ste ta itu med \u00e5terkommande v\u00e4rk och sm\u00e4rta.<\/p>\n<p>Ses 20% de CBD agiront rapidement sur votre corps pour vous procurer le bien \u00eatre cherch\u00e9. C&rsquo;est une huile MCT, ce qui signifie qu&rsquo;elle est faite \u00e0 base d&rsquo;huile de coco, ce qui la rend plus l\u00e9g\u00e8re et donc parfait pour son utilisation.<\/p>","protected":false},"featured_media":9229,"comment_status":"open","ping_status":"closed","template":"","meta":{"inline_featured_image":false},"product_brand":[75],"product_cat":[60,243],"product_tag":[215,216],"class_list":{"0":"post-9235","1":"product","2":"type-product","3":"status-publish","4":"has-post-thumbnail","6":"product_brand-la-verte","7":"product_cat-bien-etre","8":"product_cat-huiles-cbd","9":"product_tag-bio","10":"product_tag-huile-cbd","12":"first","13":"outofstock","14":"taxable","15":"shipping-taxable","16":"purchasable","17":"product-type-simple"},"jetpack_sharing_enabled":true,"_links":{"self":[{"href":"https:\/\/laverteshop.fr\/sv\/wp-json\/wp\/v2\/product\/9235","targetHints":{"allow":["GET"]}}],"collection":[{"href":"https:\/\/laverteshop.fr\/sv\/wp-json\/wp\/v2\/product"}],"about":[{"href":"https:\/\/laverteshop.fr\/sv\/wp-json\/wp\/v2\/types\/product"}],"replies":[{"embeddable":true,"href":"https:\/\/laverteshop.fr\/sv\/wp-json\/wp\/v2\/comments?post=9235"}],"wp:featuredmedia":[{"embeddable":true,"href":"https:\/\/laverteshop.fr\/sv\/wp-json\/wp\/v2\/media\/9229"}],"wp:attachment":[{"href":"https:\/\/laverteshop.fr\/sv\/wp-json\/wp\/v2\/media?parent=9235"}],"wp:term":[{"taxonomy":"product_brand","embeddable":true,"href":"https:\/\/laverteshop.fr\/sv\/wp-json\/wp\/v2\/product_brand?post=9235"},{"taxonomy":"product_cat","embeddable":true,"href":"https:\/\/laverteshop.fr\/sv\/wp-json\/wp\/v2\/product_cat?post=9235"},{"taxonomy":"product_tag","embeddable":true,"href":"https:\/\/laverteshop.fr\/sv\/wp-json\/wp\/v2\/product_tag?post=9235"}],"curies":[{"name":"wp","href":"https:\/\/api.w.org\/{rel}","templated":true}]}}