{"id":9233,"date":"2021-09-24T08:29:10","date_gmt":"2021-09-24T06:29:10","guid":{"rendered":"https:\/\/laverteshop.fr\/?post_type=product&#038;p=9233"},"modified":"2025-07-15T15:04:20","modified_gmt":"2025-07-15T13:04:20","slug":"organisk-gron-10-cbd-olja","status":"publish","type":"product","link":"https:\/\/laverteshop.fr\/sv\/produkt\/organisk-gron-10-cbd-olja\/","title":{"rendered":"Organisk CBD-olja - La Verte - 10% CBD"},"content":{"rendered":"<p>Cette Huile de CBD Bio &#8211; La Verte &#8211; 10% CBD est parfaite si vous d\u00e9sirez utiliser un produit de force moyenne, pour vous aider si vous avez des probl\u00e8mes de sommeil ou d&rsquo;anxi\u00e9t\u00e9.<\/p>\n<p>V\u00e5r CBD-olja \u00e4r certifierad Swiss CBD-kvalitet. Det viktigaste f\u00f6r oss \u00e4r att kunna erbjuda dig oljor av utm\u00e4rkt v\u00e4rde, till \u00f6verkomliga och acceptabla priser, och i enlighet med de niv\u00e5er som godk\u00e4nts av EU-domstolen (0% THC).<\/p>\n<p>Vi rekommenderar att du kontaktar din l\u00e4kare, som kan ge dig r\u00e5d om hur du b\u00e4st anv\u00e4nder din CBD.<\/p>","protected":false},"excerpt":{"rendered":"<p>V\u00e5r organiska CBD-olja - La Verte - 10% CBD har utvecklats i Schweiz av forskare och forskare som vill producera den b\u00e4sta oljan f\u00f6r ditt v\u00e4lbefinnande.<\/p>\n<p>Cette huile 10% de CBD est parfaite pour le sommeil, et si vous \u00eates un consommateur plus ou moins r\u00e9gulier d&rsquo;huile. Elle peut \u00e9galement vous aider si vous avez des troubles d&rsquo;anxi\u00e9t\u00e9 ou de l&rsquo;\u00e9pilepsie. C&rsquo;est une huile MCT, ce qui signifie qu&rsquo;elle est faite \u00e0 base d&rsquo;huile de coco, ce qui la rend plus l\u00e9g\u00e8re et donc parfait pour son utilisation.<\/p>\n<table style=\"border-collapse: collapse; width: 243px; height: 214px;\" border=\"1\">\n<tbody>\n<tr>\n<td style=\"width: 50%; text-align: center;\"><strong>THC<\/strong><\/td>\n<td style=\"width: 50%; text-align: center;\"><strong>0%<\/strong><\/td>\n<\/tr>\n<tr>\n<td style=\"width: 50%; text-align: center;\"><strong>CBD<\/strong><\/td>\n<td style=\"width: 50%; text-align: center;\"><strong>10%<\/strong><\/td>\n<\/tr>\n<tr>\n<td style=\"width: 50%; text-align: center;\"><strong>CBG<\/strong><\/td>\n<td style=\"width: 50%; text-align: center;\"><b>N\/A<\/b><\/td>\n<\/tr>\n<tr>\n<td style=\"width: 50%; text-align: center;\"><b>Kultur<\/b><\/td>\n<td style=\"width: 50%; text-align: center;\"><b>Schweiz<\/b><\/td>\n<\/tr>\n<\/tbody>\n<\/table>\n<p>&nbsp;<\/p>","protected":false},"featured_media":9228,"comment_status":"open","ping_status":"closed","template":"","meta":{"inline_featured_image":false},"product_brand":[75],"product_cat":[60,243],"product_tag":[215,216],"class_list":{"0":"post-9233","1":"product","2":"type-product","3":"status-publish","4":"has-post-thumbnail","6":"product_brand-la-verte","7":"product_cat-bien-etre","8":"product_cat-huiles-cbd","9":"product_tag-bio","10":"product_tag-huile-cbd","12":"first","13":"instock","14":"taxable","15":"shipping-taxable","16":"purchasable","17":"product-type-simple"},"jetpack_sharing_enabled":true,"_links":{"self":[{"href":"https:\/\/laverteshop.fr\/sv\/wp-json\/wp\/v2\/product\/9233","targetHints":{"allow":["GET"]}}],"collection":[{"href":"https:\/\/laverteshop.fr\/sv\/wp-json\/wp\/v2\/product"}],"about":[{"href":"https:\/\/laverteshop.fr\/sv\/wp-json\/wp\/v2\/types\/product"}],"replies":[{"embeddable":true,"href":"https:\/\/laverteshop.fr\/sv\/wp-json\/wp\/v2\/comments?post=9233"}],"wp:featuredmedia":[{"embeddable":true,"href":"https:\/\/laverteshop.fr\/sv\/wp-json\/wp\/v2\/media\/9228"}],"wp:attachment":[{"href":"https:\/\/laverteshop.fr\/sv\/wp-json\/wp\/v2\/media?parent=9233"}],"wp:term":[{"taxonomy":"product_brand","embeddable":true,"href":"https:\/\/laverteshop.fr\/sv\/wp-json\/wp\/v2\/product_brand?post=9233"},{"taxonomy":"product_cat","embeddable":true,"href":"https:\/\/laverteshop.fr\/sv\/wp-json\/wp\/v2\/product_cat?post=9233"},{"taxonomy":"product_tag","embeddable":true,"href":"https:\/\/laverteshop.fr\/sv\/wp-json\/wp\/v2\/product_tag?post=9233"}],"curies":[{"name":"wp","href":"https:\/\/api.w.org\/{rel}","templated":true}]}}