{"id":8847,"date":"2021-08-31T09:16:13","date_gmt":"2021-08-31T07:16:13","guid":{"rendered":"https:\/\/laverteshop.fr\/?post_type=product&#038;p=8847"},"modified":"2025-07-15T15:10:42","modified_gmt":"2025-07-15T13:10:42","slug":"filter-a-charbon-active-actitube-extra-slim-6mm","status":"publish","type":"product","link":"https:\/\/laverteshop.fr\/sv\/produkt\/filter-a-charbon-active-actitube-extra-slim-6mm\/","title":{"rendered":"Actitube| Extra Slim 6mm aktivt kolfilter"},"content":{"rendered":"<p>- Filterm\u00e5tt: 6 x 27 mm<br \/>\n- Keramiska lock p\u00e5 b\u00e5da sidor<br \/>\n- 50 filter per f\u00f6rpackning<\/p>\n<p><strong>Vintertips :<\/strong><\/p>\n<p>Vid temperaturer under 5\u00b0C kan filtret bli igensatt. Detta orsakas av kondensering av r\u00f6k inuti filtret.<\/p>\n<p>D\u00e4rf\u00f6r \u00e4r det bra att r\u00f6ka inomhus under den kalla \u00e5rstiden, eller att h\u00e5lla r\u00f6ken borta fr\u00e5n huset.\u00a0<a href=\"https:\/\/laverteshop.fr\/sv\/produkt-kategori\/tillbehor\/filter\/\">filter<\/a>\u00a0tills du sl\u00e5r p\u00e5 den.<\/p>\n<p>F\u00f6r att du ska f\u00e5 b\u00e4sta m\u00f6jliga smakupplevelse s\u00e4ljer vi bara produkter av h\u00f6gsta kvalitet. Vi anv\u00e4nder f\u00f6rstklassiga material f\u00f6r att tillverka dem och de \u00e4r erk\u00e4nda v\u00e4rlden \u00f6ver.<\/p>\n<p>Priserna \u00e4r ocks\u00e5 mycket attraktiva f\u00f6r denna typ av produkt, s\u00e5 tveka inte att l\u00e4gga till dem i din best\u00e4llning!<\/p>","protected":false},"excerpt":{"rendered":"<p>Den\u00a0<strong>filter\u00a0<\/strong><a href=\"https:\/\/laverteshop.fr\/sv\/produkt\/filtres-a-charbon-active-actitube-slim-compact-travel-size\/\"><strong>ActiTube<\/strong><\/a> <strong>Extra<\/strong> <strong>Smal<\/strong>\u00a0har konstruerats f\u00f6r att filtrera bort en stor del av de skadliga \u00e4mnena med hj\u00e4lp av aktivt kol.<\/p>\n<p>F\u00f6r dessa filter har actiTube minskat fyllnadsgraden. Som ett resultat minskar skyddet av luftv\u00e4garna, men du f\u00e5r fortfarande den FULLA SMAKEN av att r\u00f6ka dina roll-ups.<\/p>\n<p>Den har den speciella egenskapen att den beh\u00e5ller vissa best\u00e5ndsdelar som nikotin och tj\u00e4ra, som bildas n\u00e4r cigaretter br\u00e4nns, samt andra skadliga \u00e4mnen.<\/p>\n<p>N\u00e4r r\u00f6k passerar genom ett aktivt kolfilter fastnar mycket av den skadliga tj\u00e4ran i r\u00f6ken p\u00e5 det aktiva kolet.<\/p>\n<p>La fum\u00e9e est moins n\u00e9faste, elle est refroidie par un embout en c\u00e9ramique, ce qui l&rsquo;a rend plus douce, le go\u00fbt du tabac est att\u00e9nu\u00e9 mais pas celui de l\u2019herbe et l\u2019effet du \u00ab hit \u00bb n\u2019est pas alt\u00e9r\u00e9.<\/p>","protected":false},"featured_media":9974,"comment_status":"open","ping_status":"closed","template":"","meta":{"inline_featured_image":false},"product_brand":[211],"product_cat":[197,61],"product_tag":[217,218],"class_list":{"0":"post-8847","1":"product","2":"type-product","3":"status-publish","4":"has-post-thumbnail","6":"product_brand-actitube","7":"product_cat-filtres","8":"product_cat-accessoires","9":"product_tag-feuilles","10":"product_tag-filtres","12":"first","13":"instock","14":"taxable","15":"shipping-taxable","16":"purchasable","17":"product-type-simple"},"jetpack_sharing_enabled":true,"_links":{"self":[{"href":"https:\/\/laverteshop.fr\/sv\/wp-json\/wp\/v2\/product\/8847","targetHints":{"allow":["GET"]}}],"collection":[{"href":"https:\/\/laverteshop.fr\/sv\/wp-json\/wp\/v2\/product"}],"about":[{"href":"https:\/\/laverteshop.fr\/sv\/wp-json\/wp\/v2\/types\/product"}],"replies":[{"embeddable":true,"href":"https:\/\/laverteshop.fr\/sv\/wp-json\/wp\/v2\/comments?post=8847"}],"wp:featuredmedia":[{"embeddable":true,"href":"https:\/\/laverteshop.fr\/sv\/wp-json\/wp\/v2\/media\/9974"}],"wp:attachment":[{"href":"https:\/\/laverteshop.fr\/sv\/wp-json\/wp\/v2\/media?parent=8847"}],"wp:term":[{"taxonomy":"product_brand","embeddable":true,"href":"https:\/\/laverteshop.fr\/sv\/wp-json\/wp\/v2\/product_brand?post=8847"},{"taxonomy":"product_cat","embeddable":true,"href":"https:\/\/laverteshop.fr\/sv\/wp-json\/wp\/v2\/product_cat?post=8847"},{"taxonomy":"product_tag","embeddable":true,"href":"https:\/\/laverteshop.fr\/sv\/wp-json\/wp\/v2\/product_tag?post=8847"}],"curies":[{"name":"wp","href":"https:\/\/api.w.org\/{rel}","templated":true}]}}