{"id":8809,"date":"2021-08-30T14:09:00","date_gmt":"2021-08-30T12:09:00","guid":{"rendered":"https:\/\/laverteshop.fr\/?post_type=product&#038;p=8809"},"modified":"2025-07-15T15:10:48","modified_gmt":"2025-07-15T13:10:48","slug":"blunt-wrap-double-platinum-silver-berries","status":"publish","type":"product","link":"https:\/\/laverteshop.fr\/sv\/produkt\/blunt-wrap-double-platinum-silver-berries\/","title":{"rendered":"Blunt Wrap Dubbel Platina Silver | B\u00e4r"},"content":{"rendered":"<p>Blunt \u00e4r en\u00a0<b>typ av cigarettpapper<\/b>\u00a0och en term som anv\u00e4nds f\u00f6r att beskriva<i>\u00a0stora leder.\u00a0<\/i>Ett trubbigt blad \u00e4r en\u00a0<b><a href=\"https:\/\/laverteshop.fr\/sv\/produkt\/blunt-wrap-double-platinum-purple\/\">naturligt tobaksblad<\/a>,\u00a0<\/b>som kan smaks\u00e4ttas f\u00f6r att ge extra smak \u00e5t v\u00e5r mat. <a href=\"https:\/\/laverteshop.fr\/sv\/7808-2\/\">cannabis<\/a>.<\/p>\n<p>Amerikanska rappare och hiphop-s\u00e5ngare var de f\u00f6rsta som anv\u00e4nde begreppet.<b>\u00a0rullpapper f\u00f6r att g\u00f6ra skarvarna.<\/b>\u00a0Det var ett bra s\u00e4tt att g\u00e5 obem\u00e4rkt f\u00f6rbi, eftersom det<i>\u00a0s\u00e5g mer ut som de cohiba-cigarrer som tillverkas p\u00e5 Kuba<\/i>.<\/p>","protected":false},"excerpt":{"rendered":"<p><strong>2 bluntar per f\u00f6rpackning<\/strong><br \/>\n<strong>Saveur \u00ab\u00a0Past\u00e8que\u00a0\u00bb &#8211; Watermelon<\/strong><br \/>\nNjut av v\u00e5ra andra smaker av <a href=\"https:\/\/laverteshop.fr\/sv\/produkt\/blunt-wrap-double-platinum-gront-apple-martini\/\">Stumt omslag<\/a>.<br \/>\nFruktig, <a href=\"https:\/\/laverteshop.fr\/sv\/produkt\/blunt-wrap-double-platinum-blue-blueberry-burst\/\">exotisk<\/a>s\u00f6tt - det finns n\u00e5got f\u00f6r alla!<br \/>\nEn \u00e4kta karibisk r\u00f6kupplevelse, tillverkad i Dominikanska republiken.<\/p>","protected":false},"featured_media":8787,"comment_status":"open","ping_status":"closed","template":"","meta":{"inline_featured_image":false},"product_brand":[210],"product_cat":[206,61],"product_tag":[217,218],"class_list":{"0":"post-8809","1":"product","2":"type-product","3":"status-publish","4":"has-post-thumbnail","6":"product_brand-blunt-wrap-double-platinum","7":"product_cat-blunt","8":"product_cat-accessoires","9":"product_tag-feuilles","10":"product_tag-filtres","12":"first","13":"outofstock","14":"taxable","15":"shipping-taxable","16":"purchasable","17":"product-type-variable"},"jetpack_sharing_enabled":true,"_links":{"self":[{"href":"https:\/\/laverteshop.fr\/sv\/wp-json\/wp\/v2\/product\/8809","targetHints":{"allow":["GET"]}}],"collection":[{"href":"https:\/\/laverteshop.fr\/sv\/wp-json\/wp\/v2\/product"}],"about":[{"href":"https:\/\/laverteshop.fr\/sv\/wp-json\/wp\/v2\/types\/product"}],"replies":[{"embeddable":true,"href":"https:\/\/laverteshop.fr\/sv\/wp-json\/wp\/v2\/comments?post=8809"}],"wp:featuredmedia":[{"embeddable":true,"href":"https:\/\/laverteshop.fr\/sv\/wp-json\/wp\/v2\/media\/8787"}],"wp:attachment":[{"href":"https:\/\/laverteshop.fr\/sv\/wp-json\/wp\/v2\/media?parent=8809"}],"wp:term":[{"taxonomy":"product_brand","embeddable":true,"href":"https:\/\/laverteshop.fr\/sv\/wp-json\/wp\/v2\/product_brand?post=8809"},{"taxonomy":"product_cat","embeddable":true,"href":"https:\/\/laverteshop.fr\/sv\/wp-json\/wp\/v2\/product_cat?post=8809"},{"taxonomy":"product_tag","embeddable":true,"href":"https:\/\/laverteshop.fr\/sv\/wp-json\/wp\/v2\/product_tag?post=8809"}],"curies":[{"name":"wp","href":"https:\/\/api.w.org\/{rel}","templated":true}]}}