{"id":8465,"date":"2021-08-10T16:46:31","date_gmt":"2021-08-10T14:46:31","guid":{"rendered":"https:\/\/laverteshop.fr\/?post_type=product&#038;p=8465"},"modified":"2025-07-15T15:10:52","modified_gmt":"2025-07-15T13:10:52","slug":"ark-a-roll-flamma-pink-king-slim","status":"publish","type":"product","link":"https:\/\/laverteshop.fr\/sv\/produkt\/ark-a-roll-flamma-pink-king-slim\/","title":{"rendered":"Rullpapper | Flamez Pink King Slim"},"content":{"rendered":"<p>St\u00e5 ut fr\u00e5n m\u00e4ngden med dessa fantastiska rosa papper tillverkade av hampafibrer (90%) och tr\u00e4fibrer (10%) f\u00f6r extra styrka.<br \/>\nK\u00f6p Flamez Pink Edition papper<br \/>\nRevitalisez votre \u00ab\u00a0fum\u00e9e\u00a0\u00bb avec ces papiers Pink Edition de Flamez. Commandez en toute s\u00e9curit\u00e9 sur notre boutique en ligne et soyez s\u00fbr de recevoir votre paquet \u00e0 votre porte.<br \/>\nSv\u00e4r du Pinky!<\/p>\n<p>F\u00f6r att du ska f\u00e5 b\u00e4sta m\u00f6jliga smakupplevelse s\u00e4ljer vi bara produkter av h\u00f6gsta kvalitet. De \u00e4r v\u00e4rldsber\u00f6mda f\u00f6r sin struktur, och framf\u00f6r allt \u00e4r de tillverkade av f\u00f6rstklassiga material och r\u00e5varor.<\/p>\n<p>Priserna \u00e4r ocks\u00e5 mycket attraktiva f\u00f6r denna typ av produkt, s\u00e5 tveka inte att l\u00e4gga till dem i din best\u00e4llning!<\/p>","protected":false},"excerpt":{"rendered":"<p>Flamez rosa utg\u00e5va!<br \/>\nLes vraies \u00ab\u00a0reines\u00a0\u00bb utilisent les papiers Flamez Pink (Queen) Size Slim !<br \/>\nSt\u00e5 ut fr\u00e5n m\u00e4ngden med dessa fantastiska rosa papper tillverkade av hampafibrer (90%) och tr\u00e4fibrer (10%) f\u00f6r extra styrka.<\/p>\n<p>33 ark per f\u00f6rpackning<br \/>\nL\u00e4ngd: King Size (110 mm)<br \/>\nBredd: Smal (44 mm)<br \/>\nF\u00e4rg: rosa<br \/>\nTyp: blandning av hampa (90%) och tr\u00e4 (10%)<\/p>","protected":false},"featured_media":8466,"comment_status":"open","ping_status":"closed","template":"","meta":{"inline_featured_image":false},"product_brand":[204],"product_cat":[196,61],"product_tag":[217,218],"class_list":{"0":"post-8465","1":"product","2":"type-product","3":"status-publish","4":"has-post-thumbnail","6":"product_brand-flamez","7":"product_cat-feuilles-a-rouler","8":"product_cat-accessoires","9":"product_tag-feuilles","10":"product_tag-filtres","12":"first","13":"outofstock","14":"taxable","15":"shipping-taxable","16":"purchasable","17":"product-type-simple"},"jetpack_sharing_enabled":true,"_links":{"self":[{"href":"https:\/\/laverteshop.fr\/sv\/wp-json\/wp\/v2\/product\/8465","targetHints":{"allow":["GET"]}}],"collection":[{"href":"https:\/\/laverteshop.fr\/sv\/wp-json\/wp\/v2\/product"}],"about":[{"href":"https:\/\/laverteshop.fr\/sv\/wp-json\/wp\/v2\/types\/product"}],"replies":[{"embeddable":true,"href":"https:\/\/laverteshop.fr\/sv\/wp-json\/wp\/v2\/comments?post=8465"}],"wp:featuredmedia":[{"embeddable":true,"href":"https:\/\/laverteshop.fr\/sv\/wp-json\/wp\/v2\/media\/8466"}],"wp:attachment":[{"href":"https:\/\/laverteshop.fr\/sv\/wp-json\/wp\/v2\/media?parent=8465"}],"wp:term":[{"taxonomy":"product_brand","embeddable":true,"href":"https:\/\/laverteshop.fr\/sv\/wp-json\/wp\/v2\/product_brand?post=8465"},{"taxonomy":"product_cat","embeddable":true,"href":"https:\/\/laverteshop.fr\/sv\/wp-json\/wp\/v2\/product_cat?post=8465"},{"taxonomy":"product_tag","embeddable":true,"href":"https:\/\/laverteshop.fr\/sv\/wp-json\/wp\/v2\/product_tag?post=8465"}],"curies":[{"name":"wp","href":"https:\/\/api.w.org\/{rel}","templated":true}]}}