{"id":8462,"date":"2021-08-10T16:40:54","date_gmt":"2021-08-10T14:40:54","guid":{"rendered":"https:\/\/laverteshop.fr\/?post_type=product&#038;p=8462"},"modified":"2025-07-15T15:10:53","modified_gmt":"2025-07-15T13:10:53","slug":"standard-bulldog-roller-ark","status":"publish","type":"product","link":"https:\/\/laverteshop.fr\/sv\/produkt\/standard-bulldog-roller-ark\/","title":{"rendered":"Rullpapper | Bulldog Standard"},"content":{"rendered":"<p>Les feuilles \u00e0 rouler Bulldog, de la c\u00e9l\u00e8bre marque de coffeshops d&rsquo;Amsterdam.<\/p>\n<p>En enkel men effektiv produkt.<\/p>\n<p>F\u00f6r att du ska f\u00e5 b\u00e4sta m\u00f6jliga smakupplevelse s\u00e4ljer vi bara produkter av h\u00f6gsta kvalitet. De \u00e4r v\u00e4rldsber\u00f6mda f\u00f6r sin struktur, och framf\u00f6r allt \u00e4r de tillverkade av f\u00f6rstklassiga material och r\u00e5varor.<\/p>\n<p>Priserna \u00e4r ocks\u00e5 mycket attraktiva f\u00f6r denna typ av produkt, s\u00e5 tveka inte att l\u00e4gga till dem i din best\u00e4llning!<\/p>","protected":false},"excerpt":{"rendered":"<p>Original l\u00e5nga rullpapper fr\u00e5n Bulldog Coffeeshops.<br \/>\nStorlek: Standard<br \/>\n32 ark per f\u00f6rpackning<\/p>","protected":false},"featured_media":8463,"comment_status":"open","ping_status":"closed","template":"","meta":{"inline_featured_image":false},"product_brand":[203],"product_cat":[196,61],"product_tag":[217,218],"class_list":{"0":"post-8462","1":"product","2":"type-product","3":"status-publish","4":"has-post-thumbnail","6":"product_brand-bulldog","7":"product_cat-feuilles-a-rouler","8":"product_cat-accessoires","9":"product_tag-feuilles","10":"product_tag-filtres","12":"first","13":"outofstock","14":"taxable","15":"shipping-taxable","16":"purchasable","17":"product-type-simple"},"jetpack_sharing_enabled":true,"_links":{"self":[{"href":"https:\/\/laverteshop.fr\/sv\/wp-json\/wp\/v2\/product\/8462","targetHints":{"allow":["GET"]}}],"collection":[{"href":"https:\/\/laverteshop.fr\/sv\/wp-json\/wp\/v2\/product"}],"about":[{"href":"https:\/\/laverteshop.fr\/sv\/wp-json\/wp\/v2\/types\/product"}],"replies":[{"embeddable":true,"href":"https:\/\/laverteshop.fr\/sv\/wp-json\/wp\/v2\/comments?post=8462"}],"wp:featuredmedia":[{"embeddable":true,"href":"https:\/\/laverteshop.fr\/sv\/wp-json\/wp\/v2\/media\/8463"}],"wp:attachment":[{"href":"https:\/\/laverteshop.fr\/sv\/wp-json\/wp\/v2\/media?parent=8462"}],"wp:term":[{"taxonomy":"product_brand","embeddable":true,"href":"https:\/\/laverteshop.fr\/sv\/wp-json\/wp\/v2\/product_brand?post=8462"},{"taxonomy":"product_cat","embeddable":true,"href":"https:\/\/laverteshop.fr\/sv\/wp-json\/wp\/v2\/product_cat?post=8462"},{"taxonomy":"product_tag","embeddable":true,"href":"https:\/\/laverteshop.fr\/sv\/wp-json\/wp\/v2\/product_tag?post=8462"}],"curies":[{"name":"wp","href":"https:\/\/api.w.org\/{rel}","templated":true}]}}