{"id":8455,"date":"2021-08-10T16:21:44","date_gmt":"2021-08-10T14:21:44","guid":{"rendered":"https:\/\/laverteshop.fr\/?post_type=product&#038;p=8455"},"modified":"2026-03-02T20:10:48","modified_gmt":"2026-03-02T19:10:48","slug":"lamnar-en-rulle-greengo-unbleached-slim-rullar","status":"publish","type":"product","link":"https:\/\/laverteshop.fr\/sv\/produkt\/lamnar-en-rulle-greengo-unbleached-slim-rullar\/","title":{"rendered":"Greengo oblekta tunna rullar"},"content":{"rendered":"<p>Greengo Slim-rullar \u00e4r oblekta, klorfria och tillverkade av cellulosa.<br \/>\nVarje rulle inneh\u00e5ller 4 meter kontinuerligt papper, som kan rivas till \u00f6nskad l\u00e4ngd.<br \/>\nBredd: 44 mm.<br \/>\nL\u00e4ngd: 4 m<br \/>\nFabriqu\u00e9 dans l&rsquo;UE.<\/p>\n<p>F\u00f6r att du ska f\u00e5 b\u00e4sta m\u00f6jliga smakupplevelse s\u00e4ljer vi bara produkter av h\u00f6gsta kvalitet. De \u00e4r v\u00e4rldsk\u00e4nda f\u00f6r sin fina struktur, och framf\u00f6r allt \u00e4r de tillverkade av f\u00f6rstklassiga material och r\u00e5varor.<\/p>\n<p>Priserna \u00e4r ocks\u00e5 mycket attraktiva f\u00f6r denna typ av produkt, s\u00e5 tveka inte att l\u00e4gga till dem i din best\u00e4llning!<\/p>","protected":false},"excerpt":{"rendered":"<p>Greengo Slim-rullar \u00e4r oblekta, klorfria och tillverkade av cellulosa.<br \/>\nVarje rulle inneh\u00e5ller 4 meter kontinuerligt papper, som kan rivas till \u00f6nskad l\u00e4ngd.<br \/>\nBredd: 44 mm.<br \/>\nL\u00e4ngd: 4 m<br \/>\nFabriqu\u00e9 dans l&rsquo;UE.<\/p>","protected":false},"featured_media":8456,"comment_status":"open","ping_status":"closed","template":"","meta":{"inline_featured_image":false},"product_brand":[201],"product_cat":[61,196],"product_tag":[217,218],"class_list":{"0":"post-8455","1":"product","2":"type-product","3":"status-publish","4":"has-post-thumbnail","6":"product_brand-greengo","7":"product_cat-accessoires","8":"product_cat-feuilles-a-rouler","9":"product_tag-feuilles","10":"product_tag-filtres","12":"first","13":"instock","14":"taxable","15":"shipping-taxable","16":"purchasable","17":"product-type-simple"},"jetpack_sharing_enabled":true,"_links":{"self":[{"href":"https:\/\/laverteshop.fr\/sv\/wp-json\/wp\/v2\/product\/8455","targetHints":{"allow":["GET"]}}],"collection":[{"href":"https:\/\/laverteshop.fr\/sv\/wp-json\/wp\/v2\/product"}],"about":[{"href":"https:\/\/laverteshop.fr\/sv\/wp-json\/wp\/v2\/types\/product"}],"replies":[{"embeddable":true,"href":"https:\/\/laverteshop.fr\/sv\/wp-json\/wp\/v2\/comments?post=8455"}],"wp:featuredmedia":[{"embeddable":true,"href":"https:\/\/laverteshop.fr\/sv\/wp-json\/wp\/v2\/media\/8456"}],"wp:attachment":[{"href":"https:\/\/laverteshop.fr\/sv\/wp-json\/wp\/v2\/media?parent=8455"}],"wp:term":[{"taxonomy":"product_brand","embeddable":true,"href":"https:\/\/laverteshop.fr\/sv\/wp-json\/wp\/v2\/product_brand?post=8455"},{"taxonomy":"product_cat","embeddable":true,"href":"https:\/\/laverteshop.fr\/sv\/wp-json\/wp\/v2\/product_cat?post=8455"},{"taxonomy":"product_tag","embeddable":true,"href":"https:\/\/laverteshop.fr\/sv\/wp-json\/wp\/v2\/product_tag?post=8455"}],"curies":[{"name":"wp","href":"https:\/\/api.w.org\/{rel}","templated":true}]}}