{"id":8393,"date":"2021-08-10T14:33:25","date_gmt":"2021-08-10T12:33:25","guid":{"rendered":"https:\/\/laverteshop.fr\/?post_type=product&#038;p=8393"},"modified":"2025-07-15T15:10:56","modified_gmt":"2025-07-15T13:10:56","slug":"rokning-tunnaste-king-size-slim-filter","status":"publish","type":"product","link":"https:\/\/laverteshop.fr\/sv\/produkt\/rokning-tunnaste-king-size-slim-filter\/","title":{"rendered":"R\u00f6kning Tunnaste King Size Slim + Filter"},"content":{"rendered":"<p>King Size Slim r\u00f6kark kommer att tillfredsst\u00e4lla dig. Ett tunnare papper \u00e4n originalversionen, och n\u00e5got ogenomskinligt.<\/p>\n<p>F\u00f6r att du ska f\u00e5 b\u00e4sta m\u00f6jliga smakupplevelse s\u00e4ljer vi bara produkter av h\u00f6gsta kvalitet, k\u00e4nda \u00f6ver hela v\u00e4rlden f\u00f6r sin fina struktur och framf\u00f6r allt tillverkade av f\u00f6rstklassiga material och r\u00e5varor.<\/p>\n<p>Priserna \u00e4r ocks\u00e5 mycket attraktiva f\u00f6r denna typ av produkt, s\u00e5 tveka inte att l\u00e4gga till dem i din best\u00e4llning!<\/p>","protected":false},"excerpt":{"rendered":"<p>Smokings Thinnest-serie best\u00e5r av 20 %-ark som \u00e4r tunnare \u00e4n Smoking Deluxe Papers. Vattenst\u00e4mpeln p\u00e5 bordsskivan s\u00e4kerst\u00e4ller att din handrullning brinner bra, j\u00e4mnt och l\u00e5ngsamt.<br \/>\nDenna version inneh\u00e5ller \u00e4ven r\u00e5d, s\u00e5 att du alltid har allt du beh\u00f6ver till hands.<\/p>\n<p>- M\u00e5tt: 108 x 44 mm<br \/>\n- 33 ark + filter per f\u00f6rpackning<br \/>\n- FSC-certifierat papper<br \/>\n- Rent vegetabiliskt gummi<\/p>","protected":false},"featured_media":8394,"comment_status":"open","ping_status":"closed","template":"","meta":{"inline_featured_image":false},"product_brand":[200],"product_cat":[196,61],"product_tag":[217,218],"class_list":{"0":"post-8393","1":"product","2":"type-product","3":"status-publish","4":"has-post-thumbnail","6":"product_brand-smoking","7":"product_cat-feuilles-a-rouler","8":"product_cat-accessoires","9":"product_tag-feuilles","10":"product_tag-filtres","12":"first","13":"instock","14":"taxable","15":"shipping-taxable","16":"purchasable","17":"product-type-simple"},"jetpack_sharing_enabled":true,"_links":{"self":[{"href":"https:\/\/laverteshop.fr\/sv\/wp-json\/wp\/v2\/product\/8393","targetHints":{"allow":["GET"]}}],"collection":[{"href":"https:\/\/laverteshop.fr\/sv\/wp-json\/wp\/v2\/product"}],"about":[{"href":"https:\/\/laverteshop.fr\/sv\/wp-json\/wp\/v2\/types\/product"}],"replies":[{"embeddable":true,"href":"https:\/\/laverteshop.fr\/sv\/wp-json\/wp\/v2\/comments?post=8393"}],"wp:featuredmedia":[{"embeddable":true,"href":"https:\/\/laverteshop.fr\/sv\/wp-json\/wp\/v2\/media\/8394"}],"wp:attachment":[{"href":"https:\/\/laverteshop.fr\/sv\/wp-json\/wp\/v2\/media?parent=8393"}],"wp:term":[{"taxonomy":"product_brand","embeddable":true,"href":"https:\/\/laverteshop.fr\/sv\/wp-json\/wp\/v2\/product_brand?post=8393"},{"taxonomy":"product_cat","embeddable":true,"href":"https:\/\/laverteshop.fr\/sv\/wp-json\/wp\/v2\/product_cat?post=8393"},{"taxonomy":"product_tag","embeddable":true,"href":"https:\/\/laverteshop.fr\/sv\/wp-json\/wp\/v2\/product_tag?post=8393"}],"curies":[{"name":"wp","href":"https:\/\/api.w.org\/{rel}","templated":true}]}}