{"id":8388,"date":"2021-08-10T14:11:27","date_gmt":"2021-08-10T12:11:27","guid":{"rendered":"https:\/\/laverteshop.fr\/?post_type=product&#038;p=8388"},"modified":"2025-07-15T15:10:58","modified_gmt":"2025-07-15T13:10:58","slug":"lamnar-a-roll-rips-organiska-rullar-4m","status":"publish","type":"product","link":"https:\/\/laverteshop.fr\/sv\/produkt\/lamnar-a-roll-rips-organiska-rullar-4m\/","title":{"rendered":"Rips ekologiska rullar 5m"},"content":{"rendered":"<p>Dessa Organic Rolls RIPS \u00e4r tillverkade av 100% ekologiska material.<\/p>\n<p>F\u00f6r att du ska f\u00e5 b\u00e4sta m\u00f6jliga smakupplevelse s\u00e4ljer vi bara produkter av h\u00f6gsta kvalitet. De \u00e4r erk\u00e4nda v\u00e4rlden \u00f6ver f\u00f6r sin fina struktur och tillverkas framf\u00f6r allt av f\u00f6rstklassiga material och r\u00e5varor.<\/p>\n<p>Priserna \u00e4r ocks\u00e5 mycket attraktiva f\u00f6r denna typ av produkt, s\u00e5 tveka inte att l\u00e4gga till dem i din best\u00e4llning!<\/p>","protected":false},"excerpt":{"rendered":"<p>Dessa rullar av rullpapper \u00e4r av h\u00f6g kvalitet till ett rimligt pris. Perfekt f\u00f6r finsmakare.<\/p>\n<p>Smak &amp; doft: Naturlig<\/p>\n<p>Bredd: 44 mm<\/p>\n<p>L\u00e4ngd: 5m<\/p>","protected":false},"featured_media":8390,"comment_status":"open","ping_status":"closed","template":"","meta":{"inline_featured_image":false},"product_brand":[199],"product_cat":[196,61],"product_tag":[217,218],"class_list":{"0":"post-8388","1":"product","2":"type-product","3":"status-publish","4":"has-post-thumbnail","6":"product_brand-rips","7":"product_cat-feuilles-a-rouler","8":"product_cat-accessoires","9":"product_tag-feuilles","10":"product_tag-filtres","12":"first","13":"outofstock","14":"taxable","15":"shipping-taxable","16":"purchasable","17":"product-type-simple"},"jetpack_sharing_enabled":true,"_links":{"self":[{"href":"https:\/\/laverteshop.fr\/sv\/wp-json\/wp\/v2\/product\/8388","targetHints":{"allow":["GET"]}}],"collection":[{"href":"https:\/\/laverteshop.fr\/sv\/wp-json\/wp\/v2\/product"}],"about":[{"href":"https:\/\/laverteshop.fr\/sv\/wp-json\/wp\/v2\/types\/product"}],"replies":[{"embeddable":true,"href":"https:\/\/laverteshop.fr\/sv\/wp-json\/wp\/v2\/comments?post=8388"}],"wp:featuredmedia":[{"embeddable":true,"href":"https:\/\/laverteshop.fr\/sv\/wp-json\/wp\/v2\/media\/8390"}],"wp:attachment":[{"href":"https:\/\/laverteshop.fr\/sv\/wp-json\/wp\/v2\/media?parent=8388"}],"wp:term":[{"taxonomy":"product_brand","embeddable":true,"href":"https:\/\/laverteshop.fr\/sv\/wp-json\/wp\/v2\/product_brand?post=8388"},{"taxonomy":"product_cat","embeddable":true,"href":"https:\/\/laverteshop.fr\/sv\/wp-json\/wp\/v2\/product_cat?post=8388"},{"taxonomy":"product_tag","embeddable":true,"href":"https:\/\/laverteshop.fr\/sv\/wp-json\/wp\/v2\/product_tag?post=8388"}],"curies":[{"name":"wp","href":"https:\/\/api.w.org\/{rel}","templated":true}]}}