{"id":8386,"date":"2021-08-10T13:55:54","date_gmt":"2021-08-10T11:55:54","guid":{"rendered":"https:\/\/laverteshop.fr\/?post_type=product&#038;p=8386"},"modified":"2025-07-15T15:10:59","modified_gmt":"2025-07-15T13:10:59","slug":"dra-papper-rullar-3m","status":"publish","type":"product","link":"https:\/\/laverteshop.fr\/sv\/produkt\/dra-papper-rullar-3m\/","title":{"rendered":"R\u00e5a papper Rullar 3m"},"content":{"rendered":"<p>Raw Rolls rullpapper X 1 Med Raw Rolls rullpapper kan du v\u00e4lja storleken p\u00e5 din cigarett! Ultrakort eller superl\u00e5ngt, rulla s\u00e5 mycket du vill.<\/p>\n<ul>\n<li>\u00a0Oblekt, l\u00e4tt raffinerat organiskt papper<\/li>\n<li>\u00a0Extra tunn och genomskinlig<\/li>\n<li>\u00a0Sockerbaserat lim<\/li>\n<li>\u00a0Inga tillsatser, rena organiska fibrer<\/li>\n<li>\u00a0Arkets l\u00e4ngd: 3 meter<\/li>\n<li>\u00a0Arkets bredd: 5,3 cm<\/li>\n<\/ul>\n<p>F\u00f6r att du ska f\u00e5 b\u00e4sta m\u00f6jliga smakupplevelse s\u00e4ljer vi bara produkter av h\u00f6gsta kvalitet, k\u00e4nda \u00f6ver hela v\u00e4rlden f\u00f6r sin fina struktur och framf\u00f6r allt tillverkade av f\u00f6rstklassiga material och r\u00e5varor.<\/p>\n<p>Priserna \u00e4r ocks\u00e5 mycket attraktiva f\u00f6r denna typ av produkt, s\u00e5 tveka inte att l\u00e4gga till dem i din best\u00e4llning!<\/p>","protected":false},"excerpt":{"rendered":"<p>Raw Rolls rullpapper X 1 Med Raw Rolls rullpapper kan du v\u00e4lja storleken p\u00e5 din cigarett! Ultrakort eller superl\u00e5ngt, rulla s\u00e5 mycket du vill.<\/p>\n<ul>\n<li>\u00a0Oblekt, l\u00e4tt raffinerat organiskt papper<\/li>\n<li>\u00a0Extra tunn och genomskinlig<\/li>\n<li>\u00a0Sockerbaserat lim<\/li>\n<li>\u00a0Inga tillsatser, rena organiska fibrer<\/li>\n<li>\u00a0Arkets l\u00e4ngd: 3 meter<\/li>\n<li>\u00a0Arkets bredd: 5,3 cm<\/li>\n<\/ul>\n<p>&nbsp;<\/p>","protected":false},"featured_media":8387,"comment_status":"open","ping_status":"closed","template":"","meta":{"inline_featured_image":false},"product_brand":[198],"product_cat":[61,196],"product_tag":[217,218],"class_list":{"0":"post-8386","1":"product","2":"type-product","3":"status-publish","4":"has-post-thumbnail","6":"product_brand-raw","7":"product_cat-accessoires","8":"product_cat-feuilles-a-rouler","9":"product_tag-feuilles","10":"product_tag-filtres","12":"first","13":"outofstock","14":"taxable","15":"shipping-taxable","16":"purchasable","17":"product-type-simple"},"jetpack_sharing_enabled":true,"_links":{"self":[{"href":"https:\/\/laverteshop.fr\/sv\/wp-json\/wp\/v2\/product\/8386","targetHints":{"allow":["GET"]}}],"collection":[{"href":"https:\/\/laverteshop.fr\/sv\/wp-json\/wp\/v2\/product"}],"about":[{"href":"https:\/\/laverteshop.fr\/sv\/wp-json\/wp\/v2\/types\/product"}],"replies":[{"embeddable":true,"href":"https:\/\/laverteshop.fr\/sv\/wp-json\/wp\/v2\/comments?post=8386"}],"wp:featuredmedia":[{"embeddable":true,"href":"https:\/\/laverteshop.fr\/sv\/wp-json\/wp\/v2\/media\/8387"}],"wp:attachment":[{"href":"https:\/\/laverteshop.fr\/sv\/wp-json\/wp\/v2\/media?parent=8386"}],"wp:term":[{"taxonomy":"product_brand","embeddable":true,"href":"https:\/\/laverteshop.fr\/sv\/wp-json\/wp\/v2\/product_brand?post=8386"},{"taxonomy":"product_cat","embeddable":true,"href":"https:\/\/laverteshop.fr\/sv\/wp-json\/wp\/v2\/product_cat?post=8386"},{"taxonomy":"product_tag","embeddable":true,"href":"https:\/\/laverteshop.fr\/sv\/wp-json\/wp\/v2\/product_tag?post=8386"}],"curies":[{"name":"wp","href":"https:\/\/api.w.org\/{rel}","templated":true}]}}