{"id":8376,"date":"2021-08-10T12:00:56","date_gmt":"2021-08-10T10:00:56","guid":{"rendered":"https:\/\/laverteshop.fr\/?post_type=product&#038;p=8376"},"modified":"2026-02-27T12:27:30","modified_gmt":"2026-02-27T11:27:30","slug":"ra-king-size-slim","status":"publish","type":"product","link":"https:\/\/laverteshop.fr\/sv\/produkt\/ra-king-size-slim\/","title":{"rendered":"R\u00e5 King Size Slim"},"content":{"rendered":"<p>F\u00f6r att s\u00e4kerst\u00e4lla att du f\u00e5r b\u00e4sta m\u00f6jliga smakupplevelse s\u00e4ljer vi endast produkter av h\u00f6gsta kvalitet.<\/p>\n<p>V\u00e4rldsk\u00e4nda f\u00f6r sin fina struktur och framf\u00f6r allt f\u00f6r att de tillverkas av f\u00f6rstklassiga material och r\u00e5varor.<\/p>\n<p>Priserna \u00e4r ocks\u00e5 mycket attraktiva f\u00f6r denna typ av produkt, s\u00e5 tveka inte att l\u00e4gga till dem i din best\u00e4llning!<\/p>","protected":false},"excerpt":{"rendered":"<p>RAW rullpapper \u00e4r nu tillg\u00e4ngliga. Ett fint papper som garanterar dig en smakupplevelse av h\u00f6g kvalitet.<\/p>\n<ul>\n<li>32 ark per f\u00f6rpackning<\/li>\n<\/ul>","protected":false},"featured_media":8377,"comment_status":"open","ping_status":"closed","template":"","meta":{"inline_featured_image":false},"product_brand":[198],"product_cat":[196],"product_tag":[217,218],"class_list":{"0":"post-8376","1":"product","2":"type-product","3":"status-publish","4":"has-post-thumbnail","6":"product_brand-raw","7":"product_cat-feuilles-a-rouler","8":"product_tag-feuilles","9":"product_tag-filtres","11":"first","12":"instock","13":"taxable","14":"shipping-taxable","15":"purchasable","16":"product-type-simple"},"jetpack_sharing_enabled":true,"_links":{"self":[{"href":"https:\/\/laverteshop.fr\/sv\/wp-json\/wp\/v2\/product\/8376","targetHints":{"allow":["GET"]}}],"collection":[{"href":"https:\/\/laverteshop.fr\/sv\/wp-json\/wp\/v2\/product"}],"about":[{"href":"https:\/\/laverteshop.fr\/sv\/wp-json\/wp\/v2\/types\/product"}],"replies":[{"embeddable":true,"href":"https:\/\/laverteshop.fr\/sv\/wp-json\/wp\/v2\/comments?post=8376"}],"wp:featuredmedia":[{"embeddable":true,"href":"https:\/\/laverteshop.fr\/sv\/wp-json\/wp\/v2\/media\/8377"}],"wp:attachment":[{"href":"https:\/\/laverteshop.fr\/sv\/wp-json\/wp\/v2\/media?parent=8376"}],"wp:term":[{"taxonomy":"product_brand","embeddable":true,"href":"https:\/\/laverteshop.fr\/sv\/wp-json\/wp\/v2\/product_brand?post=8376"},{"taxonomy":"product_cat","embeddable":true,"href":"https:\/\/laverteshop.fr\/sv\/wp-json\/wp\/v2\/product_cat?post=8376"},{"taxonomy":"product_tag","embeddable":true,"href":"https:\/\/laverteshop.fr\/sv\/wp-json\/wp\/v2\/product_tag?post=8376"}],"curies":[{"name":"wp","href":"https:\/\/api.w.org\/{rel}","templated":true}]}}