{"id":7690,"date":"2021-06-13T11:48:51","date_gmt":"2021-06-13T09:48:51","guid":{"rendered":"https:\/\/laverteshop.fr\/?post_type=product&#038;p=7690"},"modified":"2025-07-15T15:11:04","modified_gmt":"2025-07-15T13:11:04","slug":"sour-tsunami-vaxthus","status":"publish","type":"product","link":"https:\/\/laverteshop.fr\/sv\/produkt\/sour-tsunami-vaxthus\/","title":{"rendered":"Sur Tsunami V\u00e4xthus"},"content":{"rendered":"<p>H\u00e4r \u00e4r v\u00e5r Greenhouse Tsunami Sour. Till skillnad fr\u00e5n den ursprungliga Tsunami har den en n\u00e5got syrlig smak. Vackra medelstora knoppar och en h\u00e4rlig m\u00f6rkgr\u00f6n f\u00e4rg. Dess relativt jordiga lukt kommer att p\u00e5minna dig om dess jordiga sida. Utm\u00e4rkt v\u00e4rde f\u00f6r pengarna.<\/p>\n<p>Sour Tsunami Greenhouse \u00e4r en bra produkt, p\u00e5 specialerbjudande just nu.<\/p>\n<p>V\u00e5ra produkter \u00e4r certifierade Swiss CBD-kvalitet. Det viktigaste f\u00f6r oss \u00e4r att kunna f\u00f6rse dig med blommor och pollen av utm\u00e4rkt v\u00e4rde, till \u00f6verkomliga och acceptabla priser, och i enlighet med de niv\u00e5er som godk\u00e4nts av EU-domstolen (&lt;0,2% THC).<\/p>\n<p>Vad kan man g\u00f6ra med dessa produkter? Avslappnande infusioner f\u00f6r att f\u00f6rb\u00e4ttra din s\u00f6mn, potpurri f\u00f6r att impregnera ditt hem med en naturlig doft, eller s\u00e5 kan du anv\u00e4nda dem i maten om du vill (sallader, s\u00e5ser, kryddor).<\/p>\n<p>Vi rekommenderar att du kontaktar din l\u00e4kare, som kan ge dig r\u00e5d om hur du b\u00e4st anv\u00e4nder din CBD.<\/p>\n<p><em>Du kanske ocks\u00e5 gillar:<\/em><\/p>\n<ul>\n<li data-wpmeteor-mouseover=\"true\"><a href=\"https:\/\/laverteshop.fr\/sv\/produkt\/kush\/\">Skogskl\u00e4dda Kush<\/a><\/li>\n<li data-wpmeteor-mouseover=\"true\"><a href=\"https:\/\/laverteshop.fr\/sv\/top-5-most-popular-cbd-variants-of-2021\/\">Topp 5 CBD-sorter<\/a><\/li>\n<li data-wpmeteor-mouseover=\"true\"><a href=\"https:\/\/laverteshop.fr\/sv\/produkt\/white-cbg\/\">Vit CBG<\/a><\/li>\n<li data-wpmeteor-mouseover=\"true\"><a href=\"https:\/\/laverteshop.fr\/sv\/medicinsk-cannabis-odlad-i-tyskland-ar-tillganglig-for-forsta-gangen\/\">Cannabis odlad i Tyskland...<\/a><\/li>\n<\/ul>","protected":false},"excerpt":{"rendered":"<p>Notre Sour Tsunami Greenhouse est une vari\u00e9t\u00e9 qui est devenue c\u00e9l\u00e8bre parce qu&rsquo;elle est l&rsquo;une des premi\u00e8res \u00e0 avoir \u00e9t\u00e9 s\u00e9lectionn\u00e9e pour sa forte <a href=\"https:\/\/laverteshop.fr\/sv\/cbd-och-sex\/\">CBD-inneh\u00e5ll<\/a> plut\u00f4t qu&rsquo;en THC.<\/p>\n<p>Le r\u00e9sultat est une vari\u00e9t\u00e9 efficace pour traiter la douleur et l&rsquo;inflammation<a href=\"https:\/\/laverteshop.fr\/sv\/varfor-ta-cbd-arbete\/\"> sans produire un \u00ab\u00a0high\u00a0\u00bb<\/a> kopplat till en h\u00f6g THC-halt.<\/p>\n<p>Denna blomma skapades genom att korsa Sour Diesel-v\u00e4xter med NYC Diesel. Denna blomma <a href=\"https:\/\/laverteshop.fr\/sv\/produkt\/hawaiian-haze\/\">hybrid<\/a> Denna sativa-dominerande v\u00e4xt blommar p\u00e5 9 veckor och producerar t\u00e4ta, m\u00f6rkgr\u00f6na knoppar med m\u00f6rkgr\u00f6na, lila-tonade l\u00f6v. Knopparna har en v\u00e4lbekant musky diesel doft med inslag av s\u00f6tma.<\/p>\n<table style=\"border-collapse: collapse; width: 305px; height: 211px;\" border=\"1\">\n<tbody>\n<tr>\n<td style=\"width: 50%; text-align: center;\"><strong>THC<\/strong><\/td>\n<td style=\"width: 50%; text-align: center;\"><strong>0.18%<\/strong><\/td>\n<\/tr>\n<tr>\n<td style=\"width: 50%; text-align: center;\"><strong>CBD<\/strong><\/td>\n<td style=\"width: 50%; text-align: center;\"><strong>7.8%<\/strong><\/td>\n<\/tr>\n<tr>\n<td style=\"width: 50%; text-align: center;\"><strong>CBG<\/strong><\/td>\n<td style=\"width: 50%; text-align: center;\"><strong>0.18%<\/strong><\/td>\n<\/tr>\n<tr>\n<td style=\"width: 50%; text-align: center;\"><strong>Kultur<\/strong><\/td>\n<td style=\"width: 50%; text-align: center;\"><strong>Hybrid<\/strong><\/td>\n<\/tr>\n<\/tbody>\n<\/table>","protected":false},"featured_media":8303,"comment_status":"open","ping_status":"closed","template":"","meta":{"inline_featured_image":false},"product_brand":[75],"product_cat":[58],"product_tag":[74],"class_list":{"0":"post-7690","1":"product","2":"type-product","3":"status-publish","4":"has-post-thumbnail","6":"product_brand-la-verte","7":"product_cat-fleurs","8":"product_tag-sous-serre","10":"first","11":"outofstock","12":"sale","13":"taxable","14":"shipping-taxable","15":"purchasable","16":"product-type-variable","17":"has-default-attributes"},"jetpack_sharing_enabled":true,"_links":{"self":[{"href":"https:\/\/laverteshop.fr\/sv\/wp-json\/wp\/v2\/product\/7690","targetHints":{"allow":["GET"]}}],"collection":[{"href":"https:\/\/laverteshop.fr\/sv\/wp-json\/wp\/v2\/product"}],"about":[{"href":"https:\/\/laverteshop.fr\/sv\/wp-json\/wp\/v2\/types\/product"}],"replies":[{"embeddable":true,"href":"https:\/\/laverteshop.fr\/sv\/wp-json\/wp\/v2\/comments?post=7690"}],"wp:featuredmedia":[{"embeddable":true,"href":"https:\/\/laverteshop.fr\/sv\/wp-json\/wp\/v2\/media\/8303"}],"wp:attachment":[{"href":"https:\/\/laverteshop.fr\/sv\/wp-json\/wp\/v2\/media?parent=7690"}],"wp:term":[{"taxonomy":"product_brand","embeddable":true,"href":"https:\/\/laverteshop.fr\/sv\/wp-json\/wp\/v2\/product_brand?post=7690"},{"taxonomy":"product_cat","embeddable":true,"href":"https:\/\/laverteshop.fr\/sv\/wp-json\/wp\/v2\/product_cat?post=7690"},{"taxonomy":"product_tag","embeddable":true,"href":"https:\/\/laverteshop.fr\/sv\/wp-json\/wp\/v2\/product_tag?post=7690"}],"curies":[{"name":"wp","href":"https:\/\/api.w.org\/{rel}","templated":true}]}}