{"id":7685,"date":"2021-06-13T11:46:21","date_gmt":"2021-06-13T09:46:21","guid":{"rendered":"https:\/\/laverteshop.fr\/?post_type=product&#038;p=7685"},"modified":"2025-07-15T15:11:05","modified_gmt":"2025-07-15T13:11:05","slug":"vit-cbg-vaxthus","status":"publish","type":"product","link":"https:\/\/laverteshop.fr\/sv\/produkt\/vit-cbg-vaxthus\/","title":{"rendered":"Vit CBG V\u00e4xthus"},"content":{"rendered":"<p>Voici un de nos produit int\u00e9ressant. Cette White CBG Greenhouse vous procurera la d\u00e9tente d\u00e9sir\u00e9e, encore davantage que nos fleurs de CBD normales. la CBG a de fortes vertus th\u00e9rapeutique, et donc cette White CBG peut \u00eatre recommand\u00e9e si vous avez des douleurs chroniques. C&rsquo;est la diff\u00e9rence principale entre la CBD et la CBG. Son odeur rappelle un cot\u00e9 assez terreux et bois\u00e9, donc une vari\u00e9t\u00e9 plut\u00f4t assez terpenis\u00e9e.<\/p>\n<p>White CBG Greenhouse \u00e4r en fantastisk produkt.<\/p>\n<p>V\u00e5ra produkter \u00e4r certifierade Swiss CBD-kvalitet. Det viktigaste f\u00f6r oss \u00e4r att kunna f\u00f6rse dig med blommor och pollen av utm\u00e4rkt v\u00e4rde, till \u00f6verkomliga och acceptabla priser, och i enlighet med de niv\u00e5er som godk\u00e4nts av EU-domstolen (&lt;0,2% THC).<\/p>\n<p>Vad kan man g\u00f6ra med dessa produkter? Avslappnande infusioner f\u00f6r att f\u00f6rb\u00e4ttra din s\u00f6mn, potpurri f\u00f6r att impregnera ditt hem med en naturlig doft, eller s\u00e5 kan du anv\u00e4nda dem i maten om du vill (sallader, s\u00e5ser, kryddor).<\/p>\n<p>Vi rekommenderar att du kontaktar din l\u00e4kare, som kan ge dig r\u00e5d om hur du b\u00e4st anv\u00e4nder din CBD.<\/p>\n<p><em>Du kanske ocks\u00e5 gillar:<\/em><\/p>\n<p><a href=\"https:\/\/laverteshop.fr\/sv\/cbg-vs-cbd\/\">CBG vs CBD<\/a><br \/>\n<a href=\"https:\/\/laverteshop.fr\/sv\/produkt\/lemon-tonic\/\">Tonic citron<\/a><br \/>\n<a href=\"https:\/\/laverteshop.fr\/sv\/cbda-och-cbd-varnar-for-anarkister\/\">CBDa &amp; CBD<\/a><\/p>","protected":false},"excerpt":{"rendered":"<p>White CBG Greenhouse kommer att gl\u00e4dja dig med sin h\u00f6ga CBG-halt.<\/p>\n<p>Le CBG s&rsquo;est beaucoup d\u00e9velopp\u00e9 dans les pays qui ont l\u00e9galis\u00e9 le THC, et donc cette fleur aura des effets apaisants un peu plus cons\u00e9quents que certaines de nos vari\u00e9t\u00e9s CBD.<\/p>\n<p>En riktig n\u00e4sa <a href=\"https:\/\/laverteshop.fr\/sv\/produkt\/nepal-hash\/\">terpeniserad<\/a> med en tr\u00e4ig, naturlig k\u00e4nsla och vackra, v\u00e4lsk\u00f6tta knoppar, en vitaktig f\u00e4rg och framf\u00f6r allt ett stort antal <a href=\"https:\/\/laverteshop.fr\/sv\/produkt\/banana-kush\/\">orangef\u00e4rgade trichomer<\/a>Denna sort kommer att vara en uppt\u00e4ckt som du inte kommer att kunna leva utan!<\/p>\n<table style=\"border-collapse: collapse; width: 305px; height: 211px;\" border=\"1\">\n<tbody>\n<tr>\n<td style=\"width: 50%; text-align: center;\"><strong>THC<\/strong><\/td>\n<td style=\"width: 50%; text-align: center;\"><strong>0.10%<\/strong><\/td>\n<\/tr>\n<tr>\n<td style=\"width: 50%; text-align: center;\"><strong>CBD<\/strong><\/td>\n<td style=\"width: 50%; text-align: center;\"><strong>6.5%<\/strong><\/td>\n<\/tr>\n<tr>\n<td style=\"width: 50%; text-align: center;\"><strong>CBG<\/strong><\/td>\n<td style=\"width: 50%; text-align: center;\"><strong>18%<\/strong><\/td>\n<\/tr>\n<tr>\n<td style=\"width: 50%; text-align: center;\"><strong>Kultur<\/strong><\/td>\n<td style=\"width: 50%; text-align: center;\"><strong>Sous Serre<\/strong><\/td>\n<\/tr>\n<\/tbody>\n<\/table>","protected":false},"featured_media":8302,"comment_status":"open","ping_status":"closed","template":"","meta":{"inline_featured_image":false},"product_brand":[75],"product_cat":[58],"product_tag":[74],"class_list":{"0":"post-7685","1":"product","2":"type-product","3":"status-publish","4":"has-post-thumbnail","6":"product_brand-la-verte","7":"product_cat-fleurs","8":"product_tag-sous-serre","10":"first","11":"outofstock","12":"taxable","13":"shipping-taxable","14":"purchasable","15":"product-type-variable","16":"has-default-attributes"},"jetpack_sharing_enabled":true,"_links":{"self":[{"href":"https:\/\/laverteshop.fr\/sv\/wp-json\/wp\/v2\/product\/7685","targetHints":{"allow":["GET"]}}],"collection":[{"href":"https:\/\/laverteshop.fr\/sv\/wp-json\/wp\/v2\/product"}],"about":[{"href":"https:\/\/laverteshop.fr\/sv\/wp-json\/wp\/v2\/types\/product"}],"replies":[{"embeddable":true,"href":"https:\/\/laverteshop.fr\/sv\/wp-json\/wp\/v2\/comments?post=7685"}],"wp:featuredmedia":[{"embeddable":true,"href":"https:\/\/laverteshop.fr\/sv\/wp-json\/wp\/v2\/media\/8302"}],"wp:attachment":[{"href":"https:\/\/laverteshop.fr\/sv\/wp-json\/wp\/v2\/media?parent=7685"}],"wp:term":[{"taxonomy":"product_brand","embeddable":true,"href":"https:\/\/laverteshop.fr\/sv\/wp-json\/wp\/v2\/product_brand?post=7685"},{"taxonomy":"product_cat","embeddable":true,"href":"https:\/\/laverteshop.fr\/sv\/wp-json\/wp\/v2\/product_cat?post=7685"},{"taxonomy":"product_tag","embeddable":true,"href":"https:\/\/laverteshop.fr\/sv\/wp-json\/wp\/v2\/product_tag?post=7685"}],"curies":[{"name":"wp","href":"https:\/\/api.w.org\/{rel}","templated":true}]}}