{"id":19670,"date":"2025-04-08T16:44:42","date_gmt":"2025-04-08T14:44:42","guid":{"rendered":"https:\/\/laverteshop.fr\/?post_type=product&#038;p=19670"},"modified":"2026-04-23T13:20:02","modified_gmt":"2026-04-23T11:20:02","slug":"alpin-kush-vaxthus-cpm","status":"publish","type":"product","link":"https:\/\/laverteshop.fr\/sv\/produkt\/alpin-kush-vaxthus-cpm\/","title":{"rendered":"Alpine Kush V\u00e4xthus CPM"},"content":{"rendered":"<p>Ny molekyl\u00e4r produkt!<\/p>\n<p>Qu&rsquo;est ce que le CPM ? Le CPM est un n\u00e9o cannabino\u00efde tout r\u00e9cent, et trouv\u00e9 par des chimistes qui travaillent depuis plusieurs ann\u00e9es sur les mol\u00e9cules de cannabis et de chanvre. Apr\u00e8s le HHC, le THCP, le H4CBD, le HHCPO, et le 10-OH-HHC, tous interdits, le CPM est LA SEULE MOL\u00c9CULE l\u00e9gale du march\u00e9, et qui donne un effet euphorisant lors de la consommation.<\/p>\n<p>Cette mol\u00e9cule vous relaxera davantage que le CBD normal, et vous procurera des effets euphorisants rapides et courts. C&rsquo;est clairement la meilleure alternative au THC possible.<\/p>\n<p>Cette Alpine Kush Greenhouse CPM est une vari\u00e9t\u00e9 issue d&rsquo;une culture sous serre en Suisse, l\u00e0 ou le climat est propice \u00e0 la culture de fleurs de cannabis. Une vari\u00e9t\u00e9 fraiche pr\u00e9sent\u00e9e sous forme de fleurs plut\u00f4t grosses, et bien compactes.<\/p>\n<p>En ljusgr\u00f6n f\u00e4rg med pistiller. Den har infunderats i CPM p\u00e5 en niv\u00e5 av 10%, s\u00e5 det \u00e4r s\u00e4kert att ge superb, n\u00e5got euforisk avkoppling.<\/p>\n<p>Det viktigaste f\u00f6r oss \u00e4r att kunna f\u00f6rse dig med blommor och hartser av utm\u00e4rkt kvalitet, till \u00f6verkomliga och acceptabla priser, och i enlighet med de niv\u00e5er som godk\u00e4nts av EU-domstolen (&lt;0,3% THC).<\/p>\n<p>Vad kan man g\u00f6ra med dessa produkter? Avslappnande infusioner f\u00f6r att f\u00f6rb\u00e4ttra din s\u00f6mn, potpurri f\u00f6r att impregnera ditt hem med en naturlig doft, eller s\u00e5 kan du anv\u00e4nda dem i maten om du vill (sallader, s\u00e5ser, kryddor).<\/p>\n<p>Nous vous conseillons de consulter l\u2019avis votre m\u00e9decin, qui pourra vous conseiller le meilleur usage pour votre CBD. De plus, nous vous rappelons qu&rsquo;il est strictement interdit de consommer du CPM avant de conduire.<\/p>\n<p>&nbsp;<\/p>\n<p>&nbsp;<\/p>\n<p>&nbsp;<\/p>\n<h6><\/h6>","protected":false},"excerpt":{"rendered":"<p>La mol\u00e9cule CPM (voir d\u00e9tails ci dessous dans la description longue) vous relaxera davantage que le CBD normal, et vous procurera un \u00ab\u00a0high\u00a0\u00bb puissant et rapide. Mol\u00e9cule 100% l\u00e9gale<\/p>\n<p>Denna Alpine Kush Greenhouse CPM \u00e4r en traditionell schweizisk sort, odlad i v\u00e4xthus i ett klimat som gynnar odling. Den kommer i form av vackra, l\u00e4tta, kompakta knoppar med vackra vita trikomer. Den \u00e4r infunderad i CPM: s destillat vid 10%, vilket garanterar fantastisk avkoppling.<\/p>\n<p>En toppblomma som kommer att tilltala alla v\u00e5ra fans av kraftfulla blommor<\/p>\n<ul>\n<li>Ursprung: Schweiz<\/li>\n<li>Variant: Alpin<\/li>\n<\/ul>\n<table style=\"border-collapse: collapse; width: 192px; height: 205px;\" border=\"1\">\n<tbody>\n<tr>\n<td style=\"width: 50%; text-align: center;\"><strong>THC<\/strong><\/td>\n<td style=\"width: 50%; text-align: center;\"><strong>0.23 %<\/strong><\/td>\n<\/tr>\n<tr>\n<td style=\"width: 50%; text-align: center;\"><strong>CBD<\/strong><\/td>\n<td style=\"width: 50%; text-align: center;\"><strong>19 %<\/strong><\/td>\n<\/tr>\n<tr>\n<td style=\"width: 50%; text-align: center;\"><strong>CPM<\/strong><\/td>\n<td style=\"width: 50%; text-align: center;\"><strong>10%<\/strong><\/td>\n<\/tr>\n<tr>\n<td style=\"width: 50%; text-align: center;\"><b>Kultur<\/b><\/td>\n<td style=\"width: 50%; text-align: center;\"><strong>Sous Serre<\/strong><\/td>\n<\/tr>\n<\/tbody>\n<\/table>","protected":false},"featured_media":19675,"comment_status":"open","ping_status":"closed","template":"","meta":{"inline_featured_image":false},"product_brand":[75],"product_cat":[304,58,253],"product_tag":[303,220],"class_list":{"0":"post-19670","1":"product","2":"type-product","3":"status-publish","4":"has-post-thumbnail","6":"product_brand-la-verte","7":"product_cat-produits-puissants","8":"product_cat-fleurs","9":"product_cat-indoor","10":"product_tag-cpm","11":"product_tag-fleurs-cbd","13":"first","14":"instock","15":"taxable","16":"shipping-taxable","17":"purchasable","18":"product-type-variable"},"jetpack_sharing_enabled":true,"_links":{"self":[{"href":"https:\/\/laverteshop.fr\/sv\/wp-json\/wp\/v2\/product\/19670","targetHints":{"allow":["GET"]}}],"collection":[{"href":"https:\/\/laverteshop.fr\/sv\/wp-json\/wp\/v2\/product"}],"about":[{"href":"https:\/\/laverteshop.fr\/sv\/wp-json\/wp\/v2\/types\/product"}],"replies":[{"embeddable":true,"href":"https:\/\/laverteshop.fr\/sv\/wp-json\/wp\/v2\/comments?post=19670"}],"wp:featuredmedia":[{"embeddable":true,"href":"https:\/\/laverteshop.fr\/sv\/wp-json\/wp\/v2\/media\/19675"}],"wp:attachment":[{"href":"https:\/\/laverteshop.fr\/sv\/wp-json\/wp\/v2\/media?parent=19670"}],"wp:term":[{"taxonomy":"product_brand","embeddable":true,"href":"https:\/\/laverteshop.fr\/sv\/wp-json\/wp\/v2\/product_brand?post=19670"},{"taxonomy":"product_cat","embeddable":true,"href":"https:\/\/laverteshop.fr\/sv\/wp-json\/wp\/v2\/product_cat?post=19670"},{"taxonomy":"product_tag","embeddable":true,"href":"https:\/\/laverteshop.fr\/sv\/wp-json\/wp\/v2\/product_tag?post=19670"}],"curies":[{"name":"wp","href":"https:\/\/api.w.org\/{rel}","templated":true}]}}