{"id":19193,"date":"2025-01-17T15:49:17","date_gmt":"2025-01-17T14:49:17","guid":{"rendered":"https:\/\/laverteshop.fr\/?post_type=product&#038;p=19193"},"modified":"2025-12-29T22:05:17","modified_gmt":"2025-12-29T21:05:17","slug":"kiss-inomhus-cbd","status":"publish","type":"product","link":"https:\/\/laverteshop.fr\/sv\/produkt\/kiss-inomhus-cbd\/","title":{"rendered":"Kiss Indoor CBD"},"content":{"rendered":"<p>Alerte nouveaut\u00e9 ! Top indoor qui vient s&rsquo;ajouter \u00e0 notre catalogue<\/p>\n<p>La Kiss indoor CBD est une magnifique fleur pr\u00e9sent\u00e9e sous forme de grosse t\u00eates compactes, et aux odeurs fruit\u00e9es bien pr\u00e9sentes. la Kiss se rapproche d&rsquo;une vari\u00e9t\u00e9 type Gelato, elle est donc l\u00e9g\u00e8rement sucr\u00e9e. Une couleur claire, et de jolis trichomes qui ressortent.<\/p>\n<p>Med ett CBD-inneh\u00e5ll p\u00e5 18% kommer den garanterat att f\u00e5 dig att slappna av.<\/p>\n<p>V\u00e5ra produkter \u00e4r certifierade Swiss CBD-kvalitet. Det viktigaste f\u00f6r oss \u00e4r att kunna f\u00f6rse dig med blommor och hartser av utm\u00e4rkt v\u00e4rde, till \u00f6verkomliga och acceptabla priser, och i enlighet med de niv\u00e5er som godk\u00e4nts av EU-domstolen (&lt;0,3% THC).<\/p>\n<p>Vad kan man g\u00f6ra med dessa produkter? Avslappnande infusioner f\u00f6r att f\u00f6rb\u00e4ttra din s\u00f6mn, potpurri f\u00f6r att impregnera ditt hem med en naturlig doft, eller s\u00e5 kan du anv\u00e4nda dem i maten om du vill (sallader, s\u00e5ser, kryddor).<\/p>\n<p>Vi rekommenderar att du kontaktar din l\u00e4kare, som kan ge dig r\u00e5d om hur du b\u00e4st anv\u00e4nder din CBD.<\/p>","protected":false},"excerpt":{"rendered":"<p>Varning f\u00f6r ny produkt av h\u00f6gsta kvalitet! Om du \u00e4lskar inomhusblommor med karakt\u00e4r kommer du att \u00e4lska Kiss indoor. Odlad inomhus \u00e4r alla f\u00f6ruts\u00e4ttningar r\u00e4tt f\u00f6r en utm\u00e4rkt blomma (ljus, luftfuktighet, temperatur).<\/p>\n<p>Elle est grosse, compacte, et des couleur claire. Lors de l&rsquo;ouverture du sachet, des notes sucr\u00e9es et fruit\u00e9es vous raviront.<\/p>\n<p>Och om du gillade v\u00e5ra senaste utg\u00e5vor kommer du att se att kvaliteten fortfarande \u00e4r d\u00e4r! En produkt som du inte f\u00e5r missa!<\/p>\n<table style=\"border-collapse: collapse; width: 192px; height: 205px;\" border=\"1\">\n<tbody>\n<tr>\n<td style=\"width: 50%; text-align: center;\"><strong>THC<\/strong><\/td>\n<td style=\"width: 50%; text-align: center;\"><strong>0.24 %<\/strong><\/td>\n<\/tr>\n<tr>\n<td style=\"width: 50%; text-align: center;\"><b>CBD<\/b><\/td>\n<td style=\"width: 50%; text-align: center;\"><strong>18 %<\/strong><\/td>\n<\/tr>\n<tr>\n<td style=\"width: 50%; text-align: center;\"><b>CBG<\/b><\/td>\n<td style=\"width: 50%; text-align: center;\"><strong>n.n<\/strong><\/td>\n<\/tr>\n<tr>\n<td style=\"width: 50%; text-align: center;\"><b>Kultur<\/b><\/td>\n<td style=\"width: 50%; text-align: center;\"><strong>Inomhus<\/strong><\/td>\n<\/tr>\n<\/tbody>\n<\/table>","protected":false},"featured_media":19197,"comment_status":"open","ping_status":"closed","template":"","meta":{"inline_featured_image":false},"product_brand":[75],"product_cat":[58,253],"product_tag":[220,299],"class_list":{"0":"post-19193","1":"product","2":"type-product","3":"status-publish","4":"has-post-thumbnail","6":"product_brand-la-verte","7":"product_cat-fleurs","8":"product_cat-indoor","9":"product_tag-fleurs-cbd","10":"product_tag-fleurs-indoor","12":"first","13":"instock","14":"taxable","15":"shipping-taxable","16":"purchasable","17":"product-type-variable"},"jetpack_sharing_enabled":true,"_links":{"self":[{"href":"https:\/\/laverteshop.fr\/sv\/wp-json\/wp\/v2\/product\/19193","targetHints":{"allow":["GET"]}}],"collection":[{"href":"https:\/\/laverteshop.fr\/sv\/wp-json\/wp\/v2\/product"}],"about":[{"href":"https:\/\/laverteshop.fr\/sv\/wp-json\/wp\/v2\/types\/product"}],"replies":[{"embeddable":true,"href":"https:\/\/laverteshop.fr\/sv\/wp-json\/wp\/v2\/comments?post=19193"}],"wp:featuredmedia":[{"embeddable":true,"href":"https:\/\/laverteshop.fr\/sv\/wp-json\/wp\/v2\/media\/19197"}],"wp:attachment":[{"href":"https:\/\/laverteshop.fr\/sv\/wp-json\/wp\/v2\/media?parent=19193"}],"wp:term":[{"taxonomy":"product_brand","embeddable":true,"href":"https:\/\/laverteshop.fr\/sv\/wp-json\/wp\/v2\/product_brand?post=19193"},{"taxonomy":"product_cat","embeddable":true,"href":"https:\/\/laverteshop.fr\/sv\/wp-json\/wp\/v2\/product_cat?post=19193"},{"taxonomy":"product_tag","embeddable":true,"href":"https:\/\/laverteshop.fr\/sv\/wp-json\/wp\/v2\/product_tag?post=19193"}],"curies":[{"name":"wp","href":"https:\/\/api.w.org\/{rel}","templated":true}]}}