{"id":18438,"date":"2024-07-23T16:51:43","date_gmt":"2024-07-23T14:51:43","guid":{"rendered":"https:\/\/laverteshop.fr\/?post_type=product&#038;p=18438"},"modified":"2025-07-15T15:50:15","modified_gmt":"2025-07-15T13:50:15","slug":"blabar-inomhus-mini-knoppar-2","status":"publish","type":"product","link":"https:\/\/laverteshop.fr\/sv\/produkt\/blabar-inomhus-mini-knoppar-2\/","title":{"rendered":"Queen Purple Inomhus miniknoppar"},"content":{"rendered":"<p>Det b\u00e4sta av schweizisk CBD.<\/p>\n<p>Avis \u00e0 tous nos amateurs de mini buds et popcorn buds, voici notre nouvelle arriv\u00e9e, et c&rsquo;est une p\u00e9pite ! Cette Queen Purple Indoor mini buds, provient de la culture de la Queen Purple indoor, v\u00e9ritable bijou de fleur de CBD. Des minis buds claires, avec de jolis notes purple qui ressortent, et un go\u00fbt l\u00e9g\u00e8rement fruit\u00e9.<\/p>\n<p>Odlad inomhus, det \u00e4r en ljus, vacker blomma med en mycket stark arom. Perfekt f\u00f6r alla v\u00e5ra fans av miniknoppar, kom och prova det!<\/p>\n<p>Det viktigaste f\u00f6r oss \u00e4r att kunna f\u00f6rse dig med blommor och hartser av utm\u00e4rkt kvalitet, till \u00f6verkomliga och acceptabla priser, och i enlighet med de niv\u00e5er som godk\u00e4nts av EU-domstolen (&lt;0,3% THC).<\/p>\n<p>Vad kan man g\u00f6ra med dessa produkter? Avslappnande infusioner f\u00f6r att f\u00f6rb\u00e4ttra din s\u00f6mn, potpurri f\u00f6r att impregnera ditt hem med en naturlig doft, eller s\u00e5 kan du anv\u00e4nda dem i maten om du vill (sallader, s\u00e5ser, kryddor).<\/p>\n<p>Vi rekommenderar att du kontaktar din l\u00e4kare, som kan ge dig r\u00e5d om hur du b\u00e4st anv\u00e4nder din CBD.<\/p>\n<p>&nbsp;<\/p>\n<p>&nbsp;<\/p>\n<p>&nbsp;<\/p>\n<h6><\/h6>","protected":false},"excerpt":{"rendered":"<p>La fleur de CBD Queen Purple Indoor mini buds provient d&rsquo;une culture en int\u00e9rieur, et est \u00e9labor\u00e9e par des producteurs passionn\u00e9s et investis, pour assurer la plus haute qualit\u00e9 possible.<\/p>\n<p>S\u00f6ta sm\u00e5 knoppar, en n\u00e5got violett f\u00e4rg och blommor som luktar starkt och gott. N\u00e4r de br\u00e4nns \u00e4r anteckningarna ganska fruktiga, och 16% av CBD ger en mycket avslappnande effekt.<\/p>\n<p>Om du gillar v\u00e5ra miniknoppar och v\u00e5ra nya utg\u00e5vor under de senaste m\u00e5naderna, \u00e4r det h\u00e4r blomman f\u00f6r dig! Billigt och utm\u00e4rkt!<\/p>\n<ul>\n<li>Ursprung: Schweiz<\/li>\n<li>Sort: Queen Purple<\/li>\n<\/ul>\n<table style=\"border-collapse: collapse; width: 192px; height: 205px;\" border=\"1\">\n<tbody>\n<tr>\n<td style=\"width: 50%; text-align: center;\"><strong>THC<\/strong><\/td>\n<td style=\"width: 50%; text-align: center;\"><strong>0.23 %<\/strong><\/td>\n<\/tr>\n<tr>\n<td style=\"width: 50%; text-align: center;\"><strong>CBD<\/strong><\/td>\n<td style=\"width: 50%; text-align: center;\"><strong>16 %<\/strong><\/td>\n<\/tr>\n<tr>\n<td style=\"width: 50%; text-align: center;\"><strong>CBG<\/strong><\/td>\n<td style=\"width: 50%; text-align: center;\"><strong>n.n<\/strong><\/td>\n<\/tr>\n<tr>\n<td style=\"width: 50%; text-align: center;\"><b>Kultur<\/b><\/td>\n<td style=\"width: 50%; text-align: center;\"><strong>Inomhus<\/strong><\/td>\n<\/tr>\n<\/tbody>\n<\/table>","protected":false},"featured_media":18443,"comment_status":"open","ping_status":"closed","template":"","meta":{"inline_featured_image":false},"product_brand":[75],"product_cat":[58,253,258],"product_tag":[220,76,252],"class_list":{"0":"post-18438","1":"product","2":"type-product","3":"status-publish","4":"has-post-thumbnail","6":"product_brand-la-verte","7":"product_cat-fleurs","8":"product_cat-indoor","9":"product_cat-trim-minibuds-cbd","10":"product_tag-fleurs-cbd","11":"product_tag-indoor","12":"product_tag-mini-buds","14":"first","15":"outofstock","16":"taxable","17":"shipping-taxable","18":"purchasable","19":"product-type-variable"},"jetpack_sharing_enabled":true,"_links":{"self":[{"href":"https:\/\/laverteshop.fr\/sv\/wp-json\/wp\/v2\/product\/18438","targetHints":{"allow":["GET"]}}],"collection":[{"href":"https:\/\/laverteshop.fr\/sv\/wp-json\/wp\/v2\/product"}],"about":[{"href":"https:\/\/laverteshop.fr\/sv\/wp-json\/wp\/v2\/types\/product"}],"replies":[{"embeddable":true,"href":"https:\/\/laverteshop.fr\/sv\/wp-json\/wp\/v2\/comments?post=18438"}],"wp:featuredmedia":[{"embeddable":true,"href":"https:\/\/laverteshop.fr\/sv\/wp-json\/wp\/v2\/media\/18443"}],"wp:attachment":[{"href":"https:\/\/laverteshop.fr\/sv\/wp-json\/wp\/v2\/media?parent=18438"}],"wp:term":[{"taxonomy":"product_brand","embeddable":true,"href":"https:\/\/laverteshop.fr\/sv\/wp-json\/wp\/v2\/product_brand?post=18438"},{"taxonomy":"product_cat","embeddable":true,"href":"https:\/\/laverteshop.fr\/sv\/wp-json\/wp\/v2\/product_cat?post=18438"},{"taxonomy":"product_tag","embeddable":true,"href":"https:\/\/laverteshop.fr\/sv\/wp-json\/wp\/v2\/product_tag?post=18438"}],"curies":[{"name":"wp","href":"https:\/\/api.w.org\/{rel}","templated":true}]}}