{"id":18433,"date":"2024-07-23T16:35:22","date_gmt":"2024-07-23T14:35:22","guid":{"rendered":"https:\/\/laverteshop.fr\/?post_type=product&#038;p=18433"},"modified":"2025-07-15T15:51:53","modified_gmt":"2025-07-15T13:51:53","slug":"diesel-vaxthus-t-p-10","status":"publish","type":"product","link":"https:\/\/laverteshop.fr\/sv\/produkt\/diesel-vaxthus-t-p-10\/","title":{"rendered":"Lemon Skunk inomhus"},"content":{"rendered":"<p>Fler neo-molekyler? Inga problem! Vi \u00e4r fast beslutna att erbjuda dig det allra b\u00e4sta inom schweizisk CBD<\/p>\n<p>Comme l&rsquo;\u00eendique son nom, la Lemon Skunk Indoor provient d&rsquo;une culture en int\u00e9rieur, qui garantit les meilleurs niveaux de temp\u00e9rature, luminosit\u00e9 et humidit\u00e9. Elle provient d&rsquo;un m\u00e9lange de 2 g\u00e9n\u00e9tiques \u00e0 fort caract\u00e8re terp\u00e9nique, la Lemon Haze et la Super Skunk. Cela vous offre donc une fleur tr\u00e8s citronn\u00e9e, mais \u00e9galement avec un arri\u00e8re go\u00fbt bois\u00e9 qui la rend particuli\u00e8re et attirante.<\/p>\n<p>Kompakta blommor, fulla av vitpollinerade pistiller, och en doft som kommer att tilltala alla som \u00e4lskar fruktiga blommor av citrontyp. F\u00e5r inte missas!<\/p>\n<p>V\u00e5ra produkter \u00e4r certifierade Swiss CBD-kvalitet. Det viktigaste f\u00f6r oss \u00e4r att kunna f\u00f6rse dig med blommor och hartser av utm\u00e4rkt v\u00e4rde, till \u00f6verkomliga och acceptabla priser, och i enlighet med de niv\u00e5er som godk\u00e4nts av EU-domstolen (&lt;0,3% THC).<\/p>\n<p>Vad kan man g\u00f6ra med dessa produkter? Avslappnande infusioner f\u00f6r att f\u00f6rb\u00e4ttra din s\u00f6mn, potpurri f\u00f6r att impregnera ditt hem med en naturlig doft, eller s\u00e5 kan du anv\u00e4nda dem i maten om du vill (sallader, s\u00e5ser, kryddor).<\/p>\n<p>Vi rekommenderar att du kontaktar din l\u00e4kare, som kan ge dig r\u00e5d om hur du b\u00e4st anv\u00e4nder din CBD.<\/p>","protected":false},"excerpt":{"rendered":"<p>Pour pallier \u00e0 l&rsquo;interdiction des n\u00e9o mol\u00e9cules, nous avons d\u00e9cid\u00e9 de vous proposer le meilleur du CBD Suisse. Cette Lemon Skunk Indoor, comme l&rsquo;indique son nom, est un m\u00e9lange des g\u00e9n\u00e9tiques Lemon Haze et Super Skunk. Une culture en int\u00e9rieur, par des professionnels de la culture, qui assure une top qualit\u00e9.<\/p>\n<p>Denna blomma kommer att gl\u00e4dja dig med sina citronnoter och stora knoppar. Om du gillar citronblommor kommer du att bli k\u00e4r i den h\u00e4r nya Lemon Skunk Indoor. Med ett CBD-inneh\u00e5ll p\u00e5 18% kommer du att \u00e4lska det.<\/p>\n<p>Och om du har tagit del av v\u00e5ra senaste utg\u00e5vor ser du att kvaliteten fortfarande \u00e4r h\u00f6g.<\/p>\n<table style=\"border-collapse: collapse; width: 192px; height: 205px;\" border=\"1\">\n<tbody>\n<tr>\n<td style=\"width: 50%; text-align: center;\"><strong>THC<\/strong><\/td>\n<td style=\"width: 50%; text-align: center;\"><strong>0.28 %<\/strong><\/td>\n<\/tr>\n<tr>\n<td style=\"width: 50%; text-align: center;\"><b>CBD<\/b><\/td>\n<td style=\"width: 50%; text-align: center;\"><strong>18 %<\/strong><\/td>\n<\/tr>\n<tr>\n<td style=\"width: 50%; text-align: center;\"><b>CBG<\/b><\/td>\n<td style=\"width: 50%; text-align: center;\"><strong>n.n<\/strong><\/td>\n<\/tr>\n<tr>\n<td style=\"width: 50%; text-align: center;\"><b>Kultur<\/b><\/td>\n<td style=\"width: 50%; text-align: center;\"><strong>V\u00e4xthus<\/strong><\/td>\n<\/tr>\n<\/tbody>\n<\/table>","protected":false},"featured_media":18437,"comment_status":"open","ping_status":"closed","template":"","meta":{"inline_featured_image":false},"product_brand":[75],"product_cat":[58,253],"product_tag":[220,299],"class_list":{"0":"post-18433","1":"product","2":"type-product","3":"status-publish","4":"has-post-thumbnail","6":"product_brand-la-verte","7":"product_cat-fleurs","8":"product_cat-indoor","9":"product_tag-fleurs-cbd","10":"product_tag-fleurs-indoor","12":"first","13":"outofstock","14":"taxable","15":"shipping-taxable","16":"purchasable","17":"product-type-variable"},"jetpack_sharing_enabled":true,"_links":{"self":[{"href":"https:\/\/laverteshop.fr\/sv\/wp-json\/wp\/v2\/product\/18433","targetHints":{"allow":["GET"]}}],"collection":[{"href":"https:\/\/laverteshop.fr\/sv\/wp-json\/wp\/v2\/product"}],"about":[{"href":"https:\/\/laverteshop.fr\/sv\/wp-json\/wp\/v2\/types\/product"}],"replies":[{"embeddable":true,"href":"https:\/\/laverteshop.fr\/sv\/wp-json\/wp\/v2\/comments?post=18433"}],"wp:featuredmedia":[{"embeddable":true,"href":"https:\/\/laverteshop.fr\/sv\/wp-json\/wp\/v2\/media\/18437"}],"wp:attachment":[{"href":"https:\/\/laverteshop.fr\/sv\/wp-json\/wp\/v2\/media?parent=18433"}],"wp:term":[{"taxonomy":"product_brand","embeddable":true,"href":"https:\/\/laverteshop.fr\/sv\/wp-json\/wp\/v2\/product_brand?post=18433"},{"taxonomy":"product_cat","embeddable":true,"href":"https:\/\/laverteshop.fr\/sv\/wp-json\/wp\/v2\/product_cat?post=18433"},{"taxonomy":"product_tag","embeddable":true,"href":"https:\/\/laverteshop.fr\/sv\/wp-json\/wp\/v2\/product_tag?post=18433"}],"curies":[{"name":"wp","href":"https:\/\/api.w.org\/{rel}","templated":true}]}}