{"id":18423,"date":"2024-07-23T16:06:31","date_gmt":"2024-07-23T14:06:31","guid":{"rendered":"https:\/\/laverteshop.fr\/?post_type=product&#038;p=18423"},"modified":"2025-12-31T00:32:36","modified_gmt":"2025-12-30T23:32:36","slug":"diesel-vaxthus-t-p-8","status":"publish","type":"product","link":"https:\/\/laverteshop.fr\/sv\/produkt\/diesel-vaxthus-t-p-8\/","title":{"rendered":"Br\u00f6llopst\u00e5rta inomhus"},"content":{"rendered":"<p>Alerte P\u00c9PITE ! Pour pallier \u00e0 l&rsquo;interdiction des n\u00e9o-mol\u00e9cules, nous vous offrons le meilleur du CBD Suisse.<\/p>\n<p>En ny ankomst och en riktig sk\u00f6nhetsfynd, Wedding Cake Indoor \u00e4r en kompakt blomma, full av pollen, s\u00e5 det \u00e4r en ljusgr\u00f6n med vackra lila h\u00f6jdpunkter, som p\u00e5minner om Cupcake och Gorilla Glue blommor, som \u00e4r n\u00e5gra av de mest popul\u00e4ra CBD- och THC-sorterna.<\/p>\n<p>Lors de l&rsquo;ouverture du pochon, vous serez pris par cette belle odeur florale, m\u00eal\u00e9e de notes fruit\u00e9es, mais un c\u00f4t\u00e9 terreux qui affirme son caract\u00e8re. Une top fleur de culture indoor, avec un taux de CBD plut\u00f4t \u00e9lev\u00e9 (plus de 20%). Si vous avez aim\u00e9 nos derni\u00e8res additions \u00e0 nos fleurs indoors, cette Wedding Cake va devenir votre nouvelle fleur favorite !<\/p>\n<p>V\u00e5ra produkter \u00e4r certifierade Swiss CBD-kvalitet. Det viktigaste f\u00f6r oss \u00e4r att kunna f\u00f6rse dig med blommor och hartser av utm\u00e4rkt v\u00e4rde, till \u00f6verkomliga och acceptabla priser, och i enlighet med de niv\u00e5er som godk\u00e4nts av EU-domstolen (&lt;0,3% THC).<\/p>\n<p>Vad kan man g\u00f6ra med dessa produkter? Avslappnande infusioner f\u00f6r att f\u00f6rb\u00e4ttra din s\u00f6mn, potpurri f\u00f6r att impregnera ditt hem med en naturlig doft, eller s\u00e5 kan du anv\u00e4nda dem i maten om du vill (sallader, s\u00e5ser, kryddor).<\/p>\n<p>Vi rekommenderar att du kontaktar din l\u00e4kare, som kan ge dig r\u00e5d om hur du b\u00e4st anv\u00e4nder din CBD.<\/p>","protected":false},"excerpt":{"rendered":"<p>Alerte P\u00c9PITE ! La Wedding Cake Indoor est notre nouvelle addition \u00e0 notre catalogue de fleurs indoor. Mais pas n&rsquo;importe quel ajout! On parle d&rsquo;une fleur absolument magnifique, excellement bien manucur\u00e9e, claire, avec des reflets violets tr\u00e8s legers mais qui la rend si sp\u00e9ciale. Compacte et facile a manier et \u00e9ffriter, on reconnait bien une culture indoor de qualit\u00e9 Suisse.<\/p>\n<p>Denna Wedding Cake Indoor kommer att gl\u00e4dja dig med sitt relativt h\u00f6ga CBD-inneh\u00e5ll, vilket garanterar utm\u00e4rkt avkoppling. N\u00e4r det brinner kommer du att m\u00e4rka en mycket blommig doft.<\/p>\n<p>Om du gillade v\u00e5ra senaste nyheter kommer du att bli \u00f6vertygad av denna kvalitetsblomma.<\/p>\n<table style=\"border-collapse: collapse; width: 192px; height: 205px;\" border=\"1\">\n<tbody>\n<tr>\n<td style=\"width: 50%; text-align: center;\"><strong>THC<\/strong><\/td>\n<td style=\"width: 50%; text-align: center;\"><strong>0.28 %<\/strong><\/td>\n<\/tr>\n<tr>\n<td style=\"width: 50%; text-align: center;\"><b>CBD<\/b><\/td>\n<td style=\"width: 50%; text-align: center;\"><strong>&gt;20%<\/strong><\/td>\n<\/tr>\n<tr>\n<td style=\"width: 50%; text-align: center;\"><b>CBG<\/b><\/td>\n<td style=\"width: 50%; text-align: center;\"><strong>n.n<\/strong><\/td>\n<\/tr>\n<tr>\n<td style=\"width: 50%; text-align: center;\"><b>Kultur<\/b><\/td>\n<td style=\"width: 50%; text-align: center;\"><strong>Inomhus<\/strong><\/td>\n<\/tr>\n<\/tbody>\n<\/table>","protected":false},"featured_media":18427,"comment_status":"open","ping_status":"closed","template":"","meta":{"inline_featured_image":false},"product_brand":[75],"product_cat":[58,253],"product_tag":[220,299],"class_list":{"0":"post-18423","1":"product","2":"type-product","3":"status-publish","4":"has-post-thumbnail","6":"product_brand-la-verte","7":"product_cat-fleurs","8":"product_cat-indoor","9":"product_tag-fleurs-cbd","10":"product_tag-fleurs-indoor","12":"first","13":"instock","14":"taxable","15":"shipping-taxable","16":"purchasable","17":"product-type-variable"},"jetpack_sharing_enabled":true,"_links":{"self":[{"href":"https:\/\/laverteshop.fr\/sv\/wp-json\/wp\/v2\/product\/18423","targetHints":{"allow":["GET"]}}],"collection":[{"href":"https:\/\/laverteshop.fr\/sv\/wp-json\/wp\/v2\/product"}],"about":[{"href":"https:\/\/laverteshop.fr\/sv\/wp-json\/wp\/v2\/types\/product"}],"replies":[{"embeddable":true,"href":"https:\/\/laverteshop.fr\/sv\/wp-json\/wp\/v2\/comments?post=18423"}],"wp:featuredmedia":[{"embeddable":true,"href":"https:\/\/laverteshop.fr\/sv\/wp-json\/wp\/v2\/media\/18427"}],"wp:attachment":[{"href":"https:\/\/laverteshop.fr\/sv\/wp-json\/wp\/v2\/media?parent=18423"}],"wp:term":[{"taxonomy":"product_brand","embeddable":true,"href":"https:\/\/laverteshop.fr\/sv\/wp-json\/wp\/v2\/product_brand?post=18423"},{"taxonomy":"product_cat","embeddable":true,"href":"https:\/\/laverteshop.fr\/sv\/wp-json\/wp\/v2\/product_cat?post=18423"},{"taxonomy":"product_tag","embeddable":true,"href":"https:\/\/laverteshop.fr\/sv\/wp-json\/wp\/v2\/product_tag?post=18423"}],"curies":[{"name":"wp","href":"https:\/\/api.w.org\/{rel}","templated":true}]}}