{"id":18101,"date":"2024-05-30T17:16:59","date_gmt":"2024-05-30T15:16:59","guid":{"rendered":"https:\/\/laverteshop.fr\/?post_type=product&#038;p=18101"},"modified":"2026-04-03T21:26:48","modified_gmt":"2026-04-03T19:26:48","slug":"diesel-vaxthus-t-p-5","status":"publish","type":"product","link":"https:\/\/laverteshop.fr\/sv\/produkt\/diesel-vaxthus-t-p-5\/","title":{"rendered":"Hybrid av vithaj"},"content":{"rendered":"<p>Vithajshybriden, en ny uppt\u00e4ckt fr\u00e5n v\u00e5rt R&amp;D-team<\/p>\n<p>Cette fleur provient d&rsquo;une culture sous serre mais avec des lampes, ce qui rend la fleur plus compacte, et donc qui ressemble \u00e0 une fleur indoor. C&rsquo;est une hybride car elle est faite \u00e0 partir d&rsquo;une bouture de la vari\u00e9t\u00e9 great white shark, accoupl\u00e9e \u00e0 une white widow<\/p>\n<p>Den \u00e4r ganska klar och full av orange och vita trikomer. En ganska racy blomma, den har en kraftfull smak n\u00e4r den \u00e4ts, d\u00e4r peppriga toner kommer att sticka ut. En prisv\u00e4rd blomma som erbjuder mycket bra valuta f\u00f6r pengarna.<\/p>\n<p>V\u00e5ra produkter \u00e4r certifierade Swiss CBD-kvalitet. Det viktigaste f\u00f6r oss \u00e4r att kunna f\u00f6rse dig med blommor och hartser av utm\u00e4rkt v\u00e4rde, till \u00f6verkomliga och acceptabla priser, och i enlighet med de niv\u00e5er som godk\u00e4nts av EU-domstolen (&lt;0,3% THC).<\/p>\n<p>Vad kan man g\u00f6ra med dessa produkter? Avslappnande infusioner f\u00f6r att f\u00f6rb\u00e4ttra din s\u00f6mn, potpurri f\u00f6r att impregnera ditt hem med en naturlig doft, eller s\u00e5 kan du anv\u00e4nda dem i maten om du vill (sallader, s\u00e5ser, kryddor).<\/p>\n<p>Vi rekommenderar att du kontaktar din l\u00e4kare, som kan ge dig r\u00e5d om hur du b\u00e4st anv\u00e4nder din CBD.<\/p>","protected":false},"excerpt":{"rendered":"<p>Great White Shark Hybrid \u00e4r det senaste tillskottet till v\u00e5r katalog. En mycket v\u00e4lk\u00e4nd sort i cannabisv\u00e4rlden.<\/p>\n<p>Denna kompakta, ljusgr\u00f6na blomma \u00e4r fylld med orange och vita trikomer. Den har odlats som en hybrid, s\u00e5 du hittar inte en liknande blomma!<\/p>\n<p>Utm\u00e4rkt valuta f\u00f6r pengarna f\u00f6r en mycket v\u00e4ldoftande och sp\u00e4nnande blomma.<\/p>\n<table style=\"border-collapse: collapse; width: 192px; height: 205px;\" border=\"1\">\n<tbody>\n<tr>\n<td style=\"width: 50%; text-align: center;\"><strong>THC<\/strong><\/td>\n<td style=\"width: 50%; text-align: center;\"><strong>0.26 %<\/strong><\/td>\n<\/tr>\n<tr>\n<td style=\"width: 50%; text-align: center;\"><b>CBD<\/b><\/td>\n<td style=\"width: 50%; text-align: center;\"><strong>17 %<\/strong><\/td>\n<\/tr>\n<tr>\n<td style=\"width: 50%; text-align: center;\"><b>CBG<\/b><\/td>\n<td style=\"width: 50%; text-align: center;\"><strong>n.n<\/strong><\/td>\n<\/tr>\n<tr>\n<td style=\"width: 50%; text-align: center;\"><b>Kultur<\/b><\/td>\n<td style=\"width: 50%; text-align: center;\"><strong>lampa under glas<\/strong><\/td>\n<\/tr>\n<\/tbody>\n<\/table>","protected":false},"featured_media":18112,"comment_status":"open","ping_status":"closed","template":"","meta":{"inline_featured_image":false},"product_brand":[75],"product_cat":[58,255],"product_tag":[220,300],"class_list":{"0":"post-18101","1":"product","2":"type-product","3":"status-publish","4":"has-post-thumbnail","6":"product_brand-la-verte","7":"product_cat-fleurs","8":"product_cat-greenhouse","9":"product_tag-fleurs-cbd","10":"product_tag-fleurs-hybride","12":"first","13":"instock","14":"taxable","15":"shipping-taxable","16":"purchasable","17":"product-type-variable"},"jetpack_sharing_enabled":true,"_links":{"self":[{"href":"https:\/\/laverteshop.fr\/sv\/wp-json\/wp\/v2\/product\/18101","targetHints":{"allow":["GET"]}}],"collection":[{"href":"https:\/\/laverteshop.fr\/sv\/wp-json\/wp\/v2\/product"}],"about":[{"href":"https:\/\/laverteshop.fr\/sv\/wp-json\/wp\/v2\/types\/product"}],"replies":[{"embeddable":true,"href":"https:\/\/laverteshop.fr\/sv\/wp-json\/wp\/v2\/comments?post=18101"}],"wp:featuredmedia":[{"embeddable":true,"href":"https:\/\/laverteshop.fr\/sv\/wp-json\/wp\/v2\/media\/18112"}],"wp:attachment":[{"href":"https:\/\/laverteshop.fr\/sv\/wp-json\/wp\/v2\/media?parent=18101"}],"wp:term":[{"taxonomy":"product_brand","embeddable":true,"href":"https:\/\/laverteshop.fr\/sv\/wp-json\/wp\/v2\/product_brand?post=18101"},{"taxonomy":"product_cat","embeddable":true,"href":"https:\/\/laverteshop.fr\/sv\/wp-json\/wp\/v2\/product_cat?post=18101"},{"taxonomy":"product_tag","embeddable":true,"href":"https:\/\/laverteshop.fr\/sv\/wp-json\/wp\/v2\/product_tag?post=18101"}],"curies":[{"name":"wp","href":"https:\/\/api.w.org\/{rel}","templated":true}]}}