{"id":18066,"date":"2024-05-23T16:29:53","date_gmt":"2024-05-23T14:29:53","guid":{"rendered":"https:\/\/laverteshop.fr\/?post_type=product&#038;p=18066"},"modified":"2025-07-11T10:22:20","modified_gmt":"2025-07-11T08:22:20","slug":"ocb-king-size-slim-organisk-hampa-2","status":"publish","type":"product","link":"https:\/\/laverteshop.fr\/sv\/produkt\/ocb-king-size-slim-organisk-hampa-2\/","title":{"rendered":"OCB Bambu King Size Smala Papper"},"content":{"rendered":"<div>H\u00e4r presenterar OCB cigarettpapper tillverkat av 100%-bambu.<\/div>\n<div><\/div>\n<div>Bambu \u00e4r en av de snabbast f\u00f6rnybara r\u00e5varorna och det papper som tillverkas av bambu k\u00e4nnetecknas ocks\u00e5 av sin flexibilitet och rivh\u00e5llfasthet.<\/div>\n<div>Varje h\u00e4fte inneh\u00e5ller 32 mycket fina, oblekta bambupapper som brinner j\u00e4mnt.<\/div>\n<div>Denna produkt \u00e4r vegansk och tillverkad i Frankrike.<\/div>\n<div><\/div>\n<div>Egenskaper:<\/div>\n<div><\/div>\n<div>- Pappersstorlek: 44 x 109 mm<\/div>\n<div>- Oblekt och fri fr\u00e5n f\u00e4rg\u00e4mnen<\/div>\n<div>- 32 artiklar per h\u00e4fte<\/div>\n<div>- 50 h\u00e4ften per l\u00e5da (= 1 enhet)<\/div>\n<div>- 50 l\u00e5dor per mastercase<\/div>\n<p>&nbsp;<\/p>","protected":false},"excerpt":{"rendered":"<h2>OCB Bambu King Size Smala Papper<\/h2>\n<p>H\u00e4r presenterar OCB cigarettpapper tillverkat av 100%-bambu.<\/p>\n<p>En vegansk produkt tillverkad i Frankrike. Ett m\u00e5ste f\u00f6r alla som gillar oblekta blad av h\u00f6g kvalitet.<\/p>\n<p>De \u00e4r tillverkade av oblekt ekologisk hampa och inneh\u00e5ller inga kemikalier (t.ex. klorid).<\/p>\n<ul>\n<li>Pappersstorlek: 44 x 109 mm<\/li>\n<li>Oblekt och fri fr\u00e5n f\u00e4rg\u00e4mnen<\/li>\n<li>32 ark per f\u00f6rpackning<\/li>\n<\/ul>","protected":false},"featured_media":18068,"comment_status":"open","ping_status":"closed","template":"","meta":{"inline_featured_image":false},"product_brand":[224],"product_cat":[196,61],"product_tag":[217],"class_list":{"0":"post-18066","1":"product","2":"type-product","3":"status-publish","4":"has-post-thumbnail","6":"product_brand-ocb","7":"product_cat-feuilles-a-rouler","8":"product_cat-accessoires","9":"product_tag-feuilles","11":"first","12":"instock","13":"taxable","14":"shipping-taxable","15":"purchasable","16":"product-type-simple"},"jetpack_sharing_enabled":true,"_links":{"self":[{"href":"https:\/\/laverteshop.fr\/sv\/wp-json\/wp\/v2\/product\/18066","targetHints":{"allow":["GET"]}}],"collection":[{"href":"https:\/\/laverteshop.fr\/sv\/wp-json\/wp\/v2\/product"}],"about":[{"href":"https:\/\/laverteshop.fr\/sv\/wp-json\/wp\/v2\/types\/product"}],"replies":[{"embeddable":true,"href":"https:\/\/laverteshop.fr\/sv\/wp-json\/wp\/v2\/comments?post=18066"}],"wp:featuredmedia":[{"embeddable":true,"href":"https:\/\/laverteshop.fr\/sv\/wp-json\/wp\/v2\/media\/18068"}],"wp:attachment":[{"href":"https:\/\/laverteshop.fr\/sv\/wp-json\/wp\/v2\/media?parent=18066"}],"wp:term":[{"taxonomy":"product_brand","embeddable":true,"href":"https:\/\/laverteshop.fr\/sv\/wp-json\/wp\/v2\/product_brand?post=18066"},{"taxonomy":"product_cat","embeddable":true,"href":"https:\/\/laverteshop.fr\/sv\/wp-json\/wp\/v2\/product_cat?post=18066"},{"taxonomy":"product_tag","embeddable":true,"href":"https:\/\/laverteshop.fr\/sv\/wp-json\/wp\/v2\/product_tag?post=18066"}],"curies":[{"name":"wp","href":"https:\/\/api.w.org\/{rel}","templated":true}]}}