{"id":16612,"date":"2023-10-26T16:19:47","date_gmt":"2023-10-26T14:19:47","guid":{"rendered":"https:\/\/laverteshop.fr\/?post_type=product&#038;p=16612"},"modified":"2025-07-15T16:02:01","modified_gmt":"2025-07-15T14:02:01","slug":"djupt-godis-vaxthus","status":"publish","type":"product","link":"https:\/\/laverteshop.fr\/sv\/produkt\/djupt-godis-vaxthus\/","title":{"rendered":"V\u00e4xthus Deep Candy"},"content":{"rendered":"<p>La fleur de CBD Deep Candy Greenhouse provient d&rsquo;une culture sous serre, serres qui se trouvent dans le canton du Valais, ou la temp\u00e9rature et la m\u00e9t\u00e9o sont propices \u00e0 la culture. Peu d&rsquo;humidit\u00e9, un soleil bien pr\u00e9sent et des temp\u00e9ratures temp\u00e9r\u00e9es. Une particularit\u00e9 qui fait que cette fleur est d&rsquo;excellente qualit\u00e9, c&rsquo;est que c&rsquo;est une culture sous serre mais avec lampes, et donc une luminosit\u00e9 plus forte, qui permet de donner une fleur de top qualit\u00e9<\/p>\n<p>Une fleur plut\u00f4t verte fonc\u00e9, et une manucure travaill\u00e9e \u00e0 la perfection. Cette Deep Candy Greenhouse est une fleur humide, qui a de des aromes tr\u00e8s pr\u00e9sents lorsque vous l&rsquo;utilisez. De grosses fleurs bien compactes (entre 3 et 6 cm) qui raviront les amateurs de fleurs sous serre bien odorantes et puissantes.<\/p>\n<p>Det viktigaste f\u00f6r oss \u00e4r att kunna f\u00f6rse dig med blommor och hartser av utm\u00e4rkt kvalitet, till \u00f6verkomliga och acceptabla priser, och i enlighet med de niv\u00e5er som godk\u00e4nts av EU-domstolen (&lt;0,3% THC).<\/p>\n<p>Vad kan man g\u00f6ra med dessa produkter? Avslappnande infusioner f\u00f6r att f\u00f6rb\u00e4ttra din s\u00f6mn, potpurri f\u00f6r att impregnera ditt hem med en naturlig doft, eller s\u00e5 kan du anv\u00e4nda dem i maten om du vill (sallader, s\u00e5ser, kryddor).<\/p>\n<p>Vi rekommenderar att du kontaktar din l\u00e4kare, som kan ge dig r\u00e5d om hur du b\u00e4st anv\u00e4nder din CBD.<\/p>\n<p>&nbsp;<\/p>\n<p>&nbsp;<\/p>\n<p>&nbsp;<\/p>\n<h6><\/h6>","protected":false},"excerpt":{"rendered":"<p>Cette Deep Candy Greenhouse provient d&rsquo;une culture sous serre, serres qui se trouvent dans le canton du Valais, ou la temp\u00e9rature et la m\u00e9t\u00e9o sont propices \u00e0 la culture. La particularit\u00e9 qui rend cette fleur d&rsquo;excellente qualit\u00e9 est que sous ces serres, il y a des lampes, et donc une luminosit\u00e9 meilleure lors de la culture.<\/p>\n<p>En magnifik djupgr\u00f6n blomma och en manikyr av h\u00f6gsta kvalitet (handgjord av oss). Det speciella med denna Deep Candy Greenhouse \u00e4r dess doft, en l\u00e4tt fruktig, tr\u00e4ig blandning som kommer att tilltala fans av v\u00e4xthusblommor. Fr\u00e5n bara 3 euro per gram kommer den s\u00e4kert att bli din nya favoritblomma!<\/p>\n<ul>\n<li>Odling: under glas<\/li>\n<\/ul>\n<table style=\"border-collapse: collapse; width: 192px; height: 205px;\" border=\"1\">\n<tbody>\n<tr>\n<td style=\"width: 50%; text-align: center;\"><strong>THC<\/strong><\/td>\n<td style=\"width: 50%; text-align: center;\"><strong>0.26 %<\/strong><\/td>\n<\/tr>\n<tr>\n<td style=\"width: 50%; text-align: center;\"><strong>CBD<\/strong><\/td>\n<td style=\"width: 50%; text-align: center;\"><strong>15 %<\/strong><\/td>\n<\/tr>\n<tr>\n<td style=\"width: 50%; text-align: center;\"><strong>CBG<\/strong><\/td>\n<td style=\"width: 50%; text-align: center;\"><strong>n.n<\/strong><\/td>\n<\/tr>\n<tr>\n<td style=\"width: 50%; text-align: center;\"><b>Kultur<\/b><\/td>\n<td style=\"width: 50%; text-align: center;\"><strong>v\u00e4xthus<\/strong><\/td>\n<\/tr>\n<\/tbody>\n<\/table>","protected":false},"featured_media":16617,"comment_status":"open","ping_status":"closed","template":"","meta":{"inline_featured_image":false},"product_brand":[75],"product_cat":[58,255],"product_tag":[220,227],"class_list":{"0":"post-16612","1":"product","2":"type-product","3":"status-publish","4":"has-post-thumbnail","6":"product_brand-la-verte","7":"product_cat-fleurs","8":"product_cat-greenhouse","9":"product_tag-fleurs-cbd","10":"product_tag-greenhouse","12":"first","13":"instock","14":"taxable","15":"shipping-taxable","16":"purchasable","17":"product-type-variable"},"jetpack_sharing_enabled":true,"_links":{"self":[{"href":"https:\/\/laverteshop.fr\/sv\/wp-json\/wp\/v2\/product\/16612","targetHints":{"allow":["GET"]}}],"collection":[{"href":"https:\/\/laverteshop.fr\/sv\/wp-json\/wp\/v2\/product"}],"about":[{"href":"https:\/\/laverteshop.fr\/sv\/wp-json\/wp\/v2\/types\/product"}],"replies":[{"embeddable":true,"href":"https:\/\/laverteshop.fr\/sv\/wp-json\/wp\/v2\/comments?post=16612"}],"wp:featuredmedia":[{"embeddable":true,"href":"https:\/\/laverteshop.fr\/sv\/wp-json\/wp\/v2\/media\/16617"}],"wp:attachment":[{"href":"https:\/\/laverteshop.fr\/sv\/wp-json\/wp\/v2\/media?parent=16612"}],"wp:term":[{"taxonomy":"product_brand","embeddable":true,"href":"https:\/\/laverteshop.fr\/sv\/wp-json\/wp\/v2\/product_brand?post=16612"},{"taxonomy":"product_cat","embeddable":true,"href":"https:\/\/laverteshop.fr\/sv\/wp-json\/wp\/v2\/product_cat?post=16612"},{"taxonomy":"product_tag","embeddable":true,"href":"https:\/\/laverteshop.fr\/sv\/wp-json\/wp\/v2\/product_tag?post=16612"}],"curies":[{"name":"wp","href":"https:\/\/api.w.org\/{rel}","templated":true}]}}