{"id":16013,"date":"2023-08-03T10:00:34","date_gmt":"2023-08-03T08:00:34","guid":{"rendered":"https:\/\/laverteshop.fr\/?post_type=product&#038;p=16013"},"modified":"2025-07-15T16:36:31","modified_gmt":"2025-07-15T14:36:31","slug":"jordgubbsvaxthus","status":"publish","type":"product","link":"https:\/\/laverteshop.fr\/sv\/produkt\/jordgubbsvaxthus\/","title":{"rendered":"V\u00e4xthus f\u00f6r jordgubbar"},"content":{"rendered":"<p>Voici notre nouvelle fleur de CBD Strawberry Greenhouse. Comme l&rsquo;indique son nom, elle provient d&rsquo;une g\u00e9n\u00e9tique Strawberry pure, et est cultiv\u00e9 sous serres dans le canton de Valais en Suisse.<\/p>\n<p>Une magnifique fleur, avec des buds de calibre plut\u00f4t gros. Elle est manucur\u00e9e \u00e0 la perfection pour une fleur sous serre, et pr\u00e9sente de jolis trichomes orang\u00e9s. A l&rsquo;ouverture du sachet, des notes sucr\u00e9es de fraise apparaissent tr\u00e8s clairement. C&rsquo;est une vari\u00e9t\u00e9 \u00e0 ne pas louper si vous aimez les fleurs au go\u00fbt fruit\u00e9.<\/p>\n<p>Det viktigaste f\u00f6r oss \u00e4r att kunna f\u00f6rse dig med blommor och hartser av utm\u00e4rkt kvalitet, till \u00f6verkomliga och acceptabla priser, och i enlighet med de niv\u00e5er som godk\u00e4nts av EU-domstolen (&lt;0,3% THC).<\/p>\n<p>Vad kan man g\u00f6ra med dessa produkter? Avslappnande infusioner f\u00f6r att f\u00f6rb\u00e4ttra din s\u00f6mn, potpurri f\u00f6r att impregnera ditt hem med en naturlig doft, eller s\u00e5 kan du anv\u00e4nda dem i maten om du vill (sallader, s\u00e5ser, kryddor).<\/p>\n<p>Vi rekommenderar att du kontaktar din l\u00e4kare, som kan ge dig r\u00e5d om hur du b\u00e4st anv\u00e4nder din CBD.<\/p>\n<p>&nbsp;<\/p>\n<p>&nbsp;<\/p>\n<p>&nbsp;<\/p>\n<h6><\/h6>","protected":false},"excerpt":{"rendered":"<p>CBD Jordgubbsblomma \u00e4r en v\u00e4lk\u00e4nd och mycket \u00e4lskad genetik. Denna gr\u00f6da \u00e4r ren jordgubbe, inte kombinerad med n\u00e5gon annan genetik.<\/p>\n<p>Ganska m\u00f6rkgr\u00f6na blommor med orange trichomer, typiska f\u00f6r denna sort. Knopparna \u00e4r stora och mycket aromatiska (jordgubbe, r\u00f6d frukt, s\u00f6t). Om du gillar blommor med en s\u00f6t smak \u00e4r det h\u00e4r produkten f\u00f6r dig!<\/p>\n<p>Detta senaste fynd kommer att gl\u00e4dja alla v\u00e5ra \u00e4lskare av kvalitetsblommor.<\/p>\n<ul>\n<li>Odling: Under glas<\/li>\n<li>Ursprung: Valais<\/li>\n<\/ul>\n<table style=\"border-collapse: collapse; width: 192px; height: 205px;\" border=\"1\">\n<tbody>\n<tr>\n<td style=\"width: 50%; text-align: center;\"><strong>THC<\/strong><\/td>\n<td style=\"width: 50%; text-align: center;\"><strong>0.26%<\/strong><\/td>\n<\/tr>\n<tr>\n<td style=\"width: 50%; text-align: center;\"><strong>CBD<\/strong><\/td>\n<td style=\"width: 50%; text-align: center;\"><strong>17 %<\/strong><\/td>\n<\/tr>\n<tr>\n<td style=\"width: 50%; text-align: center;\"><strong>CBG<\/strong><\/td>\n<td style=\"width: 50%; text-align: center;\"><strong>n.n<\/strong><\/td>\n<\/tr>\n<tr>\n<td style=\"width: 50%; text-align: center;\"><b>Kultur<\/b><\/td>\n<td style=\"width: 50%; text-align: center;\"><strong>V\u00e4xthus<\/strong><\/td>\n<\/tr>\n<\/tbody>\n<\/table>","protected":false},"featured_media":16018,"comment_status":"open","ping_status":"closed","template":"","meta":{"inline_featured_image":false},"product_brand":[75],"product_cat":[58,255],"product_tag":[220,227],"class_list":{"0":"post-16013","1":"product","2":"type-product","3":"status-publish","4":"has-post-thumbnail","6":"product_brand-la-verte","7":"product_cat-fleurs","8":"product_cat-greenhouse","9":"product_tag-fleurs-cbd","10":"product_tag-greenhouse","12":"first","13":"instock","14":"taxable","15":"shipping-taxable","16":"purchasable","17":"product-type-variable"},"jetpack_sharing_enabled":true,"_links":{"self":[{"href":"https:\/\/laverteshop.fr\/sv\/wp-json\/wp\/v2\/product\/16013","targetHints":{"allow":["GET"]}}],"collection":[{"href":"https:\/\/laverteshop.fr\/sv\/wp-json\/wp\/v2\/product"}],"about":[{"href":"https:\/\/laverteshop.fr\/sv\/wp-json\/wp\/v2\/types\/product"}],"replies":[{"embeddable":true,"href":"https:\/\/laverteshop.fr\/sv\/wp-json\/wp\/v2\/comments?post=16013"}],"wp:featuredmedia":[{"embeddable":true,"href":"https:\/\/laverteshop.fr\/sv\/wp-json\/wp\/v2\/media\/16018"}],"wp:attachment":[{"href":"https:\/\/laverteshop.fr\/sv\/wp-json\/wp\/v2\/media?parent=16013"}],"wp:term":[{"taxonomy":"product_brand","embeddable":true,"href":"https:\/\/laverteshop.fr\/sv\/wp-json\/wp\/v2\/product_brand?post=16013"},{"taxonomy":"product_cat","embeddable":true,"href":"https:\/\/laverteshop.fr\/sv\/wp-json\/wp\/v2\/product_cat?post=16013"},{"taxonomy":"product_tag","embeddable":true,"href":"https:\/\/laverteshop.fr\/sv\/wp-json\/wp\/v2\/product_tag?post=16013"}],"curies":[{"name":"wp","href":"https:\/\/api.w.org\/{rel}","templated":true}]}}