{"id":15797,"date":"2023-07-04T17:16:49","date_gmt":"2023-07-04T15:16:49","guid":{"rendered":"https:\/\/laverteshop.fr\/?post_type=product&#038;p=15797"},"modified":"2026-04-12T21:02:52","modified_gmt":"2026-04-12T19:02:52","slug":"charas-rod","status":"publish","type":"product","link":"https:\/\/laverteshop.fr\/sv\/produkt\/charas-rod\/","title":{"rendered":"Charas Organic Red Exclusive"},"content":{"rendered":"<p><span style=\"font-size: 14.4px;\">Charas Rouge BIO \u00e4r v\u00e5rt senaste tillskott till v\u00e5r haschkatalog. En superb kompakt harts, ganska fuktig, men mycket l\u00e4tt att konsumera.<\/span><\/p>\n<p><span style=\"font-size: 14.4px;\">C&rsquo;est un hash tr\u00e8s aromatique, et extr\u00eamement mall\u00e9able. Il vous sera facile de le consommer, avec ou sans combustion lors de la pr\u00e9paration.<\/span><\/p>\n<p>Ce Charas Rouge a un taux de CBD de 25%. Ce qui n&rsquo;est pas n\u00e9gligeable et qui vous procurera une relaxation qui ne passera pas inaper\u00e7ue.<\/p>\n<p>V\u00e5ra produkter \u00e4r certifierade Swiss CBD-kvalitet. Det viktigaste f\u00f6r oss \u00e4r att kunna f\u00f6rse dig med blommor och hartser av utm\u00e4rkt v\u00e4rde, till \u00f6verkomliga och acceptabla priser, och i enlighet med de niv\u00e5er som godk\u00e4nts av EU-domstolen (&lt;0,3% THC).<\/p>\n<p>Vad kan man g\u00f6ra med dessa produkter? Avslappnande infusioner f\u00f6r att f\u00f6rb\u00e4ttra din s\u00f6mn, potpurri f\u00f6r att impregnera ditt hem med en naturlig doft, eller s\u00e5 kan du anv\u00e4nda dem i maten om du vill (sallader, s\u00e5ser, kryddor).<\/p>\n<p><strong>VIKTIG ANM\u00c4RKNING:<\/strong> Nos r\u00e9sines et hash sont pr\u00e9par\u00e9s dans des laboratoires certifi\u00e9s, avec des proc\u00e9d\u00e9s et techniques qui appartiennent seulement aux producteurs avec qui nous travaillons. La texture et l&rsquo;odeur des produits peuvent donc changer d&rsquo;une r\u00e9colte \u00e0 une autre, d\u00e9pendant aussi de la fleur utilis\u00e9e. Si vous avez un probl\u00e8me avec un produit, contactez nous \u00e0 <a href=\"mailto:contact@laverteshop.fr\">contact@laverteshop.fr<\/a> s\u00e5 hittar vi en l\u00f6sning som g\u00f6r dig n\u00f6jd. Tack f\u00f6r din f\u00f6rst\u00e5else.<\/p>\n<p>Vi rekommenderar att du kontaktar din l\u00e4kare, som kan ge dig r\u00e5d om hur du b\u00e4st anv\u00e4nder din CBD.<\/p>","protected":false},"excerpt":{"rendered":"<p>Uppt\u00e4ck v\u00e5r helt nya Charas Rouge BIO, ett anm\u00e4rkningsv\u00e4rt tillskott till v\u00e5rt hashsortiment. Detta exceptionella harts, b\u00e5de mjukt och intensivt aromatiskt, t\u00e4njer p\u00e5 gr\u00e4nserna f\u00f6r perfektion. Denna hasch tillverkas av ekologiska schweiziska blommor av h\u00f6gsta kvalitet (jordgubbar, bl\u00e5b\u00e4r och CBG) och odlas omsorgsfullt inomhus i kantonen Bern.<\/p>\n<p>F\u00f6rdjupa dig i en upplevelse av absolut avkoppling med denna harts med o\u00f6vertr\u00e4ffad avkopplande kraft. Dess utpr\u00e4glade smak g\u00f6r den till ett oumb\u00e4rligt val f\u00f6r alla som \u00e4lskar god hasch. L\u00e5t inte detta tillf\u00e4lle g\u00e5 dig f\u00f6rbi - din gom kommer att tacka dig.<\/p>\n<ul>\n<li>Ursprung: Schweiz<\/li>\n<li>Effekter: avslappnande<\/li>\n<\/ul>\n<table style=\"border-collapse: collapse; width: 192px; height: 205px;\" border=\"1\">\n<tbody>\n<tr>\n<td style=\"width: 50%; text-align: center;\"><strong>THC<\/strong><\/td>\n<td style=\"width: 50%; text-align: center;\"><strong>0.3% &lt;<\/strong><\/td>\n<\/tr>\n<tr>\n<td style=\"width: 50%; text-align: center;\"><strong>CBD<\/strong><\/td>\n<td style=\"width: 50%; text-align: center;\"><strong>25 %<\/strong><\/td>\n<\/tr>\n<tr>\n<td style=\"width: 50%; text-align: center;\"><b>CBG<\/b><\/td>\n<td style=\"width: 50%; text-align: center;\"><strong>8%<\/strong><\/td>\n<\/tr>\n<tr>\n<td style=\"width: 50%; text-align: center;\"><b>Kultur<\/b><\/td>\n<td style=\"width: 50%; text-align: center;\"><strong>Inomhus<\/strong><\/td>\n<\/tr>\n<\/tbody>\n<\/table>\n<p>&nbsp;<\/p>","protected":false},"featured_media":17381,"comment_status":"open","ping_status":"closed","template":"","meta":{"inline_featured_image":false},"product_brand":[75],"product_cat":[59],"product_tag":[244,230],"class_list":{"0":"post-15797","1":"product","2":"type-product","3":"status-publish","4":"has-post-thumbnail","6":"product_brand-la-verte","7":"product_cat-pollens","8":"product_tag-hash","9":"product_tag-resines","11":"first","12":"instock","13":"taxable","14":"shipping-taxable","15":"purchasable","16":"product-type-variable"},"jetpack_sharing_enabled":true,"_links":{"self":[{"href":"https:\/\/laverteshop.fr\/sv\/wp-json\/wp\/v2\/product\/15797","targetHints":{"allow":["GET"]}}],"collection":[{"href":"https:\/\/laverteshop.fr\/sv\/wp-json\/wp\/v2\/product"}],"about":[{"href":"https:\/\/laverteshop.fr\/sv\/wp-json\/wp\/v2\/types\/product"}],"replies":[{"embeddable":true,"href":"https:\/\/laverteshop.fr\/sv\/wp-json\/wp\/v2\/comments?post=15797"}],"wp:featuredmedia":[{"embeddable":true,"href":"https:\/\/laverteshop.fr\/sv\/wp-json\/wp\/v2\/media\/17381"}],"wp:attachment":[{"href":"https:\/\/laverteshop.fr\/sv\/wp-json\/wp\/v2\/media?parent=15797"}],"wp:term":[{"taxonomy":"product_brand","embeddable":true,"href":"https:\/\/laverteshop.fr\/sv\/wp-json\/wp\/v2\/product_brand?post=15797"},{"taxonomy":"product_cat","embeddable":true,"href":"https:\/\/laverteshop.fr\/sv\/wp-json\/wp\/v2\/product_cat?post=15797"},{"taxonomy":"product_tag","embeddable":true,"href":"https:\/\/laverteshop.fr\/sv\/wp-json\/wp\/v2\/product_tag?post=15797"}],"curies":[{"name":"wp","href":"https:\/\/api.w.org\/{rel}","templated":true}]}}