{"id":15587,"date":"2023-06-15T16:29:43","date_gmt":"2023-06-15T14:29:43","guid":{"rendered":"https:\/\/laverteshop.fr\/?post_type=product&#038;p=15587"},"modified":"2025-07-15T16:38:11","modified_gmt":"2025-07-15T14:38:11","slug":"gudfader-og-dorr","status":"publish","type":"product","link":"https:\/\/laverteshop.fr\/sv\/produkt\/gudfader-og-dorr\/","title":{"rendered":"Godfather OG inomhus"},"content":{"rendered":"<p>La fleur de CBD Godfather OG indoor, \u00e9galement connu sous le nom \u00ab\u00a0Godfather\u00a0\u00bb, est une vari\u00e9t\u00e9 Indica qui provient d&rsquo;une culture indoor, et donc qui garantit une qualit\u00e9 de fleur excellente. La luminosit\u00e9, l&rsquo;humidit\u00e9 et la temp\u00e9rature lors de la culture sont \u00e0 des niveaux parfait, et donc vous retrouverez une magnifique fleur, avec un go\u00fbt bien prononc\u00e9.<\/p>\n<p>Den kommer i form av mycket stora knoppar, fulla av orange trichomes. En n\u00e5got kryddig smak, liknar Kush-sorter. Detta nya tillskott till v\u00e5r katalog kommer s\u00e4kert att gl\u00e4dja dig.<\/p>\n<p>Det viktigaste f\u00f6r oss \u00e4r att kunna f\u00f6rse dig med blommor och hartser av utm\u00e4rkt kvalitet, till \u00f6verkomliga och acceptabla priser, och i enlighet med de niv\u00e5er som godk\u00e4nts av EU-domstolen (&lt;0,3% THC).<\/p>\n<p>Vad kan man g\u00f6ra med dessa produkter? Avslappnande infusioner f\u00f6r att f\u00f6rb\u00e4ttra din s\u00f6mn, potpurri f\u00f6r att impregnera ditt hem med en naturlig doft, eller s\u00e5 kan du anv\u00e4nda dem i maten om du vill (sallader, s\u00e5ser, kryddor).<\/p>\n<p>Vi rekommenderar att du kontaktar din l\u00e4kare, som kan ge dig r\u00e5d om hur du b\u00e4st anv\u00e4nder din CBD.<\/p>\n<p>&nbsp;<\/p>\n<p>&nbsp;<\/p>\n<p>&nbsp;<\/p>\n<h6><\/h6>","protected":false},"excerpt":{"rendered":"<p>La fleur de CBD Godfather OG indoor, \u00e9galement connu sous le nom \u00ab\u00a0Godfather\u00a0\u00bb, est une vari\u00e9t\u00e9 Indica qui provient d&rsquo;une culture indoor, et donc qui garantit une qualit\u00e9 de fleur excellente.<\/p>\n<p>Vous retrouverez une magnifique fleur, avec un go\u00fbt bien prononc\u00e9. Des notes de raisins et de fruits se feront sentir lors de l&rsquo;ouverture du sachet.<\/p>\n<p>Detta senaste fynd kommer att gl\u00e4dja alla v\u00e5ra \u00e4lskare av kvalitetsblommor<\/p>\n<ul>\n<li>Odling: inomhus<\/li>\n<li>Ursprung: Schweiz<\/li>\n<\/ul>\n<table style=\"border-collapse: collapse; width: 192px; height: 205px;\" border=\"1\">\n<tbody>\n<tr>\n<td style=\"width: 50%; text-align: center;\"><strong>THC<\/strong><\/td>\n<td style=\"width: 50%; text-align: center;\"><strong>0.27%<\/strong><\/td>\n<\/tr>\n<tr>\n<td style=\"width: 50%; text-align: center;\"><strong>CBD<\/strong><\/td>\n<td style=\"width: 50%; text-align: center;\"><strong>16 %<\/strong><\/td>\n<\/tr>\n<tr>\n<td style=\"width: 50%; text-align: center;\"><strong>CBG<\/strong><\/td>\n<td style=\"width: 50%; text-align: center;\"><strong>n.n<\/strong><\/td>\n<\/tr>\n<tr>\n<td style=\"width: 50%; text-align: center;\"><b>Kultur<\/b><\/td>\n<td style=\"width: 50%; text-align: center;\"><strong>Inomhus<\/strong><\/td>\n<\/tr>\n<\/tbody>\n<\/table>","protected":false},"featured_media":17950,"comment_status":"open","ping_status":"closed","template":"","meta":{"inline_featured_image":false},"product_brand":[75],"product_cat":[58,253],"product_tag":[220,76],"class_list":{"0":"post-15587","1":"product","2":"type-product","3":"status-publish","4":"has-post-thumbnail","6":"product_brand-la-verte","7":"product_cat-fleurs","8":"product_cat-indoor","9":"product_tag-fleurs-cbd","10":"product_tag-indoor","12":"first","13":"instock","14":"taxable","15":"shipping-taxable","16":"purchasable","17":"product-type-variable"},"jetpack_sharing_enabled":true,"_links":{"self":[{"href":"https:\/\/laverteshop.fr\/sv\/wp-json\/wp\/v2\/product\/15587","targetHints":{"allow":["GET"]}}],"collection":[{"href":"https:\/\/laverteshop.fr\/sv\/wp-json\/wp\/v2\/product"}],"about":[{"href":"https:\/\/laverteshop.fr\/sv\/wp-json\/wp\/v2\/types\/product"}],"replies":[{"embeddable":true,"href":"https:\/\/laverteshop.fr\/sv\/wp-json\/wp\/v2\/comments?post=15587"}],"wp:featuredmedia":[{"embeddable":true,"href":"https:\/\/laverteshop.fr\/sv\/wp-json\/wp\/v2\/media\/17950"}],"wp:attachment":[{"href":"https:\/\/laverteshop.fr\/sv\/wp-json\/wp\/v2\/media?parent=15587"}],"wp:term":[{"taxonomy":"product_brand","embeddable":true,"href":"https:\/\/laverteshop.fr\/sv\/wp-json\/wp\/v2\/product_brand?post=15587"},{"taxonomy":"product_cat","embeddable":true,"href":"https:\/\/laverteshop.fr\/sv\/wp-json\/wp\/v2\/product_cat?post=15587"},{"taxonomy":"product_tag","embeddable":true,"href":"https:\/\/laverteshop.fr\/sv\/wp-json\/wp\/v2\/product_tag?post=15587"}],"curies":[{"name":"wp","href":"https:\/\/api.w.org\/{rel}","templated":true}]}}