{"id":15014,"date":"2023-04-07T11:38:32","date_gmt":"2023-04-07T09:38:32","guid":{"rendered":"https:\/\/laverteshop.fr\/?post_type=product&#038;p=15014"},"modified":"2026-02-10T17:17:07","modified_gmt":"2026-02-10T16:17:07","slug":"brownie-hash","status":"publish","type":"product","link":"https:\/\/laverteshop.fr\/sv\/produkt\/brownie-hash\/","title":{"rendered":"Brownie-hash"},"content":{"rendered":"<p><span style=\"font-size: 14.4px;\">Nouvel arrivant \u00e0 notre catalogue de r\u00e9sines, le Brownie Hash est un hash d&rsquo;excellente qualit\u00e9, fait \u00e0 partir de fleurs de CBD de culture greenhouse.<\/span><\/p>\n<p>Ce Brownie Hash est plut\u00f4t moelleux et l\u00e9g\u00e8rement collant, ce qui le rend tr\u00e8s facile d&rsquo;utilisation. Une jolie couleur brun clair, et des odeurs plut\u00f4t fruit\u00e9es lors de la combustion. Son taux de CBD est de 23%, donc il assure une relaxation non n\u00e9gligeable.<\/p>\n<p>Anv\u00e4nd utan m\u00e5tta, n\u00e4r som helst p\u00e5 dygnet.<\/p>\n<p>V\u00e5ra produkter \u00e4r certifierade Swiss CBD-kvalitet. Det viktigaste f\u00f6r oss \u00e4r att kunna f\u00f6rse dig med blommor och hartser av utm\u00e4rkt v\u00e4rde, till \u00f6verkomliga och acceptabla priser, och i enlighet med de niv\u00e5er som godk\u00e4nts av EU-domstolen (&lt;0,3% THC).<\/p>\n<p>Vad kan man g\u00f6ra med dessa produkter? Avslappnande infusioner f\u00f6r att f\u00f6rb\u00e4ttra din s\u00f6mn, potpurri f\u00f6r att impregnera ditt hem med en naturlig doft, eller s\u00e5 kan du anv\u00e4nda dem i maten om du vill (sallader, s\u00e5ser, kryddor).<\/p>\n<p><strong>VIKTIG ANM\u00c4RKNING:<\/strong> Nos r\u00e9sines et hash sont pr\u00e9par\u00e9s dans des laboratoires certifi\u00e9s, avec des proc\u00e9d\u00e9s et techniques qui appartiennent seulement aux producteurs avec qui nous travaillons. La texture et l&rsquo;odeur des produits peuvent donc changer d&rsquo;une r\u00e9colte \u00e0 une autre, d\u00e9pendant aussi de la fleur utilis\u00e9e. Si vous avez un probl\u00e8me avec un produit, contactez nous \u00e0 <a href=\"mailto:contact@laverteshop.fr\">contact@laverteshop.fr<\/a> s\u00e5 hittar vi en l\u00f6sning som g\u00f6r dig n\u00f6jd. Tack f\u00f6r din f\u00f6rst\u00e5else.<\/p>\n<p>Nous vous conseillons de consulter l\u2019avis votre m\u00e9decin, qui pourra vous conseiller le meilleur usage pour votre CBD. Nous vous rappelons \u00e9galement qu&rsquo;il est d\u00e9conseill\u00e9 d&rsquo;utiliser du CBD avant de prendre le volant.<\/p>","protected":false},"excerpt":{"rendered":"<p><span style=\"font-size: 14.4px;\">Le Brownie Hash est un hash d&rsquo;excellente qualit\u00e9, press\u00e9 \u00e0 froid pour garder tous les terp\u00e8nes des fleurs utilis\u00e9es lors de sa cr\u00e9ation.<\/span><\/p>\n<p>Hasch \u00e4r mjukt och klibbigt och har en h\u00e4rligt s\u00f6t smak n\u00e4r man \u00e4ter det.<\/p>\n<p>Dess mjukhet i munnen g\u00f6r den till en produkt som kan anv\u00e4ndas n\u00e4r som helst p\u00e5 dagen. Den kommer s\u00e4kert att gl\u00e4dja alla som gillar kvalitetshartser.<\/p>\n<ul>\n<li>Blommornas ursprung: Schweiz, ekologisk odling<\/li>\n<li>Effekter: avslappnande<\/li>\n<\/ul>\n<table style=\"border-collapse: collapse; width: 192px; height: 205px;\" border=\"1\">\n<tbody>\n<tr>\n<td style=\"width: 50%; text-align: center;\"><strong>THC<\/strong><\/td>\n<td style=\"width: 50%; text-align: center;\"><strong>0.27 %<\/strong><\/td>\n<\/tr>\n<tr>\n<td style=\"width: 50%; text-align: center;\"><strong>CBD<\/strong><\/td>\n<td style=\"width: 50%; text-align: center;\"><strong>23 %<\/strong><\/td>\n<\/tr>\n<tr>\n<td style=\"width: 50%; text-align: center;\"><strong>CBG<\/strong><\/td>\n<td style=\"width: 50%; text-align: center;\"><strong>n.n<\/strong><\/td>\n<\/tr>\n<tr>\n<td style=\"width: 50%; text-align: center;\"><b>Kultur<\/b><\/td>\n<td style=\"width: 50%; text-align: center;\"><strong>V\u00e4xthus<\/strong><\/td>\n<\/tr>\n<\/tbody>\n<\/table>\n<p>&nbsp;<\/p>","protected":false},"featured_media":15885,"comment_status":"open","ping_status":"closed","template":"","meta":{"inline_featured_image":false},"product_brand":[75],"product_cat":[59],"product_tag":[244,229,230],"class_list":{"0":"post-15014","1":"product","2":"type-product","3":"status-publish","4":"has-post-thumbnail","6":"product_brand-la-verte","7":"product_cat-pollens","8":"product_tag-hash","9":"product_tag-pollens","10":"product_tag-resines","12":"first","13":"instock","14":"taxable","15":"shipping-taxable","16":"purchasable","17":"product-type-variable"},"jetpack_sharing_enabled":true,"_links":{"self":[{"href":"https:\/\/laverteshop.fr\/sv\/wp-json\/wp\/v2\/product\/15014","targetHints":{"allow":["GET"]}}],"collection":[{"href":"https:\/\/laverteshop.fr\/sv\/wp-json\/wp\/v2\/product"}],"about":[{"href":"https:\/\/laverteshop.fr\/sv\/wp-json\/wp\/v2\/types\/product"}],"replies":[{"embeddable":true,"href":"https:\/\/laverteshop.fr\/sv\/wp-json\/wp\/v2\/comments?post=15014"}],"wp:featuredmedia":[{"embeddable":true,"href":"https:\/\/laverteshop.fr\/sv\/wp-json\/wp\/v2\/media\/15885"}],"wp:attachment":[{"href":"https:\/\/laverteshop.fr\/sv\/wp-json\/wp\/v2\/media?parent=15014"}],"wp:term":[{"taxonomy":"product_brand","embeddable":true,"href":"https:\/\/laverteshop.fr\/sv\/wp-json\/wp\/v2\/product_brand?post=15014"},{"taxonomy":"product_cat","embeddable":true,"href":"https:\/\/laverteshop.fr\/sv\/wp-json\/wp\/v2\/product_cat?post=15014"},{"taxonomy":"product_tag","embeddable":true,"href":"https:\/\/laverteshop.fr\/sv\/wp-json\/wp\/v2\/product_tag?post=15014"}],"curies":[{"name":"wp","href":"https:\/\/api.w.org\/{rel}","templated":true}]}}