{"id":14497,"date":"2023-02-09T16:32:56","date_gmt":"2023-02-09T15:32:56","guid":{"rendered":"https:\/\/laverteshop.fr\/?post_type=product&#038;p=14497"},"modified":"2025-07-15T16:41:01","modified_gmt":"2025-07-15T14:41:01","slug":"vit-bubba-vaxthus","status":"publish","type":"product","link":"https:\/\/laverteshop.fr\/sv\/produkt\/vit-bubba-vaxthus\/","title":{"rendered":"V\u00e4xthus White Bubba"},"content":{"rendered":"<p>Nouvelle addition \u00e0 notre catalogue, la White Bubba Greenhouse provient d&rsquo;une culture sous serre, faite en croisant des fleurs de White (culture hybride) et de Bubba Kush.<\/p>\n<p>Den kommer fr\u00e5n regionen Valais, d\u00e4r v\u00e4xthusodling gynnas av goda klimatf\u00f6rh\u00e5llanden.<\/p>\n<p>Une vari\u00e9t\u00e9 qui offre de grosses fleurs manucur\u00e9s \u00e0 la perfection. A l&rsquo;ouverture du sachet, une douce odeur fruit\u00e9e se fera remarquer, qui ravira vos sens. Lors de sa consommation, vous sentirez des notes sucr\u00e9es bien pr\u00e9sentes. Une fleur relativement puissante, qui assure une bonne d\u00e9tente. Cette white bubba greenhouse est un excellent produit.<\/p>\n<p>Det viktigaste f\u00f6r oss \u00e4r att kunna f\u00f6rse dig med blommor och hartser av utm\u00e4rkt kvalitet, till \u00f6verkomliga och acceptabla priser, och i enlighet med de niv\u00e5er som godk\u00e4nts av EU-domstolen (&lt;0,3% THC).<\/p>\n<p>Vad kan man g\u00f6ra med dessa produkter? Avslappnande infusioner f\u00f6r att f\u00f6rb\u00e4ttra din s\u00f6mn, potpurri f\u00f6r att impregnera ditt hem med en naturlig doft, eller s\u00e5 kan du anv\u00e4nda dem i maten om du vill (sallader, s\u00e5ser, kryddor).<\/p>\n<p>Vi rekommenderar att du kontaktar din l\u00e4kare, som kan ge dig r\u00e5d om hur du b\u00e4st anv\u00e4nder din CBD.<\/p>\n<p>&nbsp;<\/p>\n<p>&nbsp;<\/p>\n<p>&nbsp;<\/p>\n<h6><\/h6>","protected":false},"excerpt":{"rendered":"<p>Notre nouvelle White Bubba Greenhouse est une fleur d&rsquo;origine hybride, qui provient d&rsquo;un croisement entre la White, elle m\u00eame une hybride, et la Bubba Kush.<\/p>\n<p>Den odlas under glas i kantonen Valais i Schweiz, i ett klimat som \u00e4r gynnsamt f\u00f6r odlingen.<\/p>\n<p>D&rsquo;un vert plut\u00f4t fonc\u00e9, la white bubba greenhouse est une belle fleur de CBD assez puissante, avec des notes sucr\u00e9es bien pr\u00e9sentes. Excellent produit \u00e0 bon prix.<\/p>\n<ul>\n<li>Ursprung: Schweiz<\/li>\n<li>Odling: under glas<\/li>\n<\/ul>\n<table style=\"border-collapse: collapse; width: 192px; height: 205px;\" border=\"1\">\n<tbody>\n<tr>\n<td style=\"width: 50%; text-align: center;\"><strong>THC<\/strong><\/td>\n<td style=\"width: 50%; text-align: center;\"><strong>0.24%<\/strong><\/td>\n<\/tr>\n<tr>\n<td style=\"width: 50%; text-align: center;\"><strong>CBD<\/strong><\/td>\n<td style=\"width: 50%; text-align: center;\"><strong>13 %<\/strong><\/td>\n<\/tr>\n<tr>\n<td style=\"width: 50%; text-align: center;\"><strong>CBG<\/strong><\/td>\n<td style=\"width: 50%; text-align: center;\"><strong>n.n<\/strong><\/td>\n<\/tr>\n<tr>\n<td style=\"width: 50%; text-align: center;\"><b>Kultur<\/b><\/td>\n<td style=\"width: 50%; text-align: center;\"><strong>v\u00e4xthus<\/strong><\/td>\n<\/tr>\n<\/tbody>\n<\/table>","protected":false},"featured_media":14526,"comment_status":"open","ping_status":"closed","template":"","meta":{"inline_featured_image":false},"product_brand":[75],"product_cat":[58,255],"product_tag":[220,227],"class_list":{"0":"post-14497","1":"product","2":"type-product","3":"status-publish","4":"has-post-thumbnail","6":"product_brand-la-verte","7":"product_cat-fleurs","8":"product_cat-greenhouse","9":"product_tag-fleurs-cbd","10":"product_tag-greenhouse","12":"first","13":"outofstock","14":"taxable","15":"shipping-taxable","16":"purchasable","17":"product-type-variable"},"jetpack_sharing_enabled":true,"_links":{"self":[{"href":"https:\/\/laverteshop.fr\/sv\/wp-json\/wp\/v2\/product\/14497","targetHints":{"allow":["GET"]}}],"collection":[{"href":"https:\/\/laverteshop.fr\/sv\/wp-json\/wp\/v2\/product"}],"about":[{"href":"https:\/\/laverteshop.fr\/sv\/wp-json\/wp\/v2\/types\/product"}],"replies":[{"embeddable":true,"href":"https:\/\/laverteshop.fr\/sv\/wp-json\/wp\/v2\/comments?post=14497"}],"wp:featuredmedia":[{"embeddable":true,"href":"https:\/\/laverteshop.fr\/sv\/wp-json\/wp\/v2\/media\/14526"}],"wp:attachment":[{"href":"https:\/\/laverteshop.fr\/sv\/wp-json\/wp\/v2\/media?parent=14497"}],"wp:term":[{"taxonomy":"product_brand","embeddable":true,"href":"https:\/\/laverteshop.fr\/sv\/wp-json\/wp\/v2\/product_brand?post=14497"},{"taxonomy":"product_cat","embeddable":true,"href":"https:\/\/laverteshop.fr\/sv\/wp-json\/wp\/v2\/product_cat?post=14497"},{"taxonomy":"product_tag","embeddable":true,"href":"https:\/\/laverteshop.fr\/sv\/wp-json\/wp\/v2\/product_tag?post=14497"}],"curies":[{"name":"wp","href":"https:\/\/api.w.org\/{rel}","templated":true}]}}