{"id":14251,"date":"2023-01-10T16:08:49","date_gmt":"2023-01-10T15:08:49","guid":{"rendered":"https:\/\/laverteshop.fr\/?post_type=product&#038;p=14251"},"modified":"2025-07-15T14:56:26","modified_gmt":"2025-07-15T12:56:26","slug":"raw-connoisseur-lamnar-en-rulle-1-1-4-filter","status":"publish","type":"product","link":"https:\/\/laverteshop.fr\/sv\/produkt\/raw-connoisseur-lamnar-en-rulle-1-1-4-filter\/","title":{"rendered":"RAW Connoisseur rullpapper 1 1\/4 + filter"},"content":{"rendered":"<p>RAW Connoisseur 1 1\/4 ark f\u00f6r att rulla + filter.<\/p>\n<p>Varje h\u00e4fte inneh\u00e5ller rullpapper och filter i litet format.<\/p>\n<p>La marque RAW est synonyme d&rsquo;une production respectueuse de l&rsquo;environnement.<br \/>\nAlla produkter \u00e4r oblekta och fria fr\u00e5n kemikalier.<br \/>\nPapperet \u00e4r tillverkat av ren hampa och filtren \u00e4r tillverkade av kartong av livsmedelskvalitet.<\/p>\n<p>Klorfri<br \/>\nVegansk<br \/>\nInga genetiskt modifierade organismer<br \/>\nProduit avec la puissance d&rsquo;un moulin \u00e0 vent<\/p>","protected":false},"excerpt":{"rendered":"<p>RAW Connoisseur 1 1\/4 ark f\u00f6r att rulla + filter<\/p>\n<p>Sm\u00e5 RAW-ark med filter i samma f\u00f6rpackning.<\/p>\n<ul>\n<li>50 ark per f\u00f6rpackning<\/li>\n<li>50 kartongfilter ing\u00e5r<\/li>\n<li>elastiskt band f\u00f6r att st\u00e4nga din ryggs\u00e4ck<\/li>\n<\/ul>\n<p>Den perfekta produkten f\u00f6r alla som gillar sm\u00e5 ark att rulla ihop.<\/p>","protected":false},"featured_media":14252,"comment_status":"open","ping_status":"closed","template":"","meta":{"inline_featured_image":false},"product_brand":[198],"product_cat":[61,196],"product_tag":[217,218],"class_list":{"0":"post-14251","1":"product","2":"type-product","3":"status-publish","4":"has-post-thumbnail","6":"product_brand-raw","7":"product_cat-accessoires","8":"product_cat-feuilles-a-rouler","9":"product_tag-feuilles","10":"product_tag-filtres","12":"first","13":"instock","14":"taxable","15":"shipping-taxable","16":"purchasable","17":"product-type-simple"},"jetpack_sharing_enabled":true,"_links":{"self":[{"href":"https:\/\/laverteshop.fr\/sv\/wp-json\/wp\/v2\/product\/14251","targetHints":{"allow":["GET"]}}],"collection":[{"href":"https:\/\/laverteshop.fr\/sv\/wp-json\/wp\/v2\/product"}],"about":[{"href":"https:\/\/laverteshop.fr\/sv\/wp-json\/wp\/v2\/types\/product"}],"replies":[{"embeddable":true,"href":"https:\/\/laverteshop.fr\/sv\/wp-json\/wp\/v2\/comments?post=14251"}],"wp:featuredmedia":[{"embeddable":true,"href":"https:\/\/laverteshop.fr\/sv\/wp-json\/wp\/v2\/media\/14252"}],"wp:attachment":[{"href":"https:\/\/laverteshop.fr\/sv\/wp-json\/wp\/v2\/media?parent=14251"}],"wp:term":[{"taxonomy":"product_brand","embeddable":true,"href":"https:\/\/laverteshop.fr\/sv\/wp-json\/wp\/v2\/product_brand?post=14251"},{"taxonomy":"product_cat","embeddable":true,"href":"https:\/\/laverteshop.fr\/sv\/wp-json\/wp\/v2\/product_cat?post=14251"},{"taxonomy":"product_tag","embeddable":true,"href":"https:\/\/laverteshop.fr\/sv\/wp-json\/wp\/v2\/product_tag?post=14251"}],"curies":[{"name":"wp","href":"https:\/\/api.w.org\/{rel}","templated":true}]}}