{"id":13583,"date":"2022-10-24T14:49:47","date_gmt":"2022-10-24T12:49:47","guid":{"rendered":"https:\/\/laverteshop.fr\/?post_type=product&#038;p=13583"},"modified":"2025-07-15T14:56:31","modified_gmt":"2025-07-15T12:56:31","slug":"vaska-kraft-size-s","status":"publish","type":"product","link":"https:\/\/laverteshop.fr\/sv\/produkt\/vaska-kraft-size-s\/","title":{"rendered":"Kraftp\u00e5se storlek S"},"content":{"rendered":"<p><strong>Kraftp\u00e5se storlek S:<\/strong><\/p>\n<ul>\n<li>M\u00e5tt (i cm) : 9 x 14<\/li>\n<li>Aluminiumbelagd insida f\u00f6r b\u00e4ttre h\u00e5llbarhet<\/li>\n<li>T\u00e5rsk\u00e5ra<\/li>\n<li>Platta h\u00f6rn<\/li>\n<li>Med hermetisk t\u00e4tning<\/li>\n<\/ul>","protected":false},"excerpt":{"rendered":"<p><strong>Kraftp\u00e5se storlek S:<\/strong><\/p>\n<ul>\n<li>M\u00e5tt (i cm) : 9 x 14<\/li>\n<li>Aluminiumbelagd insida f\u00f6r b\u00e4ttre h\u00e5llbarhet<\/li>\n<li>T\u00e5rsk\u00e5ra<\/li>\n<li>Platta h\u00f6rn<\/li>\n<li>Med hermetisk t\u00e4tning<\/li>\n<\/ul>","protected":false},"featured_media":13621,"comment_status":"open","ping_status":"closed","template":"","meta":{"inline_featured_image":false},"product_brand":[75],"product_cat":[264],"product_tag":[274,275,276],"class_list":{"0":"post-13583","1":"product","2":"type-product","3":"status-publish","4":"has-post-thumbnail","6":"product_brand-la-verte","7":"product_cat-emballages","8":"product_tag-emballage","9":"product_tag-kraft","10":"product_tag-sachet","12":"first","13":"instock","14":"taxable","15":"shipping-taxable","16":"purchasable","17":"product-type-variable"},"jetpack_sharing_enabled":true,"_links":{"self":[{"href":"https:\/\/laverteshop.fr\/sv\/wp-json\/wp\/v2\/product\/13583","targetHints":{"allow":["GET"]}}],"collection":[{"href":"https:\/\/laverteshop.fr\/sv\/wp-json\/wp\/v2\/product"}],"about":[{"href":"https:\/\/laverteshop.fr\/sv\/wp-json\/wp\/v2\/types\/product"}],"replies":[{"embeddable":true,"href":"https:\/\/laverteshop.fr\/sv\/wp-json\/wp\/v2\/comments?post=13583"}],"wp:featuredmedia":[{"embeddable":true,"href":"https:\/\/laverteshop.fr\/sv\/wp-json\/wp\/v2\/media\/13621"}],"wp:attachment":[{"href":"https:\/\/laverteshop.fr\/sv\/wp-json\/wp\/v2\/media?parent=13583"}],"wp:term":[{"taxonomy":"product_brand","embeddable":true,"href":"https:\/\/laverteshop.fr\/sv\/wp-json\/wp\/v2\/product_brand?post=13583"},{"taxonomy":"product_cat","embeddable":true,"href":"https:\/\/laverteshop.fr\/sv\/wp-json\/wp\/v2\/product_cat?post=13583"},{"taxonomy":"product_tag","embeddable":true,"href":"https:\/\/laverteshop.fr\/sv\/wp-json\/wp\/v2\/product_tag?post=13583"}],"curies":[{"name":"wp","href":"https:\/\/api.w.org\/{rel}","templated":true}]}}