{"id":11865,"date":"2022-05-19T10:52:25","date_gmt":"2022-05-19T08:52:25","guid":{"rendered":"https:\/\/laverteshop.fr\/product\/volcano-classic-onyx-incl-easy-valve-storz-und-bickel\/"},"modified":"2025-07-15T15:03:57","modified_gmt":"2025-07-15T13:03:57","slug":"vulkan-klassisk-onyx-incl-easy-ventil-storz-und-bickel","status":"publish","type":"product","link":"https:\/\/laverteshop.fr\/sv\/produkt\/vulkan-klassisk-onyx-incl-easy-ventil-storz-und-bickel\/","title":{"rendered":"Volcano Classic ONYX inkl. enkel ventil - Storz und Bickel"},"content":{"rendered":"<p><strong>Omfattning av leveransen<\/strong><br \/>\n1x Volcano Classic ONYX<br \/>\n4x Easy Valve-ballong med munstycke<br \/>\n1x Easy Valve ballong med adapter<br \/>\n1x P\u00e5fyllningskammare<br \/>\n3x Kl\u00e4mma f\u00f6r p\u00e5fyllningskammare<br \/>\n1x f\u00f6rslutningsring<br \/>\n1x upps\u00e4ttning standardfilter (\u00f8 ca. 30mm)<br \/>\n1x upps\u00e4ttning luftfilter<br \/>\n1x \u00f6rtkvarn (\u00f8 ca. 59mm)<br \/>\n1x Reng\u00f6ringsborste,<br \/>\n1x Bruksanvisning<\/p>","protected":false},"excerpt":{"rendered":"<p><strong>Volcano Classic ONYX Edition\u00a0<\/strong><strong>inkl. enkel ventil<\/strong><\/p>\n<p>Volcano \u00e4r den f\u00f6rsta timmens f\u00f6r\u00e5ngare och f\u00f6rf\u00f6r med sin kvalitet och effektivitet. Den finns nu tillg\u00e4nglig i en ONYX-utg\u00e5va - se till att du f\u00e5r ditt exemplar!<\/p>\n<p>La couleur onyx rappelle la pierre de lave, c&rsquo;est pourquoi elle s&rsquo;accorde parfaitement avec la forme iconique du Volcano \ud83d\ude42 un accroche-regard absolu pour tout amateur de Volcano.<\/p>\n<p>Tack vare den h\u00f6gkvalitativa pulverlackeringen \u00e4r konen nu mer motst\u00e5ndskraftig mot repor. Den bevisade livsl\u00e4ngden f\u00f6r Storz och Bickel-produkter forts\u00e4tter i denna specialutg\u00e5va.<\/p>","protected":false},"featured_media":11863,"comment_status":"open","ping_status":"closed","template":"","meta":{"inline_featured_image":false},"product_brand":[249],"product_cat":[248],"product_tag":[],"class_list":{"0":"post-11865","1":"product","2":"type-product","3":"status-publish","4":"has-post-thumbnail","6":"product_brand-storz-und-bickel","7":"product_cat-vaporisateurs","9":"first","10":"instock","11":"taxable","12":"shipping-taxable","13":"purchasable","14":"product-type-simple"},"jetpack_sharing_enabled":true,"_links":{"self":[{"href":"https:\/\/laverteshop.fr\/sv\/wp-json\/wp\/v2\/product\/11865","targetHints":{"allow":["GET"]}}],"collection":[{"href":"https:\/\/laverteshop.fr\/sv\/wp-json\/wp\/v2\/product"}],"about":[{"href":"https:\/\/laverteshop.fr\/sv\/wp-json\/wp\/v2\/types\/product"}],"replies":[{"embeddable":true,"href":"https:\/\/laverteshop.fr\/sv\/wp-json\/wp\/v2\/comments?post=11865"}],"wp:featuredmedia":[{"embeddable":true,"href":"https:\/\/laverteshop.fr\/sv\/wp-json\/wp\/v2\/media\/11863"}],"wp:attachment":[{"href":"https:\/\/laverteshop.fr\/sv\/wp-json\/wp\/v2\/media?parent=11865"}],"wp:term":[{"taxonomy":"product_brand","embeddable":true,"href":"https:\/\/laverteshop.fr\/sv\/wp-json\/wp\/v2\/product_brand?post=11865"},{"taxonomy":"product_cat","embeddable":true,"href":"https:\/\/laverteshop.fr\/sv\/wp-json\/wp\/v2\/product_cat?post=11865"},{"taxonomy":"product_tag","embeddable":true,"href":"https:\/\/laverteshop.fr\/sv\/wp-json\/wp\/v2\/product_tag?post=11865"}],"curies":[{"name":"wp","href":"https:\/\/api.w.org\/{rel}","templated":true}]}}