{"id":11862,"date":"2022-05-19T10:52:23","date_gmt":"2022-05-19T08:52:23","guid":{"rendered":"https:\/\/laverteshop.fr\/product\/crafty-plus-storz-bickel\/"},"modified":"2025-07-15T15:03:58","modified_gmt":"2025-07-15T13:03:58","slug":"hantverk-plus-storz-bickel","status":"publish","type":"product","link":"https:\/\/laverteshop.fr\/sv\/produkt\/hantverk-plus-storz-bickel\/","title":{"rendered":"Crafty Plus - Storz &amp; Bickel"},"content":{"rendered":"<p><strong>Omfattning av leveransen<\/strong><\/p>\n<p>1 x CRAFTY Plus sprayflaska<br \/>\n1 x str\u00f6mf\u00f6rs\u00f6rjning med USB-kabel<br \/>\n1 x v\u00e4tskekudde,<br \/>\n3 x Reservsiktar,<br \/>\n1 x Reng\u00f6ringsborste,<br \/>\n1 x \u00f6rtkvarn,<br \/>\n1 x Tillbeh\u00f6r f\u00f6r p\u00e5fyllning,<br \/>\n1 x Upps\u00e4ttning reservt\u00e4tningar,<br \/>\n1 x Mode d&rsquo;Emploi<\/p>\n<p><strong>Anm\u00e4rkningar<\/strong><\/p>\n<p>En cas de probl\u00e8me avec l&rsquo;appareil ou de recours \u00e0 la garantie, adresse-toi directement \u00e0 Storz &amp; Bickel : www.storz-bickel.com et suis leurs instructions.<\/p>\n<p>L&rsquo;application Storz &amp; Bickel n&rsquo;est actuellement pas disponible dans l&rsquo;App Store d&rsquo;Apple. Les param\u00e8tres du Crafty Plus peuvent toutefois \u00eatre adapt\u00e9s via l&rsquo;application web Storz &amp; Bickel.<\/p>\n<p>D&rsquo;un point de vue technique, le Crafty Plus peut \u00e9galement \u00eatre charg\u00e9 avec un c\u00e2ble de chargement USB-C vers USB-C.<\/p>\n<p>Les vitesses de charge les plus rapides sont obtenues avec un adaptateur secteur qui fournit les vitesses de charge support\u00e9es par le Crafty Plus (jusqu&rsquo;\u00e0 +5V 2.4A).<\/p>\n<p><strong>Uppm\u00e4rksamhet<\/strong><\/p>\n<p>Crafty Plus kan laddas med v\u00e4ggadaptrar p\u00e5 upp till 1 ampere!<\/p>\n<p>Beakta alltid varningarna p\u00e5 f\u00f6rpackningen!<\/p>\n<p>(De flesta n\u00e4tadaptrar f\u00f6r smartphones arbetar med mer \u00e4n 1 ampere och \u00e4r inte l\u00e4mpliga).<\/p>\n<div><\/div>","protected":false},"excerpt":{"rendered":"<p>Crafty Plus - Storz &amp; Bickel<\/p>\n<p>Den senaste versionen av Crafty fr\u00e5n Storz &amp; Bickel: Crafty Plus med f\u00f6ljande innovativa egenskaper:<\/p>\n<p>&#8211; 30% d&rsquo;autonomie en plus<\/p>\n<p>- 25 minuter snabbare laddningstid<\/p>\n<p>- USB-C-uttag f\u00f6r laddning<\/p>\n<p>- 1,4 m\u00b3 fyllningskammare med keramisk bel\u00e4ggning<\/p>\n<p>Le Crafty Plus est le plus petit vaporisateur de Storz &amp; Bickel, mais il utilise une combinaison de chauffage par convection et par conduction. Cette technologie se caract\u00e9rise surtout par un chauffage uniforme et efficace des herbes et permet un flux d&rsquo;air exceptionnel ainsi qu&rsquo;une inhalation sans effort. Le Crafty Plus atteint la temp\u00e9rature souhait\u00e9e en moins de 60 secondes &#8211; plus vite, mieux, plus savoureux !<\/p>\n<p>Den kompakta designen hos Crafty Plus, med sitt enda litiumjonbatteri, str\u00e4cker sig till den praktiska one-touch-kontrollen. Dessutom s\u00e4kerst\u00e4ller den nya designen och det f\u00f6rb\u00e4ttrade h\u00f6ljesmaterialet ett optimerat grepp. Du kommer inte att vilja sl\u00e4ppa taget om din Crafty Plus \ud83d\ude42.<\/p>\n<p>Bastemperaturen \u00e4r 180\u00baC, men om du dubbelklickar p\u00e5 p\u00e5\/av-knappen h\u00f6js temperaturen till 195\u00baC och om du trippelklickar h\u00f6js temperaturen till 210\u00baC (max).<\/p>\n<p>Un autre avantage int\u00e9ressant du Crafty Plus: avec l&rsquo;application gratuite Remote Control, tu as la possibilit\u00e9 de programmer la temp\u00e9rature de base et la temp\u00e9rature booster selon tes pr\u00e9f\u00e9rences personnelles.<\/p>\n<p><strong>Specifikationer<\/strong><\/p>\n<p>M\u00e5tt: 11 x 5,7 x 3,3 cm<\/p>\n<p>Vikt: 135g<\/p>","protected":false},"featured_media":11859,"comment_status":"open","ping_status":"closed","template":"","meta":{"inline_featured_image":false},"product_brand":[249],"product_cat":[248],"product_tag":[],"class_list":{"0":"post-11862","1":"product","2":"type-product","3":"status-publish","4":"has-post-thumbnail","6":"product_brand-storz-und-bickel","7":"product_cat-vaporisateurs","9":"first","10":"instock","11":"taxable","12":"shipping-taxable","13":"purchasable","14":"product-type-simple"},"jetpack_sharing_enabled":true,"_links":{"self":[{"href":"https:\/\/laverteshop.fr\/sv\/wp-json\/wp\/v2\/product\/11862","targetHints":{"allow":["GET"]}}],"collection":[{"href":"https:\/\/laverteshop.fr\/sv\/wp-json\/wp\/v2\/product"}],"about":[{"href":"https:\/\/laverteshop.fr\/sv\/wp-json\/wp\/v2\/types\/product"}],"replies":[{"embeddable":true,"href":"https:\/\/laverteshop.fr\/sv\/wp-json\/wp\/v2\/comments?post=11862"}],"wp:featuredmedia":[{"embeddable":true,"href":"https:\/\/laverteshop.fr\/sv\/wp-json\/wp\/v2\/media\/11859"}],"wp:attachment":[{"href":"https:\/\/laverteshop.fr\/sv\/wp-json\/wp\/v2\/media?parent=11862"}],"wp:term":[{"taxonomy":"product_brand","embeddable":true,"href":"https:\/\/laverteshop.fr\/sv\/wp-json\/wp\/v2\/product_brand?post=11862"},{"taxonomy":"product_cat","embeddable":true,"href":"https:\/\/laverteshop.fr\/sv\/wp-json\/wp\/v2\/product_cat?post=11862"},{"taxonomy":"product_tag","embeddable":true,"href":"https:\/\/laverteshop.fr\/sv\/wp-json\/wp\/v2\/product_tag?post=11862"}],"curies":[{"name":"wp","href":"https:\/\/api.w.org\/{rel}","templated":true}]}}