{"id":11858,"date":"2022-05-19T10:52:21","date_gmt":"2022-05-19T08:52:21","guid":{"rendered":"https:\/\/laverteshop.fr\/product\/mighty-plus-storz-und-bickel\/"},"modified":"2025-07-15T15:03:59","modified_gmt":"2025-07-15T13:03:59","slug":"mighty-plus-storz-und-bickel","status":"publish","type":"product","link":"https:\/\/laverteshop.fr\/sv\/produkt\/mighty-plus-storz-und-bickel\/","title":{"rendered":"Mighty Plus - Storz och Bickel"},"content":{"rendered":"<p><strong>Ing\u00e5r i paketet:<\/strong><\/p>\n<p>-1x M\u00e4ktiga+<br \/>\n-1x USB-C till USB-A<br \/>\n-3x standardsikt<br \/>\n-3x stor sikt<br \/>\n-3x T\u00e4tning f\u00f6r bas<br \/>\n-1x doseringskapsel<br \/>\n-1x reng\u00f6ringsborste<br \/>\n-1x Bruksanvisning<\/p>\n<div><\/div>\n<div>\n<div>\n<div><strong>Anm\u00e4rkning<\/strong><\/div>\n<div>D&rsquo;un point de vue technique, le Mighty Plus peut \u00e9galement \u00eatre charg\u00e9 avec un c\u00e2ble de chargement USB-C vers USB-C.<\/div>\n<div>De snabbaste laddningshastigheterna uppn\u00e5s med en n\u00e4tadapter som ger de laddningshastigheter som st\u00f6ds av Mighty Plus (45 W n\u00e4tadapter med 15 V 3A, Power Delivery-st\u00f6d).<\/div>\n<\/div>\n<\/div>","protected":false},"excerpt":{"rendered":"<p><strong>Storz und Bickel Mighty Plus<\/strong><\/p>\n<p>B\u00e4ttre, snabbare, starkare. K\u00e4nn kraften i den nya, f\u00f6rb\u00e4ttrade MIGHTY Plus.<\/p>\n<p>Sedan lanseringen har MIGHTY spelat i en helt egen liga.<\/p>\n<p>Aujourd&rsquo;hui, le MIGHTY Plus place la barre encore plus haut gr\u00e2ce \u00e0 ces nouvelles fonctionnalit\u00e9s \u00e9tonnantes :<\/p>\n<ul>\n<li>USB-C-uttag<\/li>\n<li>Superladdningsfunktion: laddar 80 % p\u00e5 40 minuter<\/li>\n<li>Uppv\u00e4rmning p\u00e5 ca 60 sekunder<\/li>\n<li>Keramiskt belagd fyllningskammare<\/li>\n<li>Optimerad konstruktion f\u00f6r \u00f6kad stabilitet<\/li>\n<li>F\u00f6rinst\u00e4lld temperatur f\u00f6r superbooster<\/li>\n<li>F\u00f6rb\u00e4ttring av hemmet<\/li>\n<li>2 ans de garantie + 1 an \u00e0 l&rsquo;enregistrement<\/li>\n<\/ul>","protected":false},"featured_media":11855,"comment_status":"open","ping_status":"closed","template":"","meta":{"inline_featured_image":false},"product_brand":[249],"product_cat":[248],"product_tag":[],"class_list":{"0":"post-11858","1":"product","2":"type-product","3":"status-publish","4":"has-post-thumbnail","6":"product_brand-storz-und-bickel","7":"product_cat-vaporisateurs","9":"first","10":"instock","11":"taxable","12":"shipping-taxable","13":"purchasable","14":"product-type-simple"},"jetpack_sharing_enabled":true,"_links":{"self":[{"href":"https:\/\/laverteshop.fr\/sv\/wp-json\/wp\/v2\/product\/11858","targetHints":{"allow":["GET"]}}],"collection":[{"href":"https:\/\/laverteshop.fr\/sv\/wp-json\/wp\/v2\/product"}],"about":[{"href":"https:\/\/laverteshop.fr\/sv\/wp-json\/wp\/v2\/types\/product"}],"replies":[{"embeddable":true,"href":"https:\/\/laverteshop.fr\/sv\/wp-json\/wp\/v2\/comments?post=11858"}],"wp:featuredmedia":[{"embeddable":true,"href":"https:\/\/laverteshop.fr\/sv\/wp-json\/wp\/v2\/media\/11855"}],"wp:attachment":[{"href":"https:\/\/laverteshop.fr\/sv\/wp-json\/wp\/v2\/media?parent=11858"}],"wp:term":[{"taxonomy":"product_brand","embeddable":true,"href":"https:\/\/laverteshop.fr\/sv\/wp-json\/wp\/v2\/product_brand?post=11858"},{"taxonomy":"product_cat","embeddable":true,"href":"https:\/\/laverteshop.fr\/sv\/wp-json\/wp\/v2\/product_cat?post=11858"},{"taxonomy":"product_tag","embeddable":true,"href":"https:\/\/laverteshop.fr\/sv\/wp-json\/wp\/v2\/product_tag?post=11858"}],"curies":[{"name":"wp","href":"https:\/\/api.w.org\/{rel}","templated":true}]}}