{"id":10123,"date":"2021-11-29T16:42:14","date_gmt":"2021-11-29T15:42:14","guid":{"rendered":"https:\/\/laverteshop.fr\/?post_type=product&#038;p=10123"},"modified":"2026-04-12T15:39:43","modified_gmt":"2026-04-12T13:39:43","slug":"caramello-hash-cbd","status":"publish","type":"product","link":"https:\/\/laverteshop.fr\/sv\/produkt\/caramello-hash-cbd\/","title":{"rendered":"Hasch av karamell"},"content":{"rendered":"<p>Notre Caramello est d&rsquo;une couleur marron fonc\u00e9, il est assez mou au touch\u00e9, et peut s&rsquo;\u00e9ffriter tr\u00e8s facilement avec une r\u00e2pe ou en combustion.<\/p>\n<p>En l\u00e4tt eftersmak av s\u00f6t harts och ett ganska h\u00f6gt CBD-inneh\u00e5ll som garanterar god avkoppling.<\/p>\n<p>V\u00e5ra produkter \u00e4r certifierade Swiss CBD-kvalitet. Det viktigaste f\u00f6r oss \u00e4r att kunna f\u00f6rse dig med blommor och pollen av utm\u00e4rkt v\u00e4rde, till \u00f6verkomliga och acceptabla priser, och i enlighet med de niv\u00e5er som godk\u00e4nts av EU-domstolen (&lt;0,2% THC).<\/p>\n<p>Vad kan du g\u00f6ra med dessa produkter?<\/p>\n<ul>\n<li>Avslappnande \u00f6rtteer som f\u00f6rb\u00e4ttrar din s\u00f6mn,<\/li>\n<li>Potpurri f\u00f6r en naturlig doft i ditt hem<\/li>\n<li>I maten om du vill (sallader, s\u00e5ser, kryddor).<\/li>\n<\/ul>\n<p><strong>VIKTIG ANM\u00c4RKNING:<\/strong> Nos r\u00e9sines et hash sont pr\u00e9par\u00e9s dans des laboratoires certifi\u00e9s, avec des proc\u00e9d\u00e9s et techniques qui appartiennent seulement aux producteurs avec qui nous travaillons. La texture et l&rsquo;odeur des produits peuvent donc changer d&rsquo;une r\u00e9colte \u00e0 une autre, d\u00e9pendant aussi de la fleur utilis\u00e9e. Si vous avez un probl\u00e8me avec un produit, contactez nous \u00e0 <a href=\"mailto:contact@laverteshop.fr\">contact@laverteshop.fr<\/a> s\u00e5 hittar vi en l\u00f6sning som g\u00f6r dig n\u00f6jd. Tack f\u00f6r din f\u00f6rst\u00e5else.<\/p>\n<p>Vi rekommenderar att du kontaktar din l\u00e4kare, som kan ge dig r\u00e5d om hur du b\u00e4st anv\u00e4nder din CBD.<\/p>","protected":false},"excerpt":{"rendered":"<p>Notre Caramello hash est un de nos best sellers. D&rsquo;une couleur marron fonc\u00e9, il est assez plut\u00f4t moelleux au touch\u00e9, et peut s&rsquo;\u00e9ffriter tr\u00e8s facilement avec une r\u00e2pe ou en combustion.<\/p>\n<p>En l\u00e4tt eftersmak av s\u00f6t harts och ett ganska h\u00f6gt CBD-inneh\u00e5ll som garanterar god avkoppling.<\/p>\n<p>C&rsquo;est un produit tr\u00e8s simple a utiliser, et qui n&rsquo;est pas trop fort, donc pour tout moment de la journ\u00e9e !<\/p>\n<table style=\"border-collapse: collapse; width: 192px; height: 205px;\" border=\"1\">\n<tbody>\n<tr>\n<td style=\"width: 50%; text-align: center;\"><strong>THC<\/strong><\/td>\n<td style=\"width: 50%; text-align: center;\"><strong>0.19%<\/strong><\/td>\n<\/tr>\n<tr>\n<td style=\"width: 50%; text-align: center;\"><strong>CBD<\/strong><\/td>\n<td style=\"width: 50%; text-align: center;\"><strong>21-25%<\/strong><\/td>\n<\/tr>\n<tr>\n<td style=\"width: 50%; text-align: center;\"><strong>CBG<\/strong><\/td>\n<td style=\"width: 50%; text-align: center;\"><strong>n.n<\/strong><\/td>\n<\/tr>\n<tr>\n<td style=\"width: 50%; text-align: center;\"><b>Kultur<\/b><\/td>\n<td style=\"width: 50%; text-align: center;\"><strong>inomhus<\/strong><\/td>\n<\/tr>\n<\/tbody>\n<\/table>","protected":false},"featured_media":17485,"comment_status":"open","ping_status":"closed","template":"","meta":{"inline_featured_image":false},"product_brand":[75],"product_cat":[59],"product_tag":[229,230],"class_list":{"0":"post-10123","1":"product","2":"type-product","3":"status-publish","4":"has-post-thumbnail","6":"product_brand-la-verte","7":"product_cat-pollens","8":"product_tag-pollens","9":"product_tag-resines","11":"first","12":"instock","13":"taxable","14":"shipping-taxable","15":"purchasable","16":"product-type-variable"},"jetpack_sharing_enabled":true,"_links":{"self":[{"href":"https:\/\/laverteshop.fr\/sv\/wp-json\/wp\/v2\/product\/10123","targetHints":{"allow":["GET"]}}],"collection":[{"href":"https:\/\/laverteshop.fr\/sv\/wp-json\/wp\/v2\/product"}],"about":[{"href":"https:\/\/laverteshop.fr\/sv\/wp-json\/wp\/v2\/types\/product"}],"replies":[{"embeddable":true,"href":"https:\/\/laverteshop.fr\/sv\/wp-json\/wp\/v2\/comments?post=10123"}],"wp:featuredmedia":[{"embeddable":true,"href":"https:\/\/laverteshop.fr\/sv\/wp-json\/wp\/v2\/media\/17485"}],"wp:attachment":[{"href":"https:\/\/laverteshop.fr\/sv\/wp-json\/wp\/v2\/media?parent=10123"}],"wp:term":[{"taxonomy":"product_brand","embeddable":true,"href":"https:\/\/laverteshop.fr\/sv\/wp-json\/wp\/v2\/product_brand?post=10123"},{"taxonomy":"product_cat","embeddable":true,"href":"https:\/\/laverteshop.fr\/sv\/wp-json\/wp\/v2\/product_cat?post=10123"},{"taxonomy":"product_tag","embeddable":true,"href":"https:\/\/laverteshop.fr\/sv\/wp-json\/wp\/v2\/product_tag?post=10123"}],"curies":[{"name":"wp","href":"https:\/\/api.w.org\/{rel}","templated":true}]}}