{"id":10063,"date":"2021-11-27T19:58:22","date_gmt":"2021-11-27T18:58:22","guid":{"rendered":"https:\/\/laverteshop.fr\/?post_type=product&#038;p=10063"},"modified":"2025-09-09T11:11:35","modified_gmt":"2025-09-09T09:11:35","slug":"kung-hassan","status":"publish","type":"product","link":"https:\/\/laverteshop.fr\/sv\/produkt\/kung-hassan\/","title":{"rendered":"Kung Hassan"},"content":{"rendered":"<p>Notre King Hassan est un excellent produit. Plut\u00f4t noir fonc\u00e9 et compact de l&rsquo;exterieur, il est marron clair \u00e0 l&rsquo;int\u00e9rieur, et relativement moelleux et mall\u00e9able. Il est assez collant lors de sa combustion, mais son taux de CBD assez \u00e9lev\u00e9 en fait un produit incontournable. Vous retrouverez des petites notes poivr\u00e9es lors de la consommation. Il rappelle les r\u00e9sines de votre jeunesse !<\/p>\n<p>V\u00e5ra produkter \u00e4r certifierade Swiss CBD-kvalitet. Det viktigaste f\u00f6r oss \u00e4r att kunna f\u00f6rse dig med blommor och pollen av utm\u00e4rkt v\u00e4rde, till \u00f6verkomliga och acceptabla priser, och i enlighet med de niv\u00e5er som godk\u00e4nts av EU-domstolen (&lt;0,2% THC).<\/p>\n<p>Vad kan man g\u00f6ra med dessa produkter? Avslappnande infusioner f\u00f6r att f\u00f6rb\u00e4ttra din s\u00f6mn, potpurri f\u00f6r att impregnera ditt hem med en naturlig doft, eller s\u00e5 kan du anv\u00e4nda dem i maten om du vill (sallader, s\u00e5ser, kryddor).<\/p>\n<p><strong>VIKTIG ANM\u00c4RKNING:<\/strong> Nos r\u00e9sines et hash sont pr\u00e9par\u00e9s dans des laboratoires certifi\u00e9s, avec des proc\u00e9d\u00e9s et techniques qui appartiennent seulement aux producteurs avec qui nous travaillons. La texture et l&rsquo;odeur des produits peuvent donc changer d&rsquo;une r\u00e9colte \u00e0 une autre, d\u00e9pendant aussi de la fleur utilis\u00e9e. Si vous avez un probl\u00e8me avec un produit, contactez nous \u00e0 <a href=\"mailto:contact@laverteshop.fr\">contact@laverteshop.fr<\/a> s\u00e5 hittar vi en l\u00f6sning som g\u00f6r dig n\u00f6jd. Tack f\u00f6r din f\u00f6rst\u00e5else.<\/p>\n<p>Vi rekommenderar att du kontaktar din l\u00e4kare, som kan ge dig r\u00e5d om hur du b\u00e4st anv\u00e4nder din CBD.<\/p>\n<p><em>Du kanske ocks\u00e5 gillar:<\/em><br \/>\n<a href=\"https:\/\/laverteshop.fr\/sv\/produkt\/libanaise\/\">Libanesisk hasch<\/a><br \/>\n<a href=\"https:\/\/laverteshop.fr\/sv\/produkt\/citron-haze-pollen\/\">Citron Haze Pollen<\/a><br \/>\n<a href=\"https:\/\/laverteshop.fr\/sv\/cbg-vs-cbd\/\">CBG OCH CBD<\/a><\/p>","protected":false},"excerpt":{"rendered":"<p>Le King Hassan est plut\u00f4t noir fonc\u00e9 et compact de l&rsquo;exterieur, il est marron clair \u00e0 l&rsquo;int\u00e9rieur, et relativement moelleux et mall\u00e9able. Il est assez collant lors de sa combustion, mais son taux de CBD assez \u00e9lev\u00e9 en fait un produit incontournable. Il a une odeur forte, son go\u00fbt est poivr\u00e9 et terreux<\/p>\n<ul>\n<li>Tillverkad i kantonen Vaud i Schweiz.<\/li>\n<li>h\u00f6ga halter av CBD<\/li>\n<\/ul>\n<table style=\"border-collapse: collapse; width: 192px; height: 205px;\" border=\"1\">\n<tbody>\n<tr>\n<td style=\"width: 50%; text-align: center;\"><strong>THC<\/strong><\/td>\n<td style=\"width: 50%; text-align: center;\"><strong>0.19%<\/strong><\/td>\n<\/tr>\n<tr>\n<td style=\"width: 50%; text-align: center;\"><strong>CBD<\/strong><\/td>\n<td style=\"width: 50%; text-align: center;\"><strong>24%<\/strong><\/td>\n<\/tr>\n<tr>\n<td style=\"width: 50%; text-align: center;\"><strong>CBG<\/strong><\/td>\n<td style=\"width: 50%; text-align: center;\"><strong>n.n<\/strong><\/td>\n<\/tr>\n<tr>\n<td style=\"width: 50%; text-align: center;\"><b>Kultur<\/b><\/td>\n<td style=\"width: 50%; text-align: center;\"><strong>inomhus<\/strong><\/td>\n<\/tr>\n<\/tbody>\n<\/table>","protected":false},"featured_media":10070,"comment_status":"open","ping_status":"closed","template":"","meta":{"inline_featured_image":false},"product_brand":[75],"product_cat":[59],"product_tag":[76,229,230],"class_list":{"0":"post-10063","1":"product","2":"type-product","3":"status-publish","4":"has-post-thumbnail","6":"product_brand-la-verte","7":"product_cat-pollens","8":"product_tag-indoor","9":"product_tag-pollens","10":"product_tag-resines","12":"first","13":"instock","14":"taxable","15":"shipping-taxable","16":"purchasable","17":"product-type-variable","18":"has-default-attributes"},"jetpack_sharing_enabled":true,"_links":{"self":[{"href":"https:\/\/laverteshop.fr\/sv\/wp-json\/wp\/v2\/product\/10063","targetHints":{"allow":["GET"]}}],"collection":[{"href":"https:\/\/laverteshop.fr\/sv\/wp-json\/wp\/v2\/product"}],"about":[{"href":"https:\/\/laverteshop.fr\/sv\/wp-json\/wp\/v2\/types\/product"}],"replies":[{"embeddable":true,"href":"https:\/\/laverteshop.fr\/sv\/wp-json\/wp\/v2\/comments?post=10063"}],"wp:featuredmedia":[{"embeddable":true,"href":"https:\/\/laverteshop.fr\/sv\/wp-json\/wp\/v2\/media\/10070"}],"wp:attachment":[{"href":"https:\/\/laverteshop.fr\/sv\/wp-json\/wp\/v2\/media?parent=10063"}],"wp:term":[{"taxonomy":"product_brand","embeddable":true,"href":"https:\/\/laverteshop.fr\/sv\/wp-json\/wp\/v2\/product_brand?post=10063"},{"taxonomy":"product_cat","embeddable":true,"href":"https:\/\/laverteshop.fr\/sv\/wp-json\/wp\/v2\/product_cat?post=10063"},{"taxonomy":"product_tag","embeddable":true,"href":"https:\/\/laverteshop.fr\/sv\/wp-json\/wp\/v2\/product_tag?post=10063"}],"curies":[{"name":"wp","href":"https:\/\/api.w.org\/{rel}","templated":true}]}}