{"id":9752,"date":"2021-11-12T09:28:56","date_gmt":"2021-11-12T08:28:56","guid":{"rendered":"https:\/\/laverteshop.fr\/?post_type=product&#038;p=9752"},"modified":"2025-07-15T15:04:12","modified_gmt":"2025-07-15T13:04:12","slug":"gizeh-extra-fine-king-size-slim","status":"publish","type":"product","link":"https:\/\/laverteshop.fr\/pt\/produto\/gizeh-extra-fine-king-size-slim\/","title":{"rendered":"Giz\u00e9 extra fino King size slim"},"content":{"rendered":"<p>GIZEH folhas extra finas king size slim com fecho magn\u00e9tico.<\/p>\n<p>Estas folhas de Giz\u00e9 distinguem-se pelo seu papel fino \u00fanico e pela sua combust\u00e3o lenta.<\/p>\n<p>S\u00e3o feitos de celulose e t\u00eam uma grande superf\u00edcie adesiva. O fecho magn\u00e9tico oferece uma protec\u00e7\u00e3o \u00f3ptima para os seus len\u00e7\u00f3is!<\/p>","protected":false},"excerpt":{"rendered":"<p>GIZEH folhas extra finas king size slim com fecho magn\u00e9tico.<\/p>\n<p>Estas folhas Gizeh s\u00e3o caracterizadas por um papel fino \u00fanico e uma queima lenta. Eles s\u00e3o feitos de celulose e t\u00eam uma grande superf\u00edcie pegajosa. O fecho magn\u00e9tico oferece uma protec\u00e7\u00e3o \u00f3ptima para os seus len\u00e7\u00f3is!<\/p>\n<ul>\n<li>Tamanho: 107*44 mm<\/li>\n<li>Gramatura: 14g\/qm2<\/li>\n<li>33 folhas por embalagem<\/li>\n<\/ul>","protected":false},"featured_media":9771,"comment_status":"open","ping_status":"closed","template":"","meta":{"inline_featured_image":false},"product_brand":[212],"product_cat":[196],"product_tag":[217],"class_list":{"0":"post-9752","1":"product","2":"type-product","3":"status-publish","4":"has-post-thumbnail","6":"product_brand-gizeh","7":"product_cat-feuilles-a-rouler","8":"product_tag-feuilles","10":"first","11":"instock","12":"taxable","13":"shipping-taxable","14":"purchasable","15":"product-type-simple"},"jetpack_sharing_enabled":true,"_links":{"self":[{"href":"https:\/\/laverteshop.fr\/pt\/wp-json\/wp\/v2\/product\/9752","targetHints":{"allow":["GET"]}}],"collection":[{"href":"https:\/\/laverteshop.fr\/pt\/wp-json\/wp\/v2\/product"}],"about":[{"href":"https:\/\/laverteshop.fr\/pt\/wp-json\/wp\/v2\/types\/product"}],"replies":[{"embeddable":true,"href":"https:\/\/laverteshop.fr\/pt\/wp-json\/wp\/v2\/comments?post=9752"}],"wp:featuredmedia":[{"embeddable":true,"href":"https:\/\/laverteshop.fr\/pt\/wp-json\/wp\/v2\/media\/9771"}],"wp:attachment":[{"href":"https:\/\/laverteshop.fr\/pt\/wp-json\/wp\/v2\/media?parent=9752"}],"wp:term":[{"taxonomy":"product_brand","embeddable":true,"href":"https:\/\/laverteshop.fr\/pt\/wp-json\/wp\/v2\/product_brand?post=9752"},{"taxonomy":"product_cat","embeddable":true,"href":"https:\/\/laverteshop.fr\/pt\/wp-json\/wp\/v2\/product_cat?post=9752"},{"taxonomy":"product_tag","embeddable":true,"href":"https:\/\/laverteshop.fr\/pt\/wp-json\/wp\/v2\/product_tag?post=9752"}],"curies":[{"name":"wp","href":"https:\/\/api.w.org\/{rel}","templated":true}]}}