{"id":8847,"date":"2021-08-31T09:16:13","date_gmt":"2021-08-31T07:16:13","guid":{"rendered":"https:\/\/laverteshop.fr\/?post_type=product&#038;p=8847"},"modified":"2025-07-15T15:10:42","modified_gmt":"2025-07-15T13:10:42","slug":"filtros-a-carvao-ativo-actitube-extra-slim-6mm","status":"publish","type":"product","link":"https:\/\/laverteshop.fr\/pt\/produto\/filtros-a-carvao-ativo-actitube-extra-slim-6mm\/","title":{"rendered":"Actitube| Filtros de carv\u00e3o ativado extra finos de 6mm"},"content":{"rendered":"<p>- Dimens\u00f5es do filtro: 6 x 27 mm<br \/>\n- Tamp\u00f5es cer\u00e2micos de ambos os lados<br \/>\n- 50 filtros por embalagem<\/p>\n<p><strong>Dicas de inverno :<\/strong><\/p>\n<p>A temperaturas inferiores a 5\u00b0 C, o filtro pode ficar entupido. A causa \u00e9 a condensa\u00e7\u00e3o de fumo no interior do filtro.<\/p>\n<p>\u00c9 por isso que \u00e9 aconselh\u00e1vel fumar dentro de casa durante a esta\u00e7\u00e3o fria ou para manter o\u00a0<a href=\"https:\/\/laverteshop.fr\/pt\/categoria-de-produto\/acessorios\/filtros\/\">filtro<\/a>\u00a0quente at\u00e9 o ligares.<\/p>\n<p>Para garantir a melhor experi\u00eancia poss\u00edvel, s\u00f3 vendemos produtos da mais alta qualidade. Materiais Premium s\u00e3o usados para faz\u00ea-los, e s\u00e3o reconhecidos mundialmente.<\/p>\n<p>Os pre\u00e7os aplicados s\u00e3o tamb\u00e9m muito interessantes para este tipo de produtos, por isso n\u00e3o hesite e adicione-os \u00e0 sua encomenda!<\/p>","protected":false},"excerpt":{"rendered":"<p>O\u00a0<strong>filtros\u00a0<\/strong><a href=\"https:\/\/laverteshop.fr\/pt\/produto\/filtres-a-charbon-active-actitube-slim-compact-travel-size\/\"><strong>ActiTube<\/strong><\/a> <strong>Extra<\/strong> <strong>Slim<\/strong>\u00a0foram concebidos para filtrar uma grande propor\u00e7\u00e3o de subst\u00e2ncias nocivas utilizando carv\u00e3o activado.<\/p>\n<p>Para estes filtros, o actiTube reduziu o grau de enchimento. Como resultado, a protec\u00e7\u00e3o do tracto respirat\u00f3rio \u00e9 reduzida, mas obt\u00e9m-se o FULL FLAVOUR quando se fuma os roll-ups.<\/p>\n<p>Isto tem a particularidade de reter certos elementos como a nicotina e o alcatr\u00e3o, que se formam durante a combust\u00e3o dos cigarros e outras subst\u00e2ncias nocivas.<\/p>\n<p>Quando a fuma\u00e7a passa por um filtro de carv\u00e3o ativado, grande parte do alcatr\u00e3o nocivo no fumo se cola ao carv\u00e3o ativado.<\/p>\n<p>La fum\u00e9e est moins n\u00e9faste, elle est refroidie par un embout en c\u00e9ramique, ce qui l&rsquo;a rend plus douce, le go\u00fbt du tabac est att\u00e9nu\u00e9 mais pas celui de l\u2019herbe et l\u2019effet du \u00ab hit \u00bb n\u2019est pas alt\u00e9r\u00e9.<\/p>","protected":false},"featured_media":9974,"comment_status":"open","ping_status":"closed","template":"","meta":{"inline_featured_image":false},"product_brand":[211],"product_cat":[197,61],"product_tag":[217,218],"class_list":{"0":"post-8847","1":"product","2":"type-product","3":"status-publish","4":"has-post-thumbnail","6":"product_brand-actitube","7":"product_cat-filtres","8":"product_cat-accessoires","9":"product_tag-feuilles","10":"product_tag-filtres","12":"first","13":"instock","14":"taxable","15":"shipping-taxable","16":"purchasable","17":"product-type-simple"},"jetpack_sharing_enabled":true,"_links":{"self":[{"href":"https:\/\/laverteshop.fr\/pt\/wp-json\/wp\/v2\/product\/8847","targetHints":{"allow":["GET"]}}],"collection":[{"href":"https:\/\/laverteshop.fr\/pt\/wp-json\/wp\/v2\/product"}],"about":[{"href":"https:\/\/laverteshop.fr\/pt\/wp-json\/wp\/v2\/types\/product"}],"replies":[{"embeddable":true,"href":"https:\/\/laverteshop.fr\/pt\/wp-json\/wp\/v2\/comments?post=8847"}],"wp:featuredmedia":[{"embeddable":true,"href":"https:\/\/laverteshop.fr\/pt\/wp-json\/wp\/v2\/media\/9974"}],"wp:attachment":[{"href":"https:\/\/laverteshop.fr\/pt\/wp-json\/wp\/v2\/media?parent=8847"}],"wp:term":[{"taxonomy":"product_brand","embeddable":true,"href":"https:\/\/laverteshop.fr\/pt\/wp-json\/wp\/v2\/product_brand?post=8847"},{"taxonomy":"product_cat","embeddable":true,"href":"https:\/\/laverteshop.fr\/pt\/wp-json\/wp\/v2\/product_cat?post=8847"},{"taxonomy":"product_tag","embeddable":true,"href":"https:\/\/laverteshop.fr\/pt\/wp-json\/wp\/v2\/product_tag?post=8847"}],"curies":[{"name":"wp","href":"https:\/\/api.w.org\/{rel}","templated":true}]}}