{"id":8467,"date":"2021-08-10T16:56:22","date_gmt":"2021-08-10T14:56:22","guid":{"rendered":"https:\/\/laverteshop.fr\/?post_type=product&#038;p=8467"},"modified":"2025-11-13T11:11:05","modified_gmt":"2025-11-13T10:11:05","slug":"leaves-a-roll-filters-mascot-slim-size-organic-combi-pack","status":"publish","type":"product","link":"https:\/\/laverteshop.fr\/pt\/produto\/leaves-a-roll-filters-mascot-slim-size-organic-combi-pack\/","title":{"rendered":"Folhas de Lamina\u00e7\u00e3o + Filtros | Mascote de tamanho estreito Embalagem Combinada Org\u00e2nica"},"content":{"rendered":"<p>Les feuilles \u00e0 rouler Mascotte sont connus mondialement, car elle nous viennent tout droit d&rsquo;Amsterdam.<br \/>\nPara garantir que voc\u00ea tenha a melhor experi\u00eancia poss\u00edvel, n\u00f3s s\u00f3 vendemos produtos da mais alta qualidade. S\u00e3o conhecidos mundialmente pela sua estrutura e, acima de tudo, s\u00e3o fabricados com materiais e mat\u00e9rias-primas de primeira qualidade.<br \/>\nOs pre\u00e7os aplicados s\u00e3o tamb\u00e9m muito interessantes para este tipo de produtos, por isso n\u00e3o hesite e adicione-os \u00e0 sua encomenda!<\/p>\n<p><em>Voc\u00ea tamb\u00e9m vai gostar:<\/em><\/p>\n<ul>\n<li><a href=\"https:\/\/laverteshop.fr\/pt\/produto\/8384\/\">Rei original em bruto<\/a><\/li>\n<li><a href=\"https:\/\/laverteshop.fr\/pt\/produto\/pack-decouverte-5-varietes\/\">Pacote Descoberta<\/a><\/li>\n<\/ul>","protected":false},"excerpt":{"rendered":"<p>O primeiro e \u00fanico papel de c\u00e2nhamo org\u00e2nico 100%, e agora com dicas em um pr\u00e1tico pacote combinado. Os pap\u00e9is s\u00e3o puramente naturais e a cor castanha difere em fun\u00e7\u00e3o da cultura. As pontas s\u00e3o muito suaves e n\u00e3o s\u00e3o branqueadas. As embalagens certificadas pelo FSC s\u00e3o, naturalmente, resel\u00e1veis.<br \/>\n<strong>Mascote<\/strong>\u00a0\u00e9 talvez a marca mais conhecida de papel de enrolar na Holanda.<\/p>\n<p>34 folhas + 34 filtros por embalagem<\/p>","protected":false},"featured_media":8469,"comment_status":"open","ping_status":"closed","template":"","meta":{"inline_featured_image":false},"product_brand":[205],"product_cat":[196,61],"product_tag":[217,218],"class_list":{"0":"post-8467","1":"product","2":"type-product","3":"status-publish","4":"has-post-thumbnail","6":"product_brand-mascotte","7":"product_cat-feuilles-a-rouler","8":"product_cat-accessoires","9":"product_tag-feuilles","10":"product_tag-filtres","12":"first","13":"instock","14":"taxable","15":"shipping-taxable","16":"purchasable","17":"product-type-simple"},"jetpack_sharing_enabled":true,"_links":{"self":[{"href":"https:\/\/laverteshop.fr\/pt\/wp-json\/wp\/v2\/product\/8467","targetHints":{"allow":["GET"]}}],"collection":[{"href":"https:\/\/laverteshop.fr\/pt\/wp-json\/wp\/v2\/product"}],"about":[{"href":"https:\/\/laverteshop.fr\/pt\/wp-json\/wp\/v2\/types\/product"}],"replies":[{"embeddable":true,"href":"https:\/\/laverteshop.fr\/pt\/wp-json\/wp\/v2\/comments?post=8467"}],"wp:featuredmedia":[{"embeddable":true,"href":"https:\/\/laverteshop.fr\/pt\/wp-json\/wp\/v2\/media\/8469"}],"wp:attachment":[{"href":"https:\/\/laverteshop.fr\/pt\/wp-json\/wp\/v2\/media?parent=8467"}],"wp:term":[{"taxonomy":"product_brand","embeddable":true,"href":"https:\/\/laverteshop.fr\/pt\/wp-json\/wp\/v2\/product_brand?post=8467"},{"taxonomy":"product_cat","embeddable":true,"href":"https:\/\/laverteshop.fr\/pt\/wp-json\/wp\/v2\/product_cat?post=8467"},{"taxonomy":"product_tag","embeddable":true,"href":"https:\/\/laverteshop.fr\/pt\/wp-json\/wp\/v2\/product_tag?post=8467"}],"curies":[{"name":"wp","href":"https:\/\/api.w.org\/{rel}","templated":true}]}}