{"id":8465,"date":"2021-08-10T16:46:31","date_gmt":"2021-08-10T14:46:31","guid":{"rendered":"https:\/\/laverteshop.fr\/?post_type=product&#038;p=8465"},"modified":"2025-07-15T15:10:52","modified_gmt":"2025-07-15T13:10:52","slug":"folhas-um-rolo-flame-pink-king-slim","status":"publish","type":"product","link":"https:\/\/laverteshop.fr\/pt\/produto\/folhas-um-rolo-flame-pink-king-slim\/","title":{"rendered":"Flamez Pink King Slim papel de enrolar"},"content":{"rendered":"<p>Destaque-se da multid\u00e3o com estes belos pap\u00e9is cor-de-rosa feitos de fibras de c\u00e2nhamo (90%) e fibras de madeira (10%) para uma resist\u00eancia extra.<br \/>\nComprar os pap\u00e9is Flamez Pink Edition<br \/>\nRevitalisez votre \u00ab\u00a0fum\u00e9e\u00a0\u00bb avec ces papiers Pink Edition de Flamez. Commandez en toute s\u00e9curit\u00e9 sur notre boutique en ligne et soyez s\u00fbr de recevoir votre paquet \u00e0 votre porte.<br \/>\nJura, Pinky!<\/p>\n<p>Para garantir que voc\u00ea tenha a melhor experi\u00eancia poss\u00edvel, n\u00f3s s\u00f3 vendemos produtos da mais alta qualidade. S\u00e3o conhecidos mundialmente pela sua estrutura e, acima de tudo, s\u00e3o fabricados com materiais e mat\u00e9rias-primas de primeira qualidade.<\/p>\n<p>Os pre\u00e7os aplicados s\u00e3o tamb\u00e9m muito interessantes para este tipo de produtos, por isso n\u00e3o hesite e adicione-os \u00e0 sua encomenda!<\/p>","protected":false},"excerpt":{"rendered":"<p>Flame Pink Edition!<br \/>\nLes vraies \u00ab\u00a0reines\u00a0\u00bb utilisent les papiers Flamez Pink (Queen) Size Slim !<br \/>\nDestaque-se da multid\u00e3o com estes belos pap\u00e9is cor-de-rosa feitos de fibras de c\u00e2nhamo (90%) e fibras de madeira (10%) para uma resist\u00eancia extra.<\/p>\n<p>33 folhas por embalagem<br \/>\nComprimento: Tamanho do Rei (110 mm)<br \/>\nLargura: Fino (44 mm)<br \/>\nCor: rosa<br \/>\nNatureza: mistura de c\u00e2nhamo (90%) e madeira (10%)<\/p>","protected":false},"featured_media":8466,"comment_status":"open","ping_status":"closed","template":"","meta":{"inline_featured_image":false},"product_brand":[204],"product_cat":[196,61],"product_tag":[217,218],"class_list":{"0":"post-8465","1":"product","2":"type-product","3":"status-publish","4":"has-post-thumbnail","6":"product_brand-flamez","7":"product_cat-feuilles-a-rouler","8":"product_cat-accessoires","9":"product_tag-feuilles","10":"product_tag-filtres","12":"first","13":"outofstock","14":"taxable","15":"shipping-taxable","16":"purchasable","17":"product-type-simple"},"jetpack_sharing_enabled":true,"_links":{"self":[{"href":"https:\/\/laverteshop.fr\/pt\/wp-json\/wp\/v2\/product\/8465","targetHints":{"allow":["GET"]}}],"collection":[{"href":"https:\/\/laverteshop.fr\/pt\/wp-json\/wp\/v2\/product"}],"about":[{"href":"https:\/\/laverteshop.fr\/pt\/wp-json\/wp\/v2\/types\/product"}],"replies":[{"embeddable":true,"href":"https:\/\/laverteshop.fr\/pt\/wp-json\/wp\/v2\/comments?post=8465"}],"wp:featuredmedia":[{"embeddable":true,"href":"https:\/\/laverteshop.fr\/pt\/wp-json\/wp\/v2\/media\/8466"}],"wp:attachment":[{"href":"https:\/\/laverteshop.fr\/pt\/wp-json\/wp\/v2\/media?parent=8465"}],"wp:term":[{"taxonomy":"product_brand","embeddable":true,"href":"https:\/\/laverteshop.fr\/pt\/wp-json\/wp\/v2\/product_brand?post=8465"},{"taxonomy":"product_cat","embeddable":true,"href":"https:\/\/laverteshop.fr\/pt\/wp-json\/wp\/v2\/product_cat?post=8465"},{"taxonomy":"product_tag","embeddable":true,"href":"https:\/\/laverteshop.fr\/pt\/wp-json\/wp\/v2\/product_tag?post=8465"}],"curies":[{"name":"wp","href":"https:\/\/api.w.org\/{rel}","templated":true}]}}