{"id":8460,"date":"2021-08-10T16:37:33","date_gmt":"2021-08-10T14:37:33","guid":{"rendered":"https:\/\/laverteshop.fr\/?post_type=product&#038;p=8460"},"modified":"2025-10-13T08:32:56","modified_gmt":"2025-10-13T06:32:56","slug":"filtros-raw-wide-hemp-cotton-25mm","status":"publish","type":"product","link":"https:\/\/laverteshop.fr\/pt\/produto\/filtros-raw-wide-hemp-cotton-25mm\/","title":{"rendered":"Filtros de algod\u00e3o de c\u00e2nhamo grosseiro 25mm"},"content":{"rendered":"<p>Raw a toujours fabriqu\u00e9 d&rsquo;excellents papiers sans produits chimiques ni agents de blanchiment. Aujourd&rsquo;hui, ils ont ajout\u00e9 des perforations \u00e0 cette merveilleuse capacit\u00e9 !<br \/>\nLes Raw Perforated Tips signifient que vous n&rsquo;avez plus d&rsquo;excuse pour rouler une cigarette de mauvaise qualit\u00e9. Les perforations peuvent \u00eatre repli\u00e9es pour cr\u00e9er une forme en \u00ab\u00a0z\u00a0\u00bb dans le cafetier. Cela ajoute au refroidissement de votre fum\u00e9e.<br \/>\nAs pontas s\u00e3o mais largas do que as pontas normais, o que aumenta ainda mais o arrefecimento e as torna ideais para cigarros muito grandes.<br \/>\nFabricado a partir de c\u00e2nhamo natural e fibras de algod\u00e3o.<\/p>\n<p>Para garantir que voc\u00ea tenha a melhor experi\u00eancia poss\u00edvel, n\u00f3s s\u00f3 vendemos produtos da mais alta qualidade. S\u00e3o conhecidos mundialmente pela sua estrutura e, acima de tudo, s\u00e3o fabricados com materiais e mat\u00e9rias-primas de primeira qualidade.<\/p>\n<p>Os pre\u00e7os aplicados s\u00e3o tamb\u00e9m muito interessantes para este tipo de produtos, por isso n\u00e3o hesite e adicione-os \u00e0 sua encomenda!<\/p>","protected":false},"excerpt":{"rendered":"<p>Pontos crus extra grandes<br \/>\nPerfurado para facilitar a rolagem<br \/>\nTamanho: 55x25mm<br \/>\n50 dicas por folheto<\/p>\n<p>Dobra em Z para uma filtragem de fuma\u00e7a ainda melhor<\/p>","protected":false},"featured_media":8461,"comment_status":"open","ping_status":"closed","template":"","meta":{"inline_featured_image":false},"product_brand":[198],"product_cat":[197,61],"product_tag":[217,218],"class_list":{"0":"post-8460","1":"product","2":"type-product","3":"status-publish","4":"has-post-thumbnail","6":"product_brand-raw","7":"product_cat-filtres","8":"product_cat-accessoires","9":"product_tag-feuilles","10":"product_tag-filtres","12":"first","13":"instock","14":"taxable","15":"shipping-taxable","16":"purchasable","17":"product-type-simple"},"jetpack_sharing_enabled":true,"_links":{"self":[{"href":"https:\/\/laverteshop.fr\/pt\/wp-json\/wp\/v2\/product\/8460","targetHints":{"allow":["GET"]}}],"collection":[{"href":"https:\/\/laverteshop.fr\/pt\/wp-json\/wp\/v2\/product"}],"about":[{"href":"https:\/\/laverteshop.fr\/pt\/wp-json\/wp\/v2\/types\/product"}],"replies":[{"embeddable":true,"href":"https:\/\/laverteshop.fr\/pt\/wp-json\/wp\/v2\/comments?post=8460"}],"wp:featuredmedia":[{"embeddable":true,"href":"https:\/\/laverteshop.fr\/pt\/wp-json\/wp\/v2\/media\/8461"}],"wp:attachment":[{"href":"https:\/\/laverteshop.fr\/pt\/wp-json\/wp\/v2\/media?parent=8460"}],"wp:term":[{"taxonomy":"product_brand","embeddable":true,"href":"https:\/\/laverteshop.fr\/pt\/wp-json\/wp\/v2\/product_brand?post=8460"},{"taxonomy":"product_cat","embeddable":true,"href":"https:\/\/laverteshop.fr\/pt\/wp-json\/wp\/v2\/product_cat?post=8460"},{"taxonomy":"product_tag","embeddable":true,"href":"https:\/\/laverteshop.fr\/pt\/wp-json\/wp\/v2\/product_tag?post=8460"}],"curies":[{"name":"wp","href":"https:\/\/api.w.org\/{rel}","templated":true}]}}