{"id":8455,"date":"2021-08-10T16:21:44","date_gmt":"2021-08-10T14:21:44","guid":{"rendered":"https:\/\/laverteshop.fr\/?post_type=product&#038;p=8455"},"modified":"2026-03-02T20:10:48","modified_gmt":"2026-03-02T19:10:48","slug":"folhas-um-rolo-verde-unbleached-slim-rolls","status":"publish","type":"product","link":"https:\/\/laverteshop.fr\/pt\/produto\/folhas-um-rolo-verde-unbleached-slim-rolls\/","title":{"rendered":"Greengo Unblego Slim Rolls n\u00e3o branqueado"},"content":{"rendered":"<p>Os rolos Greengo Slim s\u00e3o crus, sem cloro e feitos de celulose.<br \/>\nCada rolo cont\u00e9m 4 metros de papel cont\u00ednuo, que pode ser rasgado no comprimento desejado.<br \/>\nLargura: 44 mm.<br \/>\nComprimento: 4m<br \/>\nFabriqu\u00e9 dans l&rsquo;UE.<\/p>\n<p>Para garantir que voc\u00ea tenha a melhor experi\u00eancia poss\u00edvel, n\u00f3s s\u00f3 vendemos produtos da mais alta qualidade. S\u00e3o conhecidos mundialmente pela sua fina estrutura e, acima de tudo, s\u00e3o fabricados com materiais e mat\u00e9rias-primas de primeira qualidade.<\/p>\n<p>Os pre\u00e7os aplicados s\u00e3o tamb\u00e9m muito interessantes para este tipo de produtos, por isso n\u00e3o hesite e adicione-os \u00e0 sua encomenda!<\/p>","protected":false},"excerpt":{"rendered":"<p>Os rolos Greengo Slim s\u00e3o crus, sem cloro e feitos de celulose.<br \/>\nCada rolo cont\u00e9m 4 metros de papel cont\u00ednuo, que pode ser rasgado no comprimento desejado.<br \/>\nLargura: 44 mm.<br \/>\nComprimento: 4m<br \/>\nFabriqu\u00e9 dans l&rsquo;UE.<\/p>","protected":false},"featured_media":8456,"comment_status":"open","ping_status":"closed","template":"","meta":{"inline_featured_image":false},"product_brand":[201],"product_cat":[61,196],"product_tag":[217,218],"class_list":{"0":"post-8455","1":"product","2":"type-product","3":"status-publish","4":"has-post-thumbnail","6":"product_brand-greengo","7":"product_cat-accessoires","8":"product_cat-feuilles-a-rouler","9":"product_tag-feuilles","10":"product_tag-filtres","12":"first","13":"instock","14":"taxable","15":"shipping-taxable","16":"purchasable","17":"product-type-simple"},"jetpack_sharing_enabled":true,"_links":{"self":[{"href":"https:\/\/laverteshop.fr\/pt\/wp-json\/wp\/v2\/product\/8455","targetHints":{"allow":["GET"]}}],"collection":[{"href":"https:\/\/laverteshop.fr\/pt\/wp-json\/wp\/v2\/product"}],"about":[{"href":"https:\/\/laverteshop.fr\/pt\/wp-json\/wp\/v2\/types\/product"}],"replies":[{"embeddable":true,"href":"https:\/\/laverteshop.fr\/pt\/wp-json\/wp\/v2\/comments?post=8455"}],"wp:featuredmedia":[{"embeddable":true,"href":"https:\/\/laverteshop.fr\/pt\/wp-json\/wp\/v2\/media\/8456"}],"wp:attachment":[{"href":"https:\/\/laverteshop.fr\/pt\/wp-json\/wp\/v2\/media?parent=8455"}],"wp:term":[{"taxonomy":"product_brand","embeddable":true,"href":"https:\/\/laverteshop.fr\/pt\/wp-json\/wp\/v2\/product_brand?post=8455"},{"taxonomy":"product_cat","embeddable":true,"href":"https:\/\/laverteshop.fr\/pt\/wp-json\/wp\/v2\/product_cat?post=8455"},{"taxonomy":"product_tag","embeddable":true,"href":"https:\/\/laverteshop.fr\/pt\/wp-json\/wp\/v2\/product_tag?post=8455"}],"curies":[{"name":"wp","href":"https:\/\/api.w.org\/{rel}","templated":true}]}}