{"id":8393,"date":"2021-08-10T14:33:25","date_gmt":"2021-08-10T12:33:25","guid":{"rendered":"https:\/\/laverteshop.fr\/?post_type=product&#038;p=8393"},"modified":"2025-07-15T15:10:56","modified_gmt":"2025-07-15T13:10:56","slug":"filtros-para-fumadores-mais-finos","status":"publish","type":"product","link":"https:\/\/laverteshop.fr\/pt\/produto\/filtros-para-fumadores-mais-finos\/","title":{"rendered":"Fumar o mais fino King Size Slim + Filtros"},"content":{"rendered":"<p>As Folhas de Smokings Slim Tuxedo King Size v\u00e3o satisfaz\u00ea-lo. Um papel mais fino do que a vers\u00e3o original, e ligeiramente opaco.<\/p>\n<p>A fim de garantir a melhor experi\u00eancia de degusta\u00e7\u00e3o poss\u00edvel, vendemos apenas produtos da mais alta qualidade, conhecidos mundialmente pela sua fina estrutura e, acima de tudo, s\u00e3o fabricados com materiais e mat\u00e9rias-primas de primeira qualidade.<\/p>\n<p>Os pre\u00e7os aplicados s\u00e3o tamb\u00e9m muito interessantes para este tipo de produtos, por isso n\u00e3o hesite e adicione-os \u00e0 sua encomenda!<\/p>","protected":false},"excerpt":{"rendered":"<p>A Smoking's Thinnest Series oferece 20 folhas de % que s\u00e3o mais finas do que a Smoking Deluxe Papers. A marca de \u00e1gua do seu casaco de jantar garante que a sua m\u00e3o a rolar arde bem, de forma uniforme e lenta.<br \/>\nEsta vers\u00e3o vem at\u00e9 com as dicas, para que voc\u00ea tenha sempre tudo \u00e0 m\u00e3o.<\/p>\n<p>- Dimens\u00f5es: 108 x 44 mm<br \/>\n- 33 folhas + filtros por embalagem<br \/>\n- papel certificado FSC<br \/>\n- Goma pura de legumes<\/p>","protected":false},"featured_media":8394,"comment_status":"open","ping_status":"closed","template":"","meta":{"inline_featured_image":false},"product_brand":[200],"product_cat":[196,61],"product_tag":[217,218],"class_list":{"0":"post-8393","1":"product","2":"type-product","3":"status-publish","4":"has-post-thumbnail","6":"product_brand-smoking","7":"product_cat-feuilles-a-rouler","8":"product_cat-accessoires","9":"product_tag-feuilles","10":"product_tag-filtres","12":"first","13":"instock","14":"taxable","15":"shipping-taxable","16":"purchasable","17":"product-type-simple"},"jetpack_sharing_enabled":true,"_links":{"self":[{"href":"https:\/\/laverteshop.fr\/pt\/wp-json\/wp\/v2\/product\/8393","targetHints":{"allow":["GET"]}}],"collection":[{"href":"https:\/\/laverteshop.fr\/pt\/wp-json\/wp\/v2\/product"}],"about":[{"href":"https:\/\/laverteshop.fr\/pt\/wp-json\/wp\/v2\/types\/product"}],"replies":[{"embeddable":true,"href":"https:\/\/laverteshop.fr\/pt\/wp-json\/wp\/v2\/comments?post=8393"}],"wp:featuredmedia":[{"embeddable":true,"href":"https:\/\/laverteshop.fr\/pt\/wp-json\/wp\/v2\/media\/8394"}],"wp:attachment":[{"href":"https:\/\/laverteshop.fr\/pt\/wp-json\/wp\/v2\/media?parent=8393"}],"wp:term":[{"taxonomy":"product_brand","embeddable":true,"href":"https:\/\/laverteshop.fr\/pt\/wp-json\/wp\/v2\/product_brand?post=8393"},{"taxonomy":"product_cat","embeddable":true,"href":"https:\/\/laverteshop.fr\/pt\/wp-json\/wp\/v2\/product_cat?post=8393"},{"taxonomy":"product_tag","embeddable":true,"href":"https:\/\/laverteshop.fr\/pt\/wp-json\/wp\/v2\/product_tag?post=8393"}],"curies":[{"name":"wp","href":"https:\/\/api.w.org\/{rel}","templated":true}]}}