{"id":8388,"date":"2021-08-10T14:11:27","date_gmt":"2021-08-10T12:11:27","guid":{"rendered":"https:\/\/laverteshop.fr\/?post_type=product&#038;p=8388"},"modified":"2025-07-15T15:10:58","modified_gmt":"2025-07-15T13:10:58","slug":"folhas-um-rolinho-ripas-organicas-rolos-4m","status":"publish","type":"product","link":"https:\/\/laverteshop.fr\/pt\/produto\/folhas-um-rolinho-ripas-organicas-rolos-4m\/","title":{"rendered":"Rolos Org\u00e2nicos Rips 5m"},"content":{"rendered":"<p>Estes rolos org\u00e2nicos RIPS s\u00e3o feitos de materiais org\u00e2nicos 100%.<\/p>\n<p>Para garantir que voc\u00ea tenha a melhor experi\u00eancia poss\u00edvel, n\u00f3s s\u00f3 vendemos produtos da mais alta qualidade. Conhecida mundialmente pela sua fina estrutura e, sobretudo, fabricada com materiais e mat\u00e9rias-primas de primeira qualidade.<\/p>\n<p>Os pre\u00e7os aplicados s\u00e3o tamb\u00e9m muito interessantes para este tipo de produtos, por isso n\u00e3o hesite e adicione-os \u00e0 sua encomenda!<\/p>","protected":false},"excerpt":{"rendered":"<p>Estes rolos de papel laminado s\u00e3o de alta qualidade e a um pre\u00e7o razo\u00e1vel. Perfeito para os conhecedores.<\/p>\n<p>Sabores &amp; Sabores: Natural<\/p>\n<p>Largura: 44mm<\/p>\n<p>Comprimento: 5m<\/p>","protected":false},"featured_media":8390,"comment_status":"open","ping_status":"closed","template":"","meta":{"inline_featured_image":false},"product_brand":[199],"product_cat":[196,61],"product_tag":[217,218],"class_list":{"0":"post-8388","1":"product","2":"type-product","3":"status-publish","4":"has-post-thumbnail","6":"product_brand-rips","7":"product_cat-feuilles-a-rouler","8":"product_cat-accessoires","9":"product_tag-feuilles","10":"product_tag-filtres","12":"first","13":"outofstock","14":"taxable","15":"shipping-taxable","16":"purchasable","17":"product-type-simple"},"jetpack_sharing_enabled":true,"_links":{"self":[{"href":"https:\/\/laverteshop.fr\/pt\/wp-json\/wp\/v2\/product\/8388","targetHints":{"allow":["GET"]}}],"collection":[{"href":"https:\/\/laverteshop.fr\/pt\/wp-json\/wp\/v2\/product"}],"about":[{"href":"https:\/\/laverteshop.fr\/pt\/wp-json\/wp\/v2\/types\/product"}],"replies":[{"embeddable":true,"href":"https:\/\/laverteshop.fr\/pt\/wp-json\/wp\/v2\/comments?post=8388"}],"wp:featuredmedia":[{"embeddable":true,"href":"https:\/\/laverteshop.fr\/pt\/wp-json\/wp\/v2\/media\/8390"}],"wp:attachment":[{"href":"https:\/\/laverteshop.fr\/pt\/wp-json\/wp\/v2\/media?parent=8388"}],"wp:term":[{"taxonomy":"product_brand","embeddable":true,"href":"https:\/\/laverteshop.fr\/pt\/wp-json\/wp\/v2\/product_brand?post=8388"},{"taxonomy":"product_cat","embeddable":true,"href":"https:\/\/laverteshop.fr\/pt\/wp-json\/wp\/v2\/product_cat?post=8388"},{"taxonomy":"product_tag","embeddable":true,"href":"https:\/\/laverteshop.fr\/pt\/wp-json\/wp\/v2\/product_tag?post=8388"}],"curies":[{"name":"wp","href":"https:\/\/api.w.org\/{rel}","templated":true}]}}