{"id":8386,"date":"2021-08-10T13:55:54","date_gmt":"2021-08-10T11:55:54","guid":{"rendered":"https:\/\/laverteshop.fr\/?post_type=product&#038;p=8386"},"modified":"2025-07-15T15:10:59","modified_gmt":"2025-07-15T13:10:59","slug":"puxar-rolos-de-papel-3m","status":"publish","type":"product","link":"https:\/\/laverteshop.fr\/pt\/produto\/puxar-rolos-de-papel-3m\/","title":{"rendered":"Pap\u00e9is crus em rolo de 3m"},"content":{"rendered":"<p>Raw Rolls Rolling Paper X 1 Com o papel Raw Rolls escolha o tamanho do seu cigarro! Ultra curto ou super longo, rolar ao seu gosto.<\/p>\n<ul>\n<li>\u00a0Papel org\u00e2nico n\u00e3o branqueado, ligeiramente refinado<\/li>\n<li>\u00a0Extra fino e transl\u00facido<\/li>\n<li>\u00a0Cola \u00e0 base de a\u00e7\u00facar<\/li>\n<li>\u00a0Sem aditivos, fibras org\u00e2nicas puras<\/li>\n<li>\u00a0Comprimento da folha: 3 metros<\/li>\n<li>\u00a0Largura da chapa: 5,3 cm<\/li>\n<\/ul>\n<p>A fim de garantir a melhor experi\u00eancia de degusta\u00e7\u00e3o poss\u00edvel, vendemos apenas produtos da mais alta qualidade, conhecidos mundialmente pela sua fina estrutura e, acima de tudo, s\u00e3o fabricados com materiais e mat\u00e9rias-primas de primeira qualidade.<\/p>\n<p>Os pre\u00e7os aplicados s\u00e3o tamb\u00e9m muito interessantes para este tipo de produtos, por isso n\u00e3o hesite e adicione-os \u00e0 sua encomenda!<\/p>","protected":false},"excerpt":{"rendered":"<p>Raw Rolls Rolling Paper X 1 Com o papel Raw Rolls escolha o tamanho do seu cigarro! Ultra curto ou super longo, rolar ao seu gosto.<\/p>\n<ul>\n<li>\u00a0Papel org\u00e2nico n\u00e3o branqueado, ligeiramente refinado<\/li>\n<li>\u00a0Extra fino e transl\u00facido<\/li>\n<li>\u00a0Cola \u00e0 base de a\u00e7\u00facar<\/li>\n<li>\u00a0Sem aditivos, fibras org\u00e2nicas puras<\/li>\n<li>\u00a0Comprimento da folha: 3 metros<\/li>\n<li>\u00a0Largura da chapa: 5,3 cm<\/li>\n<\/ul>\n<p>&nbsp;<\/p>","protected":false},"featured_media":8387,"comment_status":"open","ping_status":"closed","template":"","meta":{"inline_featured_image":false},"product_brand":[198],"product_cat":[61,196],"product_tag":[217,218],"class_list":{"0":"post-8386","1":"product","2":"type-product","3":"status-publish","4":"has-post-thumbnail","6":"product_brand-raw","7":"product_cat-accessoires","8":"product_cat-feuilles-a-rouler","9":"product_tag-feuilles","10":"product_tag-filtres","12":"first","13":"outofstock","14":"taxable","15":"shipping-taxable","16":"purchasable","17":"product-type-simple"},"jetpack_sharing_enabled":true,"_links":{"self":[{"href":"https:\/\/laverteshop.fr\/pt\/wp-json\/wp\/v2\/product\/8386","targetHints":{"allow":["GET"]}}],"collection":[{"href":"https:\/\/laverteshop.fr\/pt\/wp-json\/wp\/v2\/product"}],"about":[{"href":"https:\/\/laverteshop.fr\/pt\/wp-json\/wp\/v2\/types\/product"}],"replies":[{"embeddable":true,"href":"https:\/\/laverteshop.fr\/pt\/wp-json\/wp\/v2\/comments?post=8386"}],"wp:featuredmedia":[{"embeddable":true,"href":"https:\/\/laverteshop.fr\/pt\/wp-json\/wp\/v2\/media\/8387"}],"wp:attachment":[{"href":"https:\/\/laverteshop.fr\/pt\/wp-json\/wp\/v2\/media?parent=8386"}],"wp:term":[{"taxonomy":"product_brand","embeddable":true,"href":"https:\/\/laverteshop.fr\/pt\/wp-json\/wp\/v2\/product_brand?post=8386"},{"taxonomy":"product_cat","embeddable":true,"href":"https:\/\/laverteshop.fr\/pt\/wp-json\/wp\/v2\/product_cat?post=8386"},{"taxonomy":"product_tag","embeddable":true,"href":"https:\/\/laverteshop.fr\/pt\/wp-json\/wp\/v2\/product_tag?post=8386"}],"curies":[{"name":"wp","href":"https:\/\/api.w.org\/{rel}","templated":true}]}}