{"id":8380,"date":"2021-08-10T13:38:38","date_gmt":"2021-08-10T11:38:38","guid":{"rendered":"https:\/\/laverteshop.fr\/?post_type=product&#038;p=8380"},"modified":"2026-03-19T18:48:04","modified_gmt":"2026-03-19T17:48:04","slug":"filtros-organicos-crus-de-tamanho-pequeno","status":"publish","type":"product","link":"https:\/\/laverteshop.fr\/pt\/produto\/filtros-organicos-crus-de-tamanho-pequeno\/","title":{"rendered":"Tamanho do Rei Org\u00e2nico Bruto Slim + Filtros"},"content":{"rendered":"<p>RAW apresenta os primeiros pap\u00e9is de enrolar completamente org\u00e2nicos e vegetarianos. Fabricado a partir de m\u00e9todos sustent\u00e1veis e ecol\u00f3gicos.<\/p>\n<p>Um papel que queima suavemente, para garantir uma degusta\u00e7\u00e3o de qualidade e um excelente relaxamento.<\/p>\n<p>Para garantir que voc\u00ea tenha a melhor experi\u00eancia poss\u00edvel, n\u00f3s s\u00f3 vendemos produtos da mais alta qualidade. Conhecida mundialmente pela sua fina estrutura e, sobretudo, fabricada com materiais e mat\u00e9rias-primas de primeira qualidade.<\/p>\n<p>Os pre\u00e7os aplicados s\u00e3o tamb\u00e9m muito interessantes para este tipo de produtos, por isso n\u00e3o hesite e adicione-os \u00e0 sua encomenda!<\/p>","protected":false},"excerpt":{"rendered":"<p>RAW apresenta os primeiros pap\u00e9is de enrolar completamente org\u00e2nicos e vegetarianos. Fabricado a partir de m\u00e9todos sustent\u00e1veis e ecol\u00f3gicos. Um papel que queima suavemente, para garantir um prazer de qualidade e um excelente relaxamento.<\/p>","protected":false},"featured_media":8382,"comment_status":"open","ping_status":"closed","template":"","meta":{"inline_featured_image":false},"product_brand":[198],"product_cat":[196],"product_tag":[217,218],"class_list":{"0":"post-8380","1":"product","2":"type-product","3":"status-publish","4":"has-post-thumbnail","6":"product_brand-raw","7":"product_cat-feuilles-a-rouler","8":"product_tag-feuilles","9":"product_tag-filtres","11":"first","12":"instock","13":"taxable","14":"shipping-taxable","15":"purchasable","16":"product-type-simple"},"jetpack_sharing_enabled":true,"_links":{"self":[{"href":"https:\/\/laverteshop.fr\/pt\/wp-json\/wp\/v2\/product\/8380","targetHints":{"allow":["GET"]}}],"collection":[{"href":"https:\/\/laverteshop.fr\/pt\/wp-json\/wp\/v2\/product"}],"about":[{"href":"https:\/\/laverteshop.fr\/pt\/wp-json\/wp\/v2\/types\/product"}],"replies":[{"embeddable":true,"href":"https:\/\/laverteshop.fr\/pt\/wp-json\/wp\/v2\/comments?post=8380"}],"wp:featuredmedia":[{"embeddable":true,"href":"https:\/\/laverteshop.fr\/pt\/wp-json\/wp\/v2\/media\/8382"}],"wp:attachment":[{"href":"https:\/\/laverteshop.fr\/pt\/wp-json\/wp\/v2\/media?parent=8380"}],"wp:term":[{"taxonomy":"product_brand","embeddable":true,"href":"https:\/\/laverteshop.fr\/pt\/wp-json\/wp\/v2\/product_brand?post=8380"},{"taxonomy":"product_cat","embeddable":true,"href":"https:\/\/laverteshop.fr\/pt\/wp-json\/wp\/v2\/product_cat?post=8380"},{"taxonomy":"product_tag","embeddable":true,"href":"https:\/\/laverteshop.fr\/pt\/wp-json\/wp\/v2\/product_tag?post=8380"}],"curies":[{"name":"wp","href":"https:\/\/api.w.org\/{rel}","templated":true}]}}