{"id":20999,"date":"2026-04-21T16:32:55","date_gmt":"2026-04-21T14:32:55","guid":{"rendered":"https:\/\/laverteshop.fr\/?post_type=product&#038;p=20999"},"modified":"2026-04-21T16:42:03","modified_gmt":"2026-04-21T14:42:03","slug":"cherry-cream-hash-cbd","status":"publish","type":"product","link":"https:\/\/laverteshop.fr\/pt\/produto\/cherry-cream-hash-cbd\/","title":{"rendered":"Cherry Cream Hash CBD"},"content":{"rendered":"<p>ALERTE P\u00c9PITE ! Le Cherry Cream Hash CBD est un hash d&rsquo;excellente qualit\u00e9, qui m\u00e9lange du pollen de fleur indoor tamis\u00e9 \u00e0 120 microns, et du distillat de CBD naturel et bio, concentr\u00e9 en CBD.<\/p>\n<p>Une belle odeur florale et l\u00e9g\u00e8rement fruit\u00e9e, une texture parfaite, l\u00e9g\u00e8rement collante, et huileuse, mais extr\u00eamement facile d&rsquo;utilisation. Inutile de le chauffer pour l&rsquo;\u00e9ffriter, il peut s&rsquo;utiliser en spaghetti. Clairement un produit d&rsquo;exception, Son taux de CBD est \u00e9lev\u00e9, aux alentours de 50% car il y a du distillat ainsi que du pollen, ce qui concentre son taux de CBD. C&rsquo;est un hash relaxant, parfait pour utiliser en fin de journ\u00e9e.<\/p>\n<p>Os nossos produtos s\u00e3o de qualidade su\u00ed\u00e7a certificada pela CBD. O mais importante para n\u00f3s \u00e9 poder fornecer-lhe flores e resinas de excelente valor, a pre\u00e7os acess\u00edveis e aceit\u00e1veis, e dentro dos n\u00edveis permitidos pelo CJEU (&lt;0,3% THC).<\/p>\n<p>O que voc\u00ea pode fazer com esses produtos? Infus\u00f5es relaxantes, para melhorar o seu sono, potpourri para impregnar a sua casa com um aroma natural, ou pode us\u00e1-las na sua comida se desejar (saladas, molhos, condimentos).<\/p>\n<p><strong>NOTA IMPORTANTE:<\/strong> Nos r\u00e9sines et hash sont pr\u00e9par\u00e9s dans des laboratoires certifi\u00e9s, avec des proc\u00e9d\u00e9s et techniques qui appartiennent seulement aux producteurs avec qui nous travaillons. La texture et l&rsquo;odeur des produits peuvent donc changer d&rsquo;une r\u00e9colte \u00e0 une autre, d\u00e9pendant aussi de la fleur utilis\u00e9e. Si vous avez un probl\u00e8me avec un produit, contactez nous \u00e0 <a href=\"mailto:contact@laverteshop.fr\">contact@laverteshop.fr<\/a> e encontraremos uma solu\u00e7\u00e3o para a sua satisfa\u00e7\u00e3o. Obrigado pela vossa compreens\u00e3o.<\/p>\n<p>Aconselhamo-lo a consultar o seu m\u00e9dico, que poder\u00e1 aconselh\u00e1-lo sobre o melhor uso para a sua CDB.<\/p>","protected":false},"excerpt":{"rendered":"<p>ALERTE P\u00c9PITE ! Ce Cherry Cream Hash CBD est notre nouvelle addition \u00e0 notre catalogue d\u00e9j\u00e0 bien fourni de hashs. Une texture magnifique, une odeur florale et sucr\u00e9e, et surtout un taux de CBD \u00e9lev\u00e9, il ravira nos amateurs de bonnes r\u00e9sines avec effets relaxants.<\/p>\n<p>Alors, avis \u00e0 tous nos aficionados des meilleurs hashs, ce hash est tout simplement ce qui se rapproche le plus du \u00ab\u00a0vrai\u00a0\u00bb, mais sans les effets psychotropes. Une vraie trouvaille qui vous plaira sans aucun doute !<\/p>\n<ul>\n<li>Provenance : R\u00e9gion du RIF, Maroc<\/li>\n<li>Efeitos: relaxante<\/li>\n<\/ul>\n<table style=\"border-collapse: collapse; width: 192px; height: 205px;\" border=\"1\">\n<tbody>\n<tr>\n<td style=\"width: 50%; text-align: center;\"><strong>THC<\/strong><\/td>\n<td style=\"width: 50%; text-align: center;\"><strong>0.26 %<\/strong><\/td>\n<\/tr>\n<tr>\n<td style=\"width: 50%; text-align: center;\"><strong>CDB<\/strong><\/td>\n<td style=\"width: 50%; text-align: center;\"><strong>~ 50 %<\/strong><\/td>\n<\/tr>\n<tr>\n<td style=\"width: 50%; text-align: center;\"><b>CBG<\/b><\/td>\n<td style=\"width: 50%; text-align: center;\"><strong>n.d.<\/strong><\/td>\n<\/tr>\n<tr>\n<td style=\"width: 50%; text-align: center;\"><b>Tamisage<\/b><\/td>\n<td style=\"width: 50%; text-align: center;\"><strong>120 microns<\/strong><\/td>\n<\/tr>\n<\/tbody>\n<\/table>\n<p>&nbsp;<\/p>","protected":false},"featured_media":20998,"comment_status":"open","ping_status":"closed","template":"","meta":{"inline_featured_image":false},"product_brand":[75],"product_cat":[59],"product_tag":[244,230],"class_list":{"0":"post-20999","1":"product","2":"type-product","3":"status-publish","4":"has-post-thumbnail","6":"product_brand-la-verte","7":"product_cat-pollens","8":"product_tag-hash","9":"product_tag-resines","11":"first","12":"instock","13":"taxable","14":"shipping-taxable","15":"purchasable","16":"product-type-variable"},"jetpack_sharing_enabled":true,"_links":{"self":[{"href":"https:\/\/laverteshop.fr\/pt\/wp-json\/wp\/v2\/product\/20999","targetHints":{"allow":["GET"]}}],"collection":[{"href":"https:\/\/laverteshop.fr\/pt\/wp-json\/wp\/v2\/product"}],"about":[{"href":"https:\/\/laverteshop.fr\/pt\/wp-json\/wp\/v2\/types\/product"}],"replies":[{"embeddable":true,"href":"https:\/\/laverteshop.fr\/pt\/wp-json\/wp\/v2\/comments?post=20999"}],"wp:featuredmedia":[{"embeddable":true,"href":"https:\/\/laverteshop.fr\/pt\/wp-json\/wp\/v2\/media\/20998"}],"wp:attachment":[{"href":"https:\/\/laverteshop.fr\/pt\/wp-json\/wp\/v2\/media?parent=20999"}],"wp:term":[{"taxonomy":"product_brand","embeddable":true,"href":"https:\/\/laverteshop.fr\/pt\/wp-json\/wp\/v2\/product_brand?post=20999"},{"taxonomy":"product_cat","embeddable":true,"href":"https:\/\/laverteshop.fr\/pt\/wp-json\/wp\/v2\/product_cat?post=20999"},{"taxonomy":"product_tag","embeddable":true,"href":"https:\/\/laverteshop.fr\/pt\/wp-json\/wp\/v2\/product_tag?post=20999"}],"curies":[{"name":"wp","href":"https:\/\/api.w.org\/{rel}","templated":true}]}}