{"id":20290,"date":"2025-09-02T16:31:38","date_gmt":"2025-09-02T14:31:38","guid":{"rendered":"https:\/\/laverteshop.fr\/?post_type=product&#038;p=20290"},"modified":"2026-04-15T12:46:27","modified_gmt":"2026-04-15T10:46:27","slug":"purple-punch-gh-small-buds","status":"publish","type":"product","link":"https:\/\/laverteshop.fr\/pt\/produto\/purple-punch-gh-small-buds\/","title":{"rendered":"Purple Punch GH small buds"},"content":{"rendered":"<p>Nouveaut\u00e9 dans notre section de small buds et popcorn ! Et \u00e0 un prix d\u00e9fiant toute concurrence !<\/p>\n<p>La Purple Punch GH small buds provient directement de l&rsquo;originale Purple Kush, mais pr\u00e9sent\u00e9e en small buds. Fleur tr\u00e8s odorante, avec de jolis reflets violets, typique de cette vari\u00e9t\u00e9. Son taux de CBD est de 18%, elle vous assurera donc une d\u00e9tente non n\u00e9gligeable. Cette Purple Punch a \u00e9t\u00e9 cultiv\u00e9e sous serre dans le canton de Berne, ou les temp\u00e9ratures sont propices \u00e0 la culture, et l&rsquo;air n&rsquo;est ni trop humide, ni trop sec.<\/p>\n<p>Ce produit va devenir votre must en r\u00e9f\u00e9rence de small buds pas ch\u00e8res (D\u00e8s 1.2 \u20ac \/ gramme), alors venez en profiter !<\/p>\n<p>Os nossos produtos s\u00e3o de qualidade su\u00ed\u00e7a certificada pela CBD. O mais importante para n\u00f3s \u00e9 poder fornecer-lhe flores e resinas de excelente valor, a pre\u00e7os acess\u00edveis e aceit\u00e1veis, e dentro dos n\u00edveis permitidos pelo CJEU (&lt;0,3% THC).<\/p>\n<p>O que voc\u00ea pode fazer com esses produtos? Infus\u00f5es relaxantes, para melhorar o seu sono, potpourri para impregnar a sua casa com um aroma natural, ou pode us\u00e1-las na sua comida se desejar (saladas, molhos, condimentos).<\/p>\n<p>Aconselhamo-lo a consultar o seu m\u00e9dico, que poder\u00e1 aconselh\u00e1-lo sobre o melhor uso para a sua CDB.<\/p>","protected":false},"excerpt":{"rendered":"<p>Nouveaut\u00e9 dans notre section de small buds et popcorn ! Et \u00e0 un prix d\u00e9fiant toute concurrence !<\/p>\n<p>La Purple Punch GH small buds provient directement de l&rsquo;originale Purple Kush, mais pr\u00e9sent\u00e9e en small buds.<\/p>\n<p>Fleur tr\u00e8s odorante, avec de jolis reflets violets, typique de cette vari\u00e9t\u00e9. Vous serez agr\u00e9ablement surpris par son terp\u00e8ne haze lors de l&rsquo;ouverture du sachet. A consommer \u00e0 tout moment de la journ\u00e9e, car c&rsquo;est une fleur qui n&rsquo;est pas trop forte, et tr\u00e8s simple \u00e0 consommer.<\/p>\n<table style=\"border-collapse: collapse; width: 192px; height: 205px;\" border=\"1\">\n<tbody>\n<tr>\n<td style=\"width: 50%; text-align: center;\"><strong>THC<\/strong><\/td>\n<td style=\"width: 50%; text-align: center;\"><strong>0.22 %<\/strong><\/td>\n<\/tr>\n<tr>\n<td style=\"width: 50%; text-align: center;\"><b>CDB<\/b><\/td>\n<td style=\"width: 50%; text-align: center;\"><strong>18 %<\/strong><\/td>\n<\/tr>\n<tr>\n<td style=\"width: 50%; text-align: center;\"><b>CBG<\/b><\/td>\n<td style=\"width: 50%; text-align: center;\"><strong>n.d.<\/strong><\/td>\n<\/tr>\n<tr>\n<td style=\"width: 50%; text-align: center;\"><b>Cultura<\/b><\/td>\n<td style=\"width: 50%; text-align: center;\"><strong>Estufa<\/strong><\/td>\n<\/tr>\n<\/tbody>\n<\/table>","protected":false},"featured_media":20296,"comment_status":"open","ping_status":"closed","template":"","meta":{"inline_featured_image":false},"product_brand":[75],"product_cat":[58,255,258],"product_tag":[220,298],"class_list":{"0":"post-20290","1":"product","2":"type-product","3":"status-publish","4":"has-post-thumbnail","6":"product_brand-la-verte","7":"product_cat-fleurs","8":"product_cat-greenhouse","9":"product_cat-trim-minibuds-cbd","10":"product_tag-fleurs-cbd","11":"product_tag-fleurs-greenhouse","13":"first","14":"instock","15":"taxable","16":"shipping-taxable","17":"purchasable","18":"product-type-variable"},"jetpack_sharing_enabled":true,"_links":{"self":[{"href":"https:\/\/laverteshop.fr\/pt\/wp-json\/wp\/v2\/product\/20290","targetHints":{"allow":["GET"]}}],"collection":[{"href":"https:\/\/laverteshop.fr\/pt\/wp-json\/wp\/v2\/product"}],"about":[{"href":"https:\/\/laverteshop.fr\/pt\/wp-json\/wp\/v2\/types\/product"}],"replies":[{"embeddable":true,"href":"https:\/\/laverteshop.fr\/pt\/wp-json\/wp\/v2\/comments?post=20290"}],"wp:featuredmedia":[{"embeddable":true,"href":"https:\/\/laverteshop.fr\/pt\/wp-json\/wp\/v2\/media\/20296"}],"wp:attachment":[{"href":"https:\/\/laverteshop.fr\/pt\/wp-json\/wp\/v2\/media?parent=20290"}],"wp:term":[{"taxonomy":"product_brand","embeddable":true,"href":"https:\/\/laverteshop.fr\/pt\/wp-json\/wp\/v2\/product_brand?post=20290"},{"taxonomy":"product_cat","embeddable":true,"href":"https:\/\/laverteshop.fr\/pt\/wp-json\/wp\/v2\/product_cat?post=20290"},{"taxonomy":"product_tag","embeddable":true,"href":"https:\/\/laverteshop.fr\/pt\/wp-json\/wp\/v2\/product_tag?post=20290"}],"curies":[{"name":"wp","href":"https:\/\/api.w.org\/{rel}","templated":true}]}}