{"id":19193,"date":"2025-01-17T15:49:17","date_gmt":"2025-01-17T14:49:17","guid":{"rendered":"https:\/\/laverteshop.fr\/?post_type=product&#038;p=19193"},"modified":"2025-12-29T22:05:17","modified_gmt":"2025-12-29T21:05:17","slug":"kiss-indoor-cbd","status":"publish","type":"product","link":"https:\/\/laverteshop.fr\/pt\/produto\/kiss-indoor-cbd\/","title":{"rendered":"Kiss Indoor CBD"},"content":{"rendered":"<p>Alerte nouveaut\u00e9 ! Top indoor qui vient s&rsquo;ajouter \u00e0 notre catalogue<\/p>\n<p>La Kiss indoor CBD est une magnifique fleur pr\u00e9sent\u00e9e sous forme de grosse t\u00eates compactes, et aux odeurs fruit\u00e9es bien pr\u00e9sentes. la Kiss se rapproche d&rsquo;une vari\u00e9t\u00e9 type Gelato, elle est donc l\u00e9g\u00e8rement sucr\u00e9e. Une couleur claire, et de jolis trichomes qui ressortent.<\/p>\n<p>Com um teor de CBD de 18%, \u00e9 certo que te vai relaxar.<\/p>\n<p>Os nossos produtos s\u00e3o de qualidade su\u00ed\u00e7a certificada pela CBD. O mais importante para n\u00f3s \u00e9 poder fornecer-lhe flores e resinas de excelente valor, a pre\u00e7os acess\u00edveis e aceit\u00e1veis, e dentro dos n\u00edveis permitidos pelo CJEU (&lt;0,3% THC).<\/p>\n<p>O que voc\u00ea pode fazer com esses produtos? Infus\u00f5es relaxantes, para melhorar o seu sono, potpourri para impregnar a sua casa com um aroma natural, ou pode us\u00e1-las na sua comida se desejar (saladas, molhos, condimentos).<\/p>\n<p>Aconselhamo-lo a consultar o seu m\u00e9dico, que poder\u00e1 aconselh\u00e1-lo sobre o melhor uso para a sua CDB.<\/p>","protected":false},"excerpt":{"rendered":"<p>Alerta de novidade de qualidade superior! Se gosta de flores de interior com car\u00e1cter, vai adorar a Kiss indoor. Cultivada no interior, todas as condi\u00e7\u00f5es s\u00e3o adequadas para uma excelente flor (luz, humidade, temperatura).<\/p>\n<p>Elle est grosse, compacte, et des couleur claire. Lors de l&rsquo;ouverture du sachet, des notes sucr\u00e9es et fruit\u00e9es vous raviront.<\/p>\n<p>E se gostou dos nossos \u00faltimos lan\u00e7amentos, ver\u00e1 que a qualidade se mant\u00e9m! Um produto a n\u00e3o perder!<\/p>\n<table style=\"border-collapse: collapse; width: 192px; height: 205px;\" border=\"1\">\n<tbody>\n<tr>\n<td style=\"width: 50%; text-align: center;\"><strong>THC<\/strong><\/td>\n<td style=\"width: 50%; text-align: center;\"><strong>0.24 %<\/strong><\/td>\n<\/tr>\n<tr>\n<td style=\"width: 50%; text-align: center;\"><b>CDB<\/b><\/td>\n<td style=\"width: 50%; text-align: center;\"><strong>18 %<\/strong><\/td>\n<\/tr>\n<tr>\n<td style=\"width: 50%; text-align: center;\"><b>CBG<\/b><\/td>\n<td style=\"width: 50%; text-align: center;\"><strong>n.d.<\/strong><\/td>\n<\/tr>\n<tr>\n<td style=\"width: 50%; text-align: center;\"><b>Cultura<\/b><\/td>\n<td style=\"width: 50%; text-align: center;\"><strong>Indoor<\/strong><\/td>\n<\/tr>\n<\/tbody>\n<\/table>","protected":false},"featured_media":19197,"comment_status":"open","ping_status":"closed","template":"","meta":{"inline_featured_image":false},"product_brand":[75],"product_cat":[58,253],"product_tag":[220,299],"class_list":{"0":"post-19193","1":"product","2":"type-product","3":"status-publish","4":"has-post-thumbnail","6":"product_brand-la-verte","7":"product_cat-fleurs","8":"product_cat-indoor","9":"product_tag-fleurs-cbd","10":"product_tag-fleurs-indoor","12":"first","13":"instock","14":"taxable","15":"shipping-taxable","16":"purchasable","17":"product-type-variable"},"jetpack_sharing_enabled":true,"_links":{"self":[{"href":"https:\/\/laverteshop.fr\/pt\/wp-json\/wp\/v2\/product\/19193","targetHints":{"allow":["GET"]}}],"collection":[{"href":"https:\/\/laverteshop.fr\/pt\/wp-json\/wp\/v2\/product"}],"about":[{"href":"https:\/\/laverteshop.fr\/pt\/wp-json\/wp\/v2\/types\/product"}],"replies":[{"embeddable":true,"href":"https:\/\/laverteshop.fr\/pt\/wp-json\/wp\/v2\/comments?post=19193"}],"wp:featuredmedia":[{"embeddable":true,"href":"https:\/\/laverteshop.fr\/pt\/wp-json\/wp\/v2\/media\/19197"}],"wp:attachment":[{"href":"https:\/\/laverteshop.fr\/pt\/wp-json\/wp\/v2\/media?parent=19193"}],"wp:term":[{"taxonomy":"product_brand","embeddable":true,"href":"https:\/\/laverteshop.fr\/pt\/wp-json\/wp\/v2\/product_brand?post=19193"},{"taxonomy":"product_cat","embeddable":true,"href":"https:\/\/laverteshop.fr\/pt\/wp-json\/wp\/v2\/product_cat?post=19193"},{"taxonomy":"product_tag","embeddable":true,"href":"https:\/\/laverteshop.fr\/pt\/wp-json\/wp\/v2\/product_tag?post=19193"}],"curies":[{"name":"wp","href":"https:\/\/api.w.org\/{rel}","templated":true}]}}