{"id":18961,"date":"2024-10-31T16:30:40","date_gmt":"2024-10-31T15:30:40","guid":{"rendered":"https:\/\/laverteshop.fr\/?post_type=product&#038;p=18961"},"modified":"2026-03-13T13:56:37","modified_gmt":"2026-03-13T12:56:37","slug":"libanais-purple-hash","status":"publish","type":"product","link":"https:\/\/laverteshop.fr\/pt\/produto\/libanais-purple-hash\/","title":{"rendered":"Purple Hash liban\u00eas"},"content":{"rendered":"<p>Alerta de novo produto!<\/p>\n<p>Ce Libanais Purple Hash est une vraie petite merveille. Comme l&rsquo;indique son nom, il a une belle couleur violette, qui provient des fleurs utilis\u00e9es pour faire le pollen. En effet, ce sont des fleurs de vari\u00e9t\u00e9 Purple Haze cultiv\u00e9es en indoor, et ensuite cryog\u00e9nis\u00e9es pour accentuer le cot\u00e9 purple. Il en ressort un hash tr\u00e8s joli, l\u00e9g\u00e8rement huileux, tr\u00e8s facile d&rsquo;utilisation. Des notes fruit\u00e9es et sucr\u00e9es se distingueront lors de la combustion.<\/p>\n<p>C&rsquo;est un hash CBD relativement puissant et apaisant, avec son taux de CBD \u00e0 28%. Il est donc recommand\u00e9 de l&rsquo;utiliser plut\u00f4t en fin de journ\u00e9e, et bien entendu d\u00e9conseill\u00e9 avant la conduite.<\/p>\n<p>O mais importante para n\u00f3s \u00e9 que podemos fornecer-lhe flores e resinas de excelente valor a pre\u00e7os acess\u00edveis e aceit\u00e1veis, e dentro dos n\u00edveis permitidos pelo TJUE (&lt;0,3% THC).<\/p>\n<p>O que voc\u00ea pode fazer com esses produtos? Infus\u00f5es relaxantes, para melhorar o seu sono, potpourri para impregnar a sua casa com um aroma natural, ou pode us\u00e1-las na sua comida se desejar (saladas, molhos, condimentos).<\/p>\n<p>Aconselhamo-lo a consultar o seu m\u00e9dico, que poder\u00e1 aconselh\u00e1-lo sobre o melhor uso para a sua CDB.<\/p>\n<p><strong>NOTA IMPORTANTE:<\/strong> Nos r\u00e9sines et hash sont pr\u00e9par\u00e9s dans des laboratoires certifi\u00e9s, avec des proc\u00e9d\u00e9s et techniques qui appartiennent seulement aux producteurs avec qui nous travaillons. La texture et l&rsquo;odeur des produits peuvent donc changer d&rsquo;une r\u00e9colte \u00e0 une autre, d\u00e9pendant aussi de la fleur utilis\u00e9e. Si vous avez un probl\u00e8me avec un produit, contactez nous \u00e0 <a href=\"mailto:contact@laverteshop.fr\">contact@laverteshop.fr<\/a> e encontraremos uma solu\u00e7\u00e3o para a sua satisfa\u00e7\u00e3o. Obrigado pela vossa compreens\u00e3o.<\/p>","protected":false},"excerpt":{"rendered":"<p>Alerta de novo produto! O Lebanese Purple Hash \u00e9 uma resina magn\u00edfica feita a partir de flores de Purple Haze de interior, depois tratada criogenicamente para real\u00e7ar a cor p\u00farpura radiante que distingue este haxixe de qualidade.<\/p>\n<p>Des notes sucr\u00e9es et \u00e9pic\u00e9es pour un hash qui s&rsquo;utilise facilement, se chauffe sans coller.<\/p>\n<p>Un taux de CBD relativement \u00e9lev\u00e9 de 28%, qui le rend apaisant. Conseil d&rsquo;utilisation: \u00e0 consommer le soir.<\/p>\n<ul>\n<li>Proveni\u00eancia: Flores de interior da Swiss Purple Haze<\/li>\n<li>Efeitos: calmante<\/li>\n<\/ul>\n<table style=\"border-collapse: collapse; width: 192px; height: 205px;\" border=\"1\">\n<tbody>\n<tr>\n<td style=\"width: 50%; text-align: center;\"><strong>THC<\/strong><\/td>\n<td style=\"width: 50%; text-align: center;\"><strong>0.3 %<\/strong><\/td>\n<\/tr>\n<tr>\n<td style=\"width: 50%; text-align: center;\"><strong>CDB<\/strong><\/td>\n<td style=\"width: 50%; text-align: center;\"><strong>28 %<\/strong><\/td>\n<\/tr>\n<tr>\n<td style=\"width: 50%; text-align: center;\"><b>CBG<\/b><\/td>\n<td style=\"width: 50%; text-align: center;\"><strong>5 %<\/strong><\/td>\n<\/tr>\n<tr>\n<td style=\"width: 50%; text-align: center;\"><b>Cultura<\/b><\/td>\n<td style=\"width: 50%; text-align: center;\"><strong>Indoor<\/strong><\/td>\n<\/tr>\n<\/tbody>\n<\/table>\n<p>&nbsp;<\/p>","protected":false},"featured_media":18965,"comment_status":"open","ping_status":"closed","template":"","meta":{"inline_featured_image":false},"product_brand":[75],"product_cat":[59],"product_tag":[244,230],"class_list":{"0":"post-18961","1":"product","2":"type-product","3":"status-publish","4":"has-post-thumbnail","6":"product_brand-la-verte","7":"product_cat-pollens","8":"product_tag-hash","9":"product_tag-resines","11":"first","12":"instock","13":"taxable","14":"shipping-taxable","15":"purchasable","16":"product-type-variable"},"jetpack_sharing_enabled":true,"_links":{"self":[{"href":"https:\/\/laverteshop.fr\/pt\/wp-json\/wp\/v2\/product\/18961","targetHints":{"allow":["GET"]}}],"collection":[{"href":"https:\/\/laverteshop.fr\/pt\/wp-json\/wp\/v2\/product"}],"about":[{"href":"https:\/\/laverteshop.fr\/pt\/wp-json\/wp\/v2\/types\/product"}],"replies":[{"embeddable":true,"href":"https:\/\/laverteshop.fr\/pt\/wp-json\/wp\/v2\/comments?post=18961"}],"wp:featuredmedia":[{"embeddable":true,"href":"https:\/\/laverteshop.fr\/pt\/wp-json\/wp\/v2\/media\/18965"}],"wp:attachment":[{"href":"https:\/\/laverteshop.fr\/pt\/wp-json\/wp\/v2\/media?parent=18961"}],"wp:term":[{"taxonomy":"product_brand","embeddable":true,"href":"https:\/\/laverteshop.fr\/pt\/wp-json\/wp\/v2\/product_brand?post=18961"},{"taxonomy":"product_cat","embeddable":true,"href":"https:\/\/laverteshop.fr\/pt\/wp-json\/wp\/v2\/product_cat?post=18961"},{"taxonomy":"product_tag","embeddable":true,"href":"https:\/\/laverteshop.fr\/pt\/wp-json\/wp\/v2\/product_tag?post=18961"}],"curies":[{"name":"wp","href":"https:\/\/api.w.org\/{rel}","templated":true}]}}